{"id":16364,"date":"2025-09-16T16:25:26","date_gmt":"2025-09-16T14:25:26","guid":{"rendered":"https:\/\/boreait.com\/fr\/?post_type=product&#038;p=16364"},"modified":"2025-09-16T16:25:42","modified_gmt":"2025-09-16T14:25:42","slug":"ecran-lcd-ips-fhd-14-n140hca-eac-mat-30-broches-non-tactile-double-face-neuf","status":"publish","type":"product","link":"https:\/\/boreait.com\/fr\/produit\/ecran-lcd-ips-fhd-14-n140hca-eac-mat-30-broches-non-tactile-double-face-neuf\/","title":{"rendered":"\u00c9cran LCD IPS FHD 14&Prime; N140HCA-EAC, mat, 30 broches, non tactile, double face &#8211; Neuf"},"content":{"rendered":"<p>Mod\u00e8le d&rsquo;\u00e9cran LCD actuel\u00a0: N140HCA-ELK REV C.2 \u2013 ENTI\u00c8REMENT COMPATIBLE AVEC L&rsquo;\u00c9CRAN D&rsquo;ORDINATEUR PORTABLE N140HCG-GQ2 Rev.B1N140HCA-EAC<\/p>\n<p>Am\u00e9liorez votre appareil avec l&rsquo;\u00e9cran LCD N140HCA-EAC, con\u00e7u pour une clart\u00e9 et une durabilit\u00e9 exceptionnelles. Cet \u00e9cran Full HD de 14 pouces offre une r\u00e9solution de 1920 x 1080, offrant des images nettes et \u00e9clatantes sur une dalle IPS mate, id\u00e9ale pour un usage professionnel comme personnel. La version non tactile garantit des performances fiables pour une vari\u00e9t\u00e9 d&rsquo;applications. Son connecteur 30 broches assure une compatibilit\u00e9 optimale avec de nombreux ordinateurs portables. De plus, l&rsquo;\u00e9cran est livr\u00e9 sans supports sup\u00e9rieur et inf\u00e9rieur, ce qui facilite son int\u00e9gration \u00e0 votre configuration existante. Un ruban adh\u00e9sif double face est inclus pour une installation facile et une fixation s\u00fbre \u00e0 votre appareil. Avec son \u00e9tat neuf, le N140HCA-EAC offre un remplacement ou une mise \u00e0 niveau parfait pour votre ordinateur portable, am\u00e9liorant votre exp\u00e9rience visuelle avec une pr\u00e9cision des couleurs \u00e9poustouflante et une r\u00e9duction de l&rsquo;\u00e9blouissement.<\/p>\n","protected":false},"excerpt":{"rendered":"<p>Am\u00e9liorez votre ordinateur portable avec l&rsquo;\u00e9cran LCD IPS Full HD 14&Prime; N140HCA-EAC. Non tactile, 30 broches, mat et adh\u00e9sif double face inclus. \u00c9tat neuf.<\/p>\n","protected":false},"featured_media":15565,"template":"","meta":[],"product_brand":[],"product_cat":[98,95],"product_tag":[],"class_list":{"0":"post-16364","1":"product","2":"type-product","3":"status-publish","4":"has-post-thumbnail","6":"product_cat-14-new-laptop-screens-lcd-panels","7":"product_cat-new-laptop-screens-lcd-panels","9":"first","10":"instock","11":"taxable","12":"shipping-taxable","13":"purchasable","14":"product-type-simple"},"_links":{"self":[{"href":"https:\/\/boreait.com\/fr\/wp-json\/wp\/v2\/product\/16364","targetHints":{"allow":["GET"]}}],"collection":[{"href":"https:\/\/boreait.com\/fr\/wp-json\/wp\/v2\/product"}],"about":[{"href":"https:\/\/boreait.com\/fr\/wp-json\/wp\/v2\/types\/product"}],"wp:featuredmedia":[{"embeddable":true,"href":"https:\/\/boreait.com\/fr\/wp-json\/wp\/v2\/media\/15565"}],"wp:attachment":[{"href":"https:\/\/boreait.com\/fr\/wp-json\/wp\/v2\/media?parent=16364"}],"wp:term":[{"taxonomy":"product_brand","embeddable":true,"href":"https:\/\/boreait.com\/fr\/wp-json\/wp\/v2\/product_brand?post=16364"},{"taxonomy":"product_cat","embeddable":true,"href":"https:\/\/boreait.com\/fr\/wp-json\/wp\/v2\/product_cat?post=16364"},{"taxonomy":"product_tag","embeddable":true,"href":"https:\/\/boreait.com\/fr\/wp-json\/wp\/v2\/product_tag?post=16364"}],"curies":[{"name":"wp","href":"https:\/\/api.w.org\/{rel}","templated":true}]}}