{"id":16360,"date":"2025-09-16T16:25:25","date_gmt":"2025-09-16T14:25:25","guid":{"rendered":"https:\/\/boreait.com\/fr\/?post_type=product&#038;p=16360"},"modified":"2025-09-16T16:25:40","modified_gmt":"2025-09-16T14:25:40","slug":"ecran-lcd-14-fhd-1920-x-1080-ips-mat-non-tactile-n140hca-eac-rev-b1-neuf","status":"publish","type":"product","link":"https:\/\/boreait.com\/fr\/produit\/ecran-lcd-14-fhd-1920-x-1080-ips-mat-non-tactile-n140hca-eac-rev-b1-neuf\/","title":{"rendered":"\u00c9cran LCD 14&Prime; FHD 1920 x 1080 IPS mat non tactile N140HCA-EAC Rev.B1, neuf"},"content":{"rendered":"<p>Mod\u00e8le d&rsquo;\u00e9cran LCD actuel\u00a0: N140HCA-ELK REV C.2 \u2013 ENTI\u00c8REMENT COMPATIBLE AVEC L&rsquo;\u00c9CRAN D&rsquo;ORDINATEUR PORTABLE N140HCA-EAC Rev.B1 C1 C2 C4 C5 C6<\/p>\n<p>Am\u00e9liorez l&rsquo;\u00e9cran de votre ordinateur portable avec l&rsquo;\u00e9cran LCD N140HCA-EAC Rev.B1. Cet \u00e9cran 14 pouces Full HD (1920 x 1080) est dot\u00e9 de la technologie IPS, offrant des couleurs \u00e9clatantes et de larges angles de vision. Sa finition mate r\u00e9duit les reflets et offre un confort visuel optimal, m\u00eame dans des environnements bien \u00e9clair\u00e9s. Dot\u00e9 d&rsquo;un connecteur 30 broches, cet \u00e9cran est con\u00e7u pour diff\u00e9rents mod\u00e8les d&rsquo;ordinateurs portables et est compatible avec plusieurs r\u00e9visions (C1, C2, C4, C5, C6). Non tactile, il est fourni avec un ruban adh\u00e9sif double face pour une installation facile, ce qui en fait le remplacement id\u00e9al pour votre \u00e9cran endommag\u00e9 ou obsol\u00e8te. Veuillez noter que cet \u00e9cran n&rsquo;inclut pas les supports sup\u00e9rieur et inf\u00e9rieur. \u00c9tat : Neuf.<\/p>\n","protected":false},"excerpt":{"rendered":"<p>L&rsquo;\u00e9cran LCD N140HCA-EAC Rev.B1 de 14 pouces Full HD (1920 x 1080) est dot\u00e9 de la technologie IPS, d&rsquo;une finition mate et d&rsquo;un connecteur 30 broches. Il est fourni avec un ruban adh\u00e9sif double-face et compatible avec plusieurs versions d&rsquo;ordinateurs portables. Version non tactile, sans supports sup\u00e9rieur et inf\u00e9rieur. \u00c9tat neuf.<\/p>\n","protected":false},"featured_media":15565,"template":"","meta":[],"product_brand":[],"product_cat":[98,95],"product_tag":[],"class_list":{"0":"post-16360","1":"product","2":"type-product","3":"status-publish","4":"has-post-thumbnail","6":"product_cat-14-new-laptop-screens-lcd-panels","7":"product_cat-new-laptop-screens-lcd-panels","9":"first","10":"instock","11":"taxable","12":"shipping-taxable","13":"purchasable","14":"product-type-simple"},"_links":{"self":[{"href":"https:\/\/boreait.com\/fr\/wp-json\/wp\/v2\/product\/16360","targetHints":{"allow":["GET"]}}],"collection":[{"href":"https:\/\/boreait.com\/fr\/wp-json\/wp\/v2\/product"}],"about":[{"href":"https:\/\/boreait.com\/fr\/wp-json\/wp\/v2\/types\/product"}],"wp:featuredmedia":[{"embeddable":true,"href":"https:\/\/boreait.com\/fr\/wp-json\/wp\/v2\/media\/15565"}],"wp:attachment":[{"href":"https:\/\/boreait.com\/fr\/wp-json\/wp\/v2\/media?parent=16360"}],"wp:term":[{"taxonomy":"product_brand","embeddable":true,"href":"https:\/\/boreait.com\/fr\/wp-json\/wp\/v2\/product_brand?post=16360"},{"taxonomy":"product_cat","embeddable":true,"href":"https:\/\/boreait.com\/fr\/wp-json\/wp\/v2\/product_cat?post=16360"},{"taxonomy":"product_tag","embeddable":true,"href":"https:\/\/boreait.com\/fr\/wp-json\/wp\/v2\/product_tag?post=16360"}],"curies":[{"name":"wp","href":"https:\/\/api.w.org\/{rel}","templated":true}]}}