{"id":16357,"date":"2025-09-16T16:25:25","date_gmt":"2025-09-16T14:25:25","guid":{"rendered":"https:\/\/boreait.com\/fr\/?post_type=product&#038;p=16357"},"modified":"2025-09-16T16:25:38","modified_gmt":"2025-09-16T14:25:38","slug":"ecran-lcd-pour-hp-omen-16-b-b1-b1xxx-b1000-series-161-fhd-144-hz-mat-40-broches-non-tactile","status":"publish","type":"product","link":"https:\/\/boreait.com\/fr\/produit\/ecran-lcd-pour-hp-omen-16-b-b1-b1xxx-b1000-series-161-fhd-144-hz-mat-40-broches-non-tactile\/","title":{"rendered":"\u00c9cran LCD pour HP OMEN 16 B \/ B1 \/ b1xxx \/ b1000 Series 16,1&Prime; FHD 144 Hz Mat 40 broches Non tactile"},"content":{"rendered":"<p>Mod\u00e8le d&rsquo;\u00e9cran LCD\u00a0: N161hma-gak REV. C3 ou n161hca-ga1 REV. C.1 \u2013 ENTI\u00c8REMENT COMPATIBLE AVEC LES \u00c9CRANS D&rsquo;ORDINATEUR PORTABLE HP OMEN 16 B \/ B1 \/ b1xxx \/ b1000.<\/p>\n<p>Mettez \u00e0 niveau ou remplacez l&rsquo;\u00e9cran de votre ordinateur portable HP OMEN 16-B\/B1 avec ce tout nouveau panneau LCD de haute qualit\u00e9. Con\u00e7u sp\u00e9cifiquement pour les mod\u00e8les 16-b1009ns, 16-b1012ci, 16-b1022ns, 16-b1001la et bien d&rsquo;autres, cet \u00e9cran garantit compatibilit\u00e9 et performances optimales. Ses principales caract\u00e9ristiques incluent un \u00e9cran Full HD de 16,1 pouces avec un taux de rafra\u00eechissement de 144 Hz, offrant des images nettes et des transitions fluides, id\u00e9al pour les jeux ou le multim\u00e9dia. La finition mate r\u00e9duit les reflets pour un confort visuel optimal dans diverses conditions d&rsquo;\u00e9clairage, et la luminosit\u00e9 de 250 nits offre des couleurs vives et des images nettes.<\/p>\n<p>Cet \u00e9cran LCD non tactile est dot\u00e9 d&rsquo;un connecteur 40 broches et d&rsquo;un ruban adh\u00e9sif double-face pour une installation facile. Veuillez noter que les supports sup\u00e9rieur et inf\u00e9rieur ne sont pas inclus. Que vous r\u00e9pariez votre ordinateur portable ou que vous optiez pour un \u00e9cran plus performant, cet \u00e9cran de remplacement offre des performances et une durabilit\u00e9 exceptionnelles.<\/p>\n<p>Compatible avec une large gamme de mod\u00e8les HP OMEN, notamment les mod\u00e8les 16-b1000, 16-b1001la, 16-b1008tx, 16-b1015tx et bien d&rsquo;autres. Assurez un ajustement parfait et restaurez la qualit\u00e9 d&rsquo;affichage de votre ordinateur portable d\u00e8s aujourd&rsquo;hui\u00a0!<\/p>\n<p><strong>Certains mod\u00e8les HP OMEN compatibles Ordinateurs portables\u00a0:\u00a0<\/strong><\/p>\n<p>16-b1000, 16-b1001la, 16-b1001tx, 16-b1002tx, 16-b1003tx, 16-b1004tx, 16-b1005tx, 16-b1006tx, 16-b1007tx, 16-b1008tx, 16-b1009tx, 16-b1009ns, 16-b1010tx, 16-b1011tx, 16-b1012tx, 16-b1012ci, 16-b1013tx, 16-b1014tx, 16-b1015tx, 16-b1016tx, 16-b1017tx, 16-b1018tx, 16-b1019tx, 16-b1020tx, 16-b1021tx, 16-b1022tx, 16-b1022ns, 16-b1023tx, 16-b1024tx, 16-b1025tx, 16-b1026tx, 16-b1030tx, 16-b1031tx, 16-b1032tx, 16-b1033tx, 16-b1075ng, 16-b1077ng, 16-b1090ng, 16-b1350tx, 16-b1351tx, 16-b1360tx, 16-b1361tx, 16-b1370tx, 16-b1371tx, 16-b1778ng<\/p>\n","protected":false},"excerpt":{"rendered":"<p>\u00c9cran LCD 16,1&Prime; neuf pour ordinateurs portables HP OMEN 16-B\/B1. Cet \u00e9cran non tactile offre une r\u00e9solution Full HD, un taux de rafra\u00eechissement de 144 Hz, une finition mate et une luminosit\u00e9 de 250 nits. Livr\u00e9 avec ruban adh\u00e9sif double face, sans supports sup\u00e9rieurs\/inf\u00e9rieurs. Id\u00e9al pour remplacer les \u00e9crans endommag\u00e9s ou d\u00e9fectueux.<\/p>\n","protected":false},"featured_media":15628,"template":"","meta":[],"product_brand":[],"product_cat":[107,95],"product_tag":[61],"class_list":{"0":"post-16357","1":"product","2":"type-product","3":"status-publish","4":"has-post-thumbnail","6":"product_cat-16-1","7":"product_cat-new-laptop-screens-lcd-panels","8":"product_tag-hp","10":"first","11":"instock","12":"taxable","13":"shipping-taxable","14":"purchasable","15":"product-type-simple"},"_links":{"self":[{"href":"https:\/\/boreait.com\/fr\/wp-json\/wp\/v2\/product\/16357","targetHints":{"allow":["GET"]}}],"collection":[{"href":"https:\/\/boreait.com\/fr\/wp-json\/wp\/v2\/product"}],"about":[{"href":"https:\/\/boreait.com\/fr\/wp-json\/wp\/v2\/types\/product"}],"wp:featuredmedia":[{"embeddable":true,"href":"https:\/\/boreait.com\/fr\/wp-json\/wp\/v2\/media\/15628"}],"wp:attachment":[{"href":"https:\/\/boreait.com\/fr\/wp-json\/wp\/v2\/media?parent=16357"}],"wp:term":[{"taxonomy":"product_brand","embeddable":true,"href":"https:\/\/boreait.com\/fr\/wp-json\/wp\/v2\/product_brand?post=16357"},{"taxonomy":"product_cat","embeddable":true,"href":"https:\/\/boreait.com\/fr\/wp-json\/wp\/v2\/product_cat?post=16357"},{"taxonomy":"product_tag","embeddable":true,"href":"https:\/\/boreait.com\/fr\/wp-json\/wp\/v2\/product_tag?post=16357"}],"curies":[{"name":"wp","href":"https:\/\/api.w.org\/{rel}","templated":true}]}}