{"id":16356,"date":"2025-09-16T16:25:25","date_gmt":"2025-09-16T14:25:25","guid":{"rendered":"https:\/\/boreait.com\/fr\/?post_type=product&#038;p=16356"},"modified":"2025-09-16T16:25:36","modified_gmt":"2025-09-16T14:25:36","slug":"ecran-lcd-led-hd-mat-116-n116bge-eb2-30-broches-non-tactile-avec-supports-neuf","status":"publish","type":"product","link":"https:\/\/boreait.com\/fr\/produit\/ecran-lcd-led-hd-mat-116-n116bge-eb2-30-broches-non-tactile-avec-supports-neuf\/","title":{"rendered":"\u00c9cran LCD LED HD mat 11,6&Prime; N116BGE-EB2, 30 broches, non tactile, avec supports, neuf"},"content":{"rendered":"<p>Mod\u00e8le d&rsquo;\u00e9cran LCD actuel\u00a0: MB116AN01-3 ver 1.1 \u2013 ENTI\u00c8REMENT COMPATIBLE AVEC L&rsquo;\u00c9CRAN D&rsquo;ORDINATEUR PORTABLE N116BGE-EB2<\/p>\n<p>Am\u00e9liorez ou r\u00e9parez votre ordinateur portable avec l&rsquo;\u00e9cran LCD N116BGE-EB2, con\u00e7u pour offrir des performances fiables et des images \u00e9clatantes. Cet \u00e9cran large de 11,6\u00a0pouces offre une r\u00e9solution HD de 1\u00a0366\u00a0x\u00a0768 pour des images claires et nettes, id\u00e9ales pour le travail, les \u00e9tudes ou les loisirs. Gr\u00e2ce \u00e0 sa finition mate, profitez d&rsquo;une r\u00e9duction des reflets et de la fatigue oculaire, m\u00eame en cas d&rsquo;utilisation prolong\u00e9e. <\/p>\n<p>Principales caract\u00e9ristiques\u00a0:<\/p>\n<ul>\n<li><strong>\u00c9cran non tactile<\/strong> pour les fonctionnalit\u00e9s d&rsquo;un ordinateur portable traditionnel.<\/li>\n<li><strong>Supports de montage gauche et droit<\/strong> pour une installation facile.<\/li>\n<li><strong>Connexion eDP 30 broches<\/strong>, garantissant la compatibilit\u00e9 avec une large gamme d&rsquo;appareils.<\/li>\n<li><strong>Technologie de r\u00e9tro\u00e9clairage LED<\/strong> pour une efficacit\u00e9 \u00e9nerg\u00e9tique optimale et une autonomie prolong\u00e9e.<\/li>\n<li><strong>Dalle non IPS<\/strong>, offrant de bonnes performances pour les t\u00e2ches quotidiennes.<\/li>\n<\/ul>\n<p>Cet \u00e9cran est <strong>neuf<\/strong>, gage de qualit\u00e9 et de durabilit\u00e9. Que vous ayez besoin d&rsquo;un \u00e9cran de remplacement ou d&rsquo;une mise \u00e0 niveau fiable, le N116BGE-EB2 est le choix id\u00e9al.<\/p>\n<p>Pour obtenir de l&rsquo;aide afin de v\u00e9rifier la compatibilit\u00e9 avec votre ordinateur portable, contactez-nous\u00a0; nous serons ravis de vous aider\u00a0!<\/p>\n","protected":false},"excerpt":{"rendered":"<p>Am\u00e9liorez l&rsquo;affichage de votre ordinateur portable avec l&rsquo;\u00e9cran LCD N116BGE-EB2\u00a0: 11,6\u00a0pouces, mat, HD, eDP 30\u00a0broches, LED et non tactile. Neuf et fiable, il est \u00e9quip\u00e9 de supports faciles \u00e0 installer.<\/p>\n","protected":false},"featured_media":16285,"template":"","meta":[],"product_brand":[],"product_cat":[109,95],"product_tag":[],"class_list":{"0":"post-16356","1":"product","2":"type-product","3":"status-publish","4":"has-post-thumbnail","6":"product_cat-11-6-new-laptop-screens-lcd-panels","7":"product_cat-new-laptop-screens-lcd-panels","9":"first","10":"instock","11":"taxable","12":"shipping-taxable","13":"purchasable","14":"product-type-simple"},"_links":{"self":[{"href":"https:\/\/boreait.com\/fr\/wp-json\/wp\/v2\/product\/16356","targetHints":{"allow":["GET"]}}],"collection":[{"href":"https:\/\/boreait.com\/fr\/wp-json\/wp\/v2\/product"}],"about":[{"href":"https:\/\/boreait.com\/fr\/wp-json\/wp\/v2\/types\/product"}],"wp:featuredmedia":[{"embeddable":true,"href":"https:\/\/boreait.com\/fr\/wp-json\/wp\/v2\/media\/16285"}],"wp:attachment":[{"href":"https:\/\/boreait.com\/fr\/wp-json\/wp\/v2\/media?parent=16356"}],"wp:term":[{"taxonomy":"product_brand","embeddable":true,"href":"https:\/\/boreait.com\/fr\/wp-json\/wp\/v2\/product_brand?post=16356"},{"taxonomy":"product_cat","embeddable":true,"href":"https:\/\/boreait.com\/fr\/wp-json\/wp\/v2\/product_cat?post=16356"},{"taxonomy":"product_tag","embeddable":true,"href":"https:\/\/boreait.com\/fr\/wp-json\/wp\/v2\/product_tag?post=16356"}],"curies":[{"name":"wp","href":"https:\/\/api.w.org\/{rel}","templated":true}]}}