{"id":16354,"date":"2025-09-16T16:25:24","date_gmt":"2025-09-16T14:25:24","guid":{"rendered":"https:\/\/boreait.com\/fr\/?post_type=product&#038;p=16354"},"modified":"2025-10-15T14:12:33","modified_gmt":"2025-10-15T12:12:33","slug":"ecran-lcd-156-mat-fhd-ips-edp-30-broches-non-tactile-pour-hp-elitebook-850-g5-g6","status":"publish","type":"product","link":"https:\/\/boreait.com\/fr\/produit\/ecran-lcd-156-mat-fhd-ips-edp-30-broches-non-tactile-pour-hp-elitebook-850-g5-g6\/","title":{"rendered":"\u00c9cran LCD 15,6&Prime; mat FHD IPS eDP 30 broches non tactile pour HP EliteBook 850 G5\/G6"},"content":{"rendered":"<p>Mod\u00e8le d&rsquo;\u00e9cran LCD actuel\u00a0: B156ZAN03.6 ou N156HCA-EAB Rev C.4 &#8211; enti\u00e8rement compatible avec les ordinateurs portables HP EliteBook 850 G5 \/ 850 G6.<\/p>\n<p>Mettez \u00e0 niveau votre ordinateur portable HP EliteBook 850 G5 \/ 850 G6 (non tactile) avec notre \u00e9cran LCD 15,6 pouces de haute qualit\u00e9. Con\u00e7u pour les professionnels, cet \u00e9cran IPS mat garantit une r\u00e9solution Full HD (FHD) nette et une clart\u00e9 exceptionnelle pour vos t\u00e2ches quotidiennes. Compatible avec les connexions eDP 30 broches, il offre des performances et une fiabilit\u00e9 optimales.<\/p>\n<p>Cet \u00e9cran de remplacement est livr\u00e9 sans supports sup\u00e9rieur et inf\u00e9rieur, ce qui le rend l\u00e9ger et facile \u00e0 installer gr\u00e2ce aux bandes adh\u00e9sives double-face fournies. Sa finition antireflet r\u00e9duit les reflets, ce qui le rend id\u00e9al pour les longues heures de travail ou d&rsquo;\u00e9tude. Fabriqu\u00e9 \u00e0 partir de mat\u00e9riaux durables et rigoureusement test\u00e9, ce tout nouvel \u00e9cran garantit une fonctionnalit\u00e9 et une long\u00e9vit\u00e9 optimales pour votre EliteBook.<\/p>\n<p><strong>Caract\u00e9ristiques<\/strong>\u00a0:<\/p>\n<ul>\n<li><strong>Compatibilit\u00e9\u00a0: HP EliteBook 850 G5 \/ 850 G6 (non tactile)<\/li>\n<li><strong>Taille\u00a0: \u00e9cran mat 15,6 pouces<\/li>\n<li><strong>R\u00e9solution\u00a0: Full HD (1920 x 1080)<\/li>\n<li><strong>Type de dalle\u00a0: IPS pour des couleurs vives et des angles de vision larges<\/li>\n<li><strong>Connecteur\u00a0: eDP 30 broches<\/li>\n<li><strong>Suppl\u00e9ments\u00a0: Bandes adh\u00e9sives double-face pour une installation facile<\/li>\n<li><strong>\u00c9tat\u00a0: Neuf<\/li>\n<\/ul>\n<p>Am\u00e9liorez l&rsquo;\u00e9cran de votre ordinateur portable avec un \u00e9cran de remplacement haut de gamme offrant des performances, une fiabilit\u00e9 et une fiabilit\u00e9 exceptionnelles. valeur.<\/p>\n","protected":false},"excerpt":{"rendered":"<div class=\"flex max-w-full flex-col flex-grow\">\n<div class=\"min-h-8 text-message flex w-full flex-col items-end gap-2 whitespace-normal break-words [.text-message+&amp;]:mt-5\" dir=\"auto\" data-message-author-role=\"assistant\" data-message-id=\"643e7024-2c48-4fd0-8ce1-7db539127bf6\" data-client-thread-id=\"WEB:0938c45f-8fb2-4fcd-987c-cdd10acde468\" data-message-model-slug=\"gpt-4o\">\n<div class=\"flex w-full flex-col gap-1 empty:hidden first:pt-[3px]\">\n<div class=\"markdown prose w-full \u00c9cran LCD mat de remplacement 15,6 pouces pour HP EliteBook 850 G5\/G6 (non tactile). Dalle IPS Full HD, connecteur eDP 30 broches. Bandes adh\u00e9sives double-face incluses.\n...\n<\/p>\n","protected":false},"featured_media":15205,"template":"","meta":[],"product_brand":[],"product_cat":[105,95],"product_tag":[61],"class_list":{"0":"post-16354","1":"product","2":"type-product","3":"status-publish","4":"has-post-thumbnail","6":"product_cat-15-6-new-laptop-screens-lcd-panels","7":"product_cat-new-laptop-screens-lcd-panels","8":"product_tag-hp","10":"first","11":"instock","12":"taxable","13":"shipping-taxable","14":"purchasable","15":"product-type-simple"},"_links":{"self":[{"href":"https:\/\/boreait.com\/fr\/wp-json\/wp\/v2\/product\/16354","targetHints":{"allow":["GET"]}}],"collection":[{"href":"https:\/\/boreait.com\/fr\/wp-json\/wp\/v2\/product"}],"about":[{"href":"https:\/\/boreait.com\/fr\/wp-json\/wp\/v2\/types\/product"}],"wp:featuredmedia":[{"embeddable":true,"href":"https:\/\/boreait.com\/fr\/wp-json\/wp\/v2\/media\/15205"}],"wp:attachment":[{"href":"https:\/\/boreait.com\/fr\/wp-json\/wp\/v2\/media?parent=16354"}],"wp:term":[{"taxonomy":"product_brand","embeddable":true,"href":"https:\/\/boreait.com\/fr\/wp-json\/wp\/v2\/product_brand?post=16354"},{"taxonomy":"product_cat","embeddable":true,"href":"https:\/\/boreait.com\/fr\/wp-json\/wp\/v2\/product_cat?post=16354"},{"taxonomy":"product_tag","embeddable":true,"href":"https:\/\/boreait.com\/fr\/wp-json\/wp\/v2\/product_tag?post=16354"}],"curies":[{"name":"wp","href":"https:\/\/api.w.org\/{rel}","templated":true}]}}