{"id":16353,"date":"2025-09-16T16:25:24","date_gmt":"2025-09-16T14:25:24","guid":{"rendered":"https:\/\/boreait.com\/fr\/?post_type=product&#038;p=16353"},"modified":"2025-09-16T16:25:33","modified_gmt":"2025-09-16T14:25:33","slug":"nouvel-ecran-lcd-mat-fhd-14-pour-hp-elitebook-840-g4-30-broches-non-tactile-supports","status":"publish","type":"product","link":"https:\/\/boreait.com\/fr\/produit\/nouvel-ecran-lcd-mat-fhd-14-pour-hp-elitebook-840-g4-30-broches-non-tactile-supports\/","title":{"rendered":"Nouvel \u00e9cran LCD mat FHD 14&Prime; pour HP EliteBook 840 G4 (30 broches, non tactile, supports)"},"content":{"rendered":"<p><strong>Mod\u00e8le d&rsquo;\u00e9cran actuel\u00a0: LP140WF8-SPFA \/ B140HAN01.1\/ B140HAN04.0\/ NV140FHM-N46 avec supports &#8211; Enti\u00e8rement compatible avec les ordinateurs portables HP EliteBook 840 G4 (mod\u00e8les non tactiles)<\/strong><\/p>\n<p>Cet \u00e9cran LCD de remplacement haut de gamme est con\u00e7u pour l&rsquo;ordinateur portable HP EliteBook 840 G4 (mod\u00e8les non tactiles). Dot\u00e9 d&rsquo;un \u00e9l\u00e9gant \u00e9cran mat 14&Prime; Full HD (1920 x 1080), il garantit des images \u00e9clatantes et nettes tout en minimisant les reflets. L&rsquo;\u00e9cran est fourni avec des supports de fixation sup\u00e9rieurs et inf\u00e9rieurs pour une installation facile et dispose d&rsquo;un connecteur 30 broches pour une compatibilit\u00e9 optimale.<\/p>\n<p><strong>Caract\u00e9ristiques principales\u00a0:<\/strong><\/p>\n<ul>\n<li><strong>\u00c9tat\u00a0:<\/strong> Neuf, garantissant des performances durables.<\/li>\n<li><strong>Taille et r\u00e9solution\u00a0:<\/strong> \u00c9cran 14&Prime; Full HD (1920 x 1080).<\/li>\n<li><strong>Finition\u00a0:<\/strong> Rev\u00eatement mat antireflet pour un confort visuel optimal.<\/li>\n<li><strong>Connectivit\u00e9\u00a0:<\/strong> Connecteur 30 broches pour une compatibilit\u00e9 optimale avec votre ordinateur portable.<\/li>\n<li><strong>Montage\u00a0:<\/strong> Comprend des supports sup\u00e9rieurs et inf\u00e9rieurs pour une installation rapide et s\u00e9curis\u00e9e. Installation.<\/li>\n<\/ul>\n<p>Remplacez votre \u00e9cran endommag\u00e9 ou d\u00e9fectueux et profitez d&rsquo;une productivit\u00e9 et d&rsquo;un divertissement accrus. Cet \u00e9cran est la solution id\u00e9ale pour restaurer les performances optimales de votre ordinateur portable.<\/p>\n<p><strong>Compatibilit\u00e9\u00a0:<\/strong><\/p>\n<ul>\n<li>Sp\u00e9cialement con\u00e7u pour le HP EliteBook 840 G4 (non tactile).<\/li>\n<\/ul>\n<p>Redonnez vie \u00e0 votre ordinateur portable avec cet \u00e9cran de remplacement de haute qualit\u00e9\u00a0!<\/p>\n","protected":false},"excerpt":{"rendered":"<p>Am\u00e9liorez votre HP EliteBook 840 G4 avec ce nouvel \u00e9cran LCD mat FHD 14&Prime;. Con\u00e7u pour les mod\u00e8les non tactiles, il est dot\u00e9 de supports sup\u00e9rieur et inf\u00e9rieur, d&rsquo;une connectivit\u00e9 30 broches et offre des images nettes avec une finition antireflet. Id\u00e9al pour remplacer un \u00e9cran endommag\u00e9 ou d\u00e9fectueux.<\/p>\n","protected":false},"featured_media":15273,"template":"","meta":[],"product_brand":[],"product_cat":[98,95],"product_tag":[61],"class_list":{"0":"post-16353","1":"product","2":"type-product","3":"status-publish","4":"has-post-thumbnail","6":"product_cat-14-new-laptop-screens-lcd-panels","7":"product_cat-new-laptop-screens-lcd-panels","8":"product_tag-hp","10":"first","11":"instock","12":"taxable","13":"shipping-taxable","14":"purchasable","15":"product-type-simple"},"_links":{"self":[{"href":"https:\/\/boreait.com\/fr\/wp-json\/wp\/v2\/product\/16353","targetHints":{"allow":["GET"]}}],"collection":[{"href":"https:\/\/boreait.com\/fr\/wp-json\/wp\/v2\/product"}],"about":[{"href":"https:\/\/boreait.com\/fr\/wp-json\/wp\/v2\/types\/product"}],"wp:featuredmedia":[{"embeddable":true,"href":"https:\/\/boreait.com\/fr\/wp-json\/wp\/v2\/media\/15273"}],"wp:attachment":[{"href":"https:\/\/boreait.com\/fr\/wp-json\/wp\/v2\/media?parent=16353"}],"wp:term":[{"taxonomy":"product_brand","embeddable":true,"href":"https:\/\/boreait.com\/fr\/wp-json\/wp\/v2\/product_brand?post=16353"},{"taxonomy":"product_cat","embeddable":true,"href":"https:\/\/boreait.com\/fr\/wp-json\/wp\/v2\/product_cat?post=16353"},{"taxonomy":"product_tag","embeddable":true,"href":"https:\/\/boreait.com\/fr\/wp-json\/wp\/v2\/product_tag?post=16353"}],"curies":[{"name":"wp","href":"https:\/\/api.w.org\/{rel}","templated":true}]}}