{"id":16351,"date":"2025-09-16T16:25:24","date_gmt":"2025-09-16T14:25:24","guid":{"rendered":"https:\/\/boreait.com\/fr\/?post_type=product&#038;p=16351"},"modified":"2026-01-14T12:46:32","modified_gmt":"2026-01-14T11:46:32","slug":"ecran-lcd-156-pour-hp-serie-15s-eq-mat-ips-fhd-30-broches-neuf","status":"publish","type":"product","link":"https:\/\/boreait.com\/fr\/produit\/ecran-lcd-156-pour-hp-serie-15s-eq-mat-ips-fhd-30-broches-neuf\/","title":{"rendered":"\u00c9cran LCD 15,6&Prime; pour HP s\u00e9rie 15s-EQ, mat, IPS, FHD, 30 broches, neuf"},"content":{"rendered":"<p>Mod\u00e8le d&rsquo;\u00e9cran LCD actuel\u00a0: B156ZAN03.6 ou N156HCA-EAB Rev C.4 &#8211; Enti\u00e8rement compatible avec les ordinateurs portables <span data-sheets-root=\"1\">s\u00e9rie HP 15s-eq<\/span><\/strong><\/p>\n<p>Am\u00e9liorez votre ordinateur portable HP s\u00e9rie 15s-EQ avec un \u00e9cran LCD 15,6 pouces de haute qualit\u00e9. Con\u00e7u sp\u00e9cifiquement pour les mod\u00e8les HP 15s-eq2102np, 15s-eq1006nm, 15s-eq2156nm, et plus encore, cet \u00e9cran non tactile offre une r\u00e9solution Full HD (1920 x 1080) \u00e9clatante, une finition mate pour r\u00e9duire les reflets et la technologie IPS avanc\u00e9e pour de larges angles de vision.<\/p>\n<p>Principales caract\u00e9ristiques\u00a0:<\/p>\n<ul>\n<li><strong>Compatibilit\u00e9<\/strong>\u00a0: S\u00e9rie HP 15s-EQ (par exemple, 15s-eq2102np, 15s-eq1006nm).<\/li>\n<li><strong>Type d&rsquo;\u00e9cran<\/strong>\u00a0: 15,6&Prime; FHD (1920 x 1080), finition mate.<\/li>\n<li><strong>Technologie d&rsquo;\u00e9cran<\/strong>\u00a0: IPS pour des couleurs et des angles de vision sup\u00e9rieurs.<\/li>\n<li><strong>Connecteur<\/strong>\u00a0: eDP 30 broches pour une installation facile.<\/li>\n<li><strong>Bandes adh\u00e9sives<\/strong>\u00a0: Adh\u00e9sif double-face inclus pour une fixation s\u00e9curis\u00e9e.<\/li>\n<li><strong>\u00c9tat<\/strong>\u00a0: Neuf, garantissant des performances et une durabilit\u00e9 optimales.<\/li>\n<\/ul>\n<p>Que vous remplaciez un \u00e9cran endommag\u00e9 ou que vous souhaitiez le remplacer pour un meilleur rendu visuel, cet \u00e9cran de remplacement offre des images nettes, une excellente pr\u00e9cision des couleurs et une qualit\u00e9 fiable.<\/p>\n","protected":false},"excerpt":{"rendered":"<div class=\"flex max-w-full flex-col flex-grow\">\n<div class=\"min-h-8 text-message flex w-full flex-col items-end gap-2 whitespace-normal break-words [.text-message+&amp;]:mt-5\" dir=\"auto\" data-message-author-role=\"assistant\" data-message-id=\"643e7024-2c48-4fd0-8ce1-7db539127bf6\" data-client-thread-id=\"WEB:0938c45f-8fb2-4fcd-987c-cdd10acde468\" data-message-model-slug=\"gpt-4o\">\n<div class=\"flex w-full flex-col gap-1 empty:hidden first:pt-[3px]\">\n<div class=\"markdown prose w-full break-words dark:prose-invert light\">\n<p>Remplacez l&rsquo;\u00e9cran de votre ordinateur portable HP s\u00e9rie 15s-EQ par cet \u00e9cran mat IPS FHD de 15,6 pouces. Dot\u00e9 d&rsquo;un connecteur eDP 30 broches, ce nouvel \u00e9cran offre des couleurs \u00e9clatantes, de larges angles de vision et des bandes adh\u00e9sives double-face pour une installation facile.<\/p>\n<\/div>\n<\/div>\n<\/div>\n<\/div>\n","protected":false},"featured_media":15205,"template":"","meta":[],"product_brand":[],"product_cat":[105,95],"product_tag":[61],"class_list":{"0":"post-16351","1":"product","2":"type-product","3":"status-publish","4":"has-post-thumbnail","6":"product_cat-15-6-new-laptop-screens-lcd-panels","7":"product_cat-new-laptop-screens-lcd-panels","8":"product_tag-hp","10":"first","11":"instock","12":"taxable","13":"shipping-taxable","14":"purchasable","15":"product-type-simple"},"_links":{"self":[{"href":"https:\/\/boreait.com\/fr\/wp-json\/wp\/v2\/product\/16351","targetHints":{"allow":["GET"]}}],"collection":[{"href":"https:\/\/boreait.com\/fr\/wp-json\/wp\/v2\/product"}],"about":[{"href":"https:\/\/boreait.com\/fr\/wp-json\/wp\/v2\/types\/product"}],"wp:featuredmedia":[{"embeddable":true,"href":"https:\/\/boreait.com\/fr\/wp-json\/wp\/v2\/media\/15205"}],"wp:attachment":[{"href":"https:\/\/boreait.com\/fr\/wp-json\/wp\/v2\/media?parent=16351"}],"wp:term":[{"taxonomy":"product_brand","embeddable":true,"href":"https:\/\/boreait.com\/fr\/wp-json\/wp\/v2\/product_brand?post=16351"},{"taxonomy":"product_cat","embeddable":true,"href":"https:\/\/boreait.com\/fr\/wp-json\/wp\/v2\/product_cat?post=16351"},{"taxonomy":"product_tag","embeddable":true,"href":"https:\/\/boreait.com\/fr\/wp-json\/wp\/v2\/product_tag?post=16351"}],"curies":[{"name":"wp","href":"https:\/\/api.w.org\/{rel}","templated":true}]}}