{"id":16345,"date":"2025-09-16T16:25:10","date_gmt":"2025-09-16T14:25:10","guid":{"rendered":"https:\/\/boreait.com\/fr\/?post_type=product&#038;p=16345"},"modified":"2025-10-15T14:12:33","modified_gmt":"2025-10-15T12:12:33","slug":"ecran-lcd-156-mat-fhd-ips-edp-30-broches-pour-asus-vivobook-f515ea-bq2542w-adhesif","status":"publish","type":"product","link":"https:\/\/boreait.com\/fr\/produit\/ecran-lcd-156-mat-fhd-ips-edp-30-broches-pour-asus-vivobook-f515ea-bq2542w-adhesif\/","title":{"rendered":"\u00c9cran LCD 15,6&Prime; mat FHD IPS EDP 30 broches pour ASUS Vivobook F515EA-BQ2542W + adh\u00e9sif"},"content":{"rendered":"<p>Mod\u00e8le d&rsquo;\u00e9cran LCD actuel\u00a0: B156ZAN03.6 ou N156HCA-EAB Rev C.4 &#8211; enti\u00e8rement compatible avec <span data-sheets-root=\"1\">ASUS Vivobook F515EA-BQ2542W<\/span><\/strong><\/p>\n<p>Am\u00e9liorez votre ASUS Vivobook F515EA-BQ2542W avec un \u00e9cran LCD de remplacement de qualit\u00e9 sup\u00e9rieure. Con\u00e7u pour offrir des images \u00e9clatantes et une clart\u00e9 exceptionnelle, cet \u00e9cran IPS FHD mat de 15,6 pouces garantit une exp\u00e9rience visuelle fluide avec des reflets r\u00e9duits. Dot\u00e9 d&rsquo;une connectivit\u00e9 EDP 30 broches, il garantit compatibilit\u00e9 et performances optimales.<\/p>\n<p>Cet \u00e9cran est neuf et livr\u00e9 sans supports sup\u00e9rieur et inf\u00e9rieur pour une installation facile. Des bandes adh\u00e9sives double-face sont incluses pour simplifier le processus et garantir une fixation parfaite. Que vous remplaciez un \u00e9cran endommag\u00e9 ou que vous am\u00e9lioriez l&rsquo;affichage de votre appareil, ce produit allie fonctionnalit\u00e9 et durabilit\u00e9, ce qui en fait le choix id\u00e9al.<\/p>\n<p><strong>Caract\u00e9ristiques principales<\/strong>\u00a0:<\/p>\n<ul>\n<li><strong>Compatibilit\u00e9 des appareils<\/strong>\u00a0: ASUS Vivobook F515EA-BQ2542W<\/li>\n<li><strong>Taille de l&rsquo;\u00e9cran<\/strong>\u00a0: 15,6 pouces<\/li>\n<li><strong>Finition<\/strong>\u00a0: Mat pour une r\u00e9duction des reflets Reflets<\/li>\n<li><strong>Technologie<\/strong>\u00a0: IPS pour de larges angles de vision et des couleurs \u00e9clatantes<\/li>\n<li><strong>R\u00e9solution<\/strong>\u00a0: Full HD (FHD) pour des images nettes et claires<\/li>\n<li><strong>Connecteur<\/strong>\u00a0: EDP 30 broches<\/li>\n<li><strong>Inclus<\/strong>\u00a0: Bandes adh\u00e9sives double-face pour une installation facile<\/li>\n<li><strong>\u00c9tat<\/strong>\u00a0: Neuf<\/li>\n<\/ul>\n<p>Redonnez tout le potentiel de votre ordinateur portable avec cet \u00e9cran LCD de remplacement de haute qualit\u00e9. Profitez d&rsquo;une livraison rapide, de performances fiables et d&rsquo;une assistance pour tous vos besoins d&rsquo;installation.<\/p>\n","protected":false},"excerpt":{"rendered":"<p>Remplacez l&rsquo;\u00e9cran de votre ASUS Vivobook F515EA-BQ2542W par cet \u00e9cran IPS FHD mat de 15,6 pouces, dot\u00e9 d&rsquo;une connectivit\u00e9 EDP 30 broches et de bandes adh\u00e9sives double face pour une installation facile. \u00c9tat : Neuf.<\/p>\n","protected":false},"featured_media":15205,"template":"","meta":[],"product_brand":[],"product_cat":[105,95],"product_tag":[66],"class_list":{"0":"post-16345","1":"product","2":"type-product","3":"status-publish","4":"has-post-thumbnail","6":"product_cat-15-6-new-laptop-screens-lcd-panels","7":"product_cat-new-laptop-screens-lcd-panels","8":"product_tag-asus","10":"first","11":"instock","12":"taxable","13":"shipping-taxable","14":"purchasable","15":"product-type-simple"},"_links":{"self":[{"href":"https:\/\/boreait.com\/fr\/wp-json\/wp\/v2\/product\/16345","targetHints":{"allow":["GET"]}}],"collection":[{"href":"https:\/\/boreait.com\/fr\/wp-json\/wp\/v2\/product"}],"about":[{"href":"https:\/\/boreait.com\/fr\/wp-json\/wp\/v2\/types\/product"}],"wp:featuredmedia":[{"embeddable":true,"href":"https:\/\/boreait.com\/fr\/wp-json\/wp\/v2\/media\/15205"}],"wp:attachment":[{"href":"https:\/\/boreait.com\/fr\/wp-json\/wp\/v2\/media?parent=16345"}],"wp:term":[{"taxonomy":"product_brand","embeddable":true,"href":"https:\/\/boreait.com\/fr\/wp-json\/wp\/v2\/product_brand?post=16345"},{"taxonomy":"product_cat","embeddable":true,"href":"https:\/\/boreait.com\/fr\/wp-json\/wp\/v2\/product_cat?post=16345"},{"taxonomy":"product_tag","embeddable":true,"href":"https:\/\/boreait.com\/fr\/wp-json\/wp\/v2\/product_tag?post=16345"}],"curies":[{"name":"wp","href":"https:\/\/api.w.org\/{rel}","templated":true}]}}