{"id":16344,"date":"2025-09-16T16:25:10","date_gmt":"2025-09-16T14:25:10","guid":{"rendered":"https:\/\/boreait.com\/fr\/?post_type=product&#038;p=16344"},"modified":"2025-09-16T16:25:21","modified_gmt":"2025-09-16T14:25:21","slug":"ecran-lcd-ips-mat-fhd-144-hz-pour-asus-tuf-a17-fa707r-173-pouces-bandes-adhesives","status":"publish","type":"product","link":"https:\/\/boreait.com\/fr\/produit\/ecran-lcd-ips-mat-fhd-144-hz-pour-asus-tuf-a17-fa707r-173-pouces-bandes-adhesives\/","title":{"rendered":"\u00c9cran LCD IPS mat FHD 144 Hz pour ASUS TUF A17 FA707R 17,3 pouces, bandes adh\u00e9sives"},"content":{"rendered":"<p>Mod\u00e8le d&rsquo;\u00e9cran LCD actuel\u00a0: N173HCE-G33 REV C1 \/ NV173FHM-NY2 v8.1 \u2013 ENTI\u00c8REMENT COMPATIBLE AVEC L&rsquo;ASUS TUF A17 FA707R<\/p>\n<p>Am\u00e9liorez l&rsquo;\u00e9cran de votre ordinateur portable ASUS TUF A17 FA707R avec cet \u00e9cran LCD mat haut de gamme de 17,3 pouces, con\u00e7u pour offrir des performances exceptionnelles et des images \u00e9clatantes. Cet \u00e9cran de remplacement offre une r\u00e9solution Full HD (1920 x 1080) avec la technologie IPS, offrant des images nettes et claires ainsi que de larges angles de vision. Avec un taux de rafra\u00eechissement impressionnant de 144\u00a0Hz, profitez de mouvements ultra-fluides, parfaits pour les jeux et les applications rapides.<\/p>\n<p>Ce mod\u00e8le prend en charge l&rsquo;eDP (Embedded DisplayPort) et utilise un connecteur 40\u00a0broches, garantissant ainsi sa compatibilit\u00e9 avec votre ASUS TUF A17 FA707R. Con\u00e7u sans supports sup\u00e9rieur et inf\u00e9rieur, il se fixe facilement gr\u00e2ce aux bandes adh\u00e9sives double-face incluses, simplifiant ainsi l&rsquo;installation. Processus.<\/p>\n<p>Soyez rassur\u00e9, cet \u00e9cran est neuf et con\u00e7u pour respecter, voire d\u00e9passer, les normes de qualit\u00e9 OEM. Remplacez votre \u00e9cran endommag\u00e9 ou obsol\u00e8te d\u00e8s aujourd&rsquo;hui et profitez d&rsquo;un affichage plus lumineux, plus rapide et plus r\u00e9actif gr\u00e2ce \u00e0 cette mise \u00e0 niveau de haute qualit\u00e9.<\/p>\n<p><strong>Caract\u00e9ristiques principales\u00a0:<\/strong><\/p>\n<ul>\n<li>Taille de l&rsquo;\u00e9cran\u00a0: 17,3\u00a0pouces<\/li>\n<li>Finition\u00a0: Mat (antireflet)<\/li>\n<li>R\u00e9solution\u00a0: Full HD (1920\u00a0x\u00a01080)<\/li>\n<li>Fr\u00e9quence de rafra\u00eechissement\u00a0: 144\u00a0Hz<\/li>\n<li>Connecteur\u00a0: eDP 40\u00a0broches<\/li>\n<li>Technologie\u00a0: IPS (In-Plane Switching)<\/li>\n<li>\u00c9tat\u00a0: Neuf<\/li>\n<li>Inclus\u00a0: Bandes adh\u00e9sives double-face pour une installation facile<\/li>\n<p> Compatibilit\u00e9\u00a0: Sp\u00e9cialement con\u00e7u pour l&rsquo;ASUS TUF A17 FA707R.<\/p>\n<\/ul>\n<p>Am\u00e9liorez votre exp\u00e9rience visuelle et restaurez les performances optimales de votre ordinateur portable gr\u00e2ce \u00e0 cet \u00e9cran de remplacement haut de gamme.<\/p>\n","protected":false},"excerpt":{"rendered":"<p>\u00c9cran LCD mat haut de gamme 17,3&Prime; pour ASUS TUF A17 FA707R. Full HD, IPS, 144 Hz, eDP 40 broches, sans supports. Bandes adh\u00e9sives double face incluses. \u00c9tat\u00a0: neuf.<\/p>\n","protected":false},"featured_media":15533,"template":"","meta":[],"product_brand":[],"product_cat":[96,95],"product_tag":[66],"class_list":{"0":"post-16344","1":"product","2":"type-product","3":"status-publish","4":"has-post-thumbnail","6":"product_cat-17-3","7":"product_cat-new-laptop-screens-lcd-panels","8":"product_tag-asus","10":"first","11":"instock","12":"taxable","13":"shipping-taxable","14":"purchasable","15":"product-type-simple"},"_links":{"self":[{"href":"https:\/\/boreait.com\/fr\/wp-json\/wp\/v2\/product\/16344","targetHints":{"allow":["GET"]}}],"collection":[{"href":"https:\/\/boreait.com\/fr\/wp-json\/wp\/v2\/product"}],"about":[{"href":"https:\/\/boreait.com\/fr\/wp-json\/wp\/v2\/types\/product"}],"wp:featuredmedia":[{"embeddable":true,"href":"https:\/\/boreait.com\/fr\/wp-json\/wp\/v2\/media\/15533"}],"wp:attachment":[{"href":"https:\/\/boreait.com\/fr\/wp-json\/wp\/v2\/media?parent=16344"}],"wp:term":[{"taxonomy":"product_brand","embeddable":true,"href":"https:\/\/boreait.com\/fr\/wp-json\/wp\/v2\/product_brand?post=16344"},{"taxonomy":"product_cat","embeddable":true,"href":"https:\/\/boreait.com\/fr\/wp-json\/wp\/v2\/product_cat?post=16344"},{"taxonomy":"product_tag","embeddable":true,"href":"https:\/\/boreait.com\/fr\/wp-json\/wp\/v2\/product_tag?post=16344"}],"curies":[{"name":"wp","href":"https:\/\/api.w.org\/{rel}","templated":true}]}}