{"id":16338,"date":"2025-09-16T16:25:08","date_gmt":"2025-09-16T14:25:08","guid":{"rendered":"https:\/\/boreait.com\/fr\/?post_type=product&#038;p=16338"},"modified":"2025-09-16T16:25:20","modified_gmt":"2025-09-16T14:25:20","slug":"nouvel-ecran-lcd-125-pour-lenovo-thinkpad-x260-wxga-1366-x-768-30-broches-mat","status":"publish","type":"product","link":"https:\/\/boreait.com\/fr\/produit\/nouvel-ecran-lcd-125-pour-lenovo-thinkpad-x260-wxga-1366-x-768-30-broches-mat\/","title":{"rendered":"Nouvel \u00e9cran LCD 12,5&Prime; pour Lenovo ThinkPad X260 WXGA 1366 x 768, 30 broches, mat"},"content":{"rendered":"<p>Mod\u00e8le d&rsquo;\u00e9cran LCD\u00a0: NT125WHM-N43 \u2013 ENTI\u00c8REMENT COMPATIBLE AVEC L&rsquo;\u00c9CRAN D&rsquo;ORDINATEUR PORTABLE Lenovo ThinkPad X260 non tactile<\/p>\n<p>Cet \u00e9cran LCD de haute qualit\u00e9 est sp\u00e9cialement con\u00e7u pour la s\u00e9rie Lenovo ThinkPad X260. Il offre un \u00e9cran mat de 12,5 pouces avec une r\u00e9solution WXGA de 1366 x 768, offrant des images nettes et \u00e9clatantes. Dot\u00e9 d&rsquo;une connexion eDP 30 broches, il est id\u00e9al pour remplacer votre \u00e9cran non tactile actuel. Veuillez noter que cet \u00e9cran est livr\u00e9 sans supports sup\u00e9rieur et inf\u00e9rieur, ce qui vous permet de r\u00e9utiliser vos pi\u00e8ces de montage d&rsquo;origine. L&#8217;emballage comprend du ruban adh\u00e9sif double face pour une installation facile et une fixation s\u00fbre et fiable. \u00c0 l&rsquo;\u00e9tat neuf, cet \u00e9cran LCD promet d&rsquo;excellentes performances, ce qui en fait le remplacement id\u00e9al pour un \u00e9cran endommag\u00e9 ou d\u00e9fectueux de votre ordinateur portable Lenovo ThinkPad X260.<\/p>\n","protected":false},"excerpt":{"rendered":"<p>\u00c9cran LCD 12,5&Prime; pour Lenovo ThinkPad X260, 1366 x 768 WXGA, eDP 30 broches, mat, non tactile, \u00e9tat neuf. Ruban adh\u00e9sif double face inclus. Sans supports sup\u00e9rieur\/inf\u00e9rieur.<\/p>\n","protected":false},"featured_media":16350,"template":"","meta":[],"product_brand":[],"product_cat":[111,95],"product_tag":[],"class_list":{"0":"post-16338","1":"product","2":"type-product","3":"status-publish","4":"has-post-thumbnail","6":"product_cat-12-5-new-laptop-screens-lcd-panels","7":"product_cat-new-laptop-screens-lcd-panels","9":"first","10":"instock","11":"taxable","12":"shipping-taxable","13":"purchasable","14":"product-type-simple"},"_links":{"self":[{"href":"https:\/\/boreait.com\/fr\/wp-json\/wp\/v2\/product\/16338","targetHints":{"allow":["GET"]}}],"collection":[{"href":"https:\/\/boreait.com\/fr\/wp-json\/wp\/v2\/product"}],"about":[{"href":"https:\/\/boreait.com\/fr\/wp-json\/wp\/v2\/types\/product"}],"wp:featuredmedia":[{"embeddable":true,"href":"https:\/\/boreait.com\/fr\/wp-json\/wp\/v2\/media\/16350"}],"wp:attachment":[{"href":"https:\/\/boreait.com\/fr\/wp-json\/wp\/v2\/media?parent=16338"}],"wp:term":[{"taxonomy":"product_brand","embeddable":true,"href":"https:\/\/boreait.com\/fr\/wp-json\/wp\/v2\/product_brand?post=16338"},{"taxonomy":"product_cat","embeddable":true,"href":"https:\/\/boreait.com\/fr\/wp-json\/wp\/v2\/product_cat?post=16338"},{"taxonomy":"product_tag","embeddable":true,"href":"https:\/\/boreait.com\/fr\/wp-json\/wp\/v2\/product_tag?post=16338"}],"curies":[{"name":"wp","href":"https:\/\/api.w.org\/{rel}","templated":true}]}}