{"id":16337,"date":"2025-09-16T16:25:08","date_gmt":"2025-09-16T14:25:08","guid":{"rendered":"https:\/\/boreait.com\/fr\/?post_type=product&#038;p=16337"},"modified":"2025-09-16T16:25:19","modified_gmt":"2025-09-16T14:25:19","slug":"nouvel-ecran-lcd-lenovo-thinkpad-x250-125-wxga-1366-x-768-30-broches-adhesif-mat","status":"publish","type":"product","link":"https:\/\/boreait.com\/fr\/produit\/nouvel-ecran-lcd-lenovo-thinkpad-x250-125-wxga-1366-x-768-30-broches-adhesif-mat\/","title":{"rendered":"Nouvel \u00e9cran LCD Lenovo ThinkPad X250 12,5&Prime; WXGA 1366 x 768, 30 broches, adh\u00e9sif mat"},"content":{"rendered":"<p>Mod\u00e8le d&rsquo;\u00e9cran LCD\u00a0: NT125WHM-N43 \u2013 ENTI\u00c8REMENT COMPATIBLE AVEC L&rsquo;\u00c9CRAN D&rsquo;ORDINATEUR PORTABLE Lenovo ThinkPad X250<\/p>\n<p>Am\u00e9liorez ou remplacez l&rsquo;\u00e9cran de votre ordinateur portable avec cet \u00e9cran LCD de haute qualit\u00e9 con\u00e7u pour le Lenovo ThinkPad X250. Cet \u00e9cran de 12,5 pouces offre une r\u00e9solution WXGA de 1366 x 768 pixels, offrant des images nettes et claires aux couleurs \u00e9clatantes. Sa finition mate garantit une meilleure visibilit\u00e9 dans toutes les conditions d&rsquo;\u00e9clairage et est id\u00e9ale pour le travail quotidien ou la lecture multim\u00e9dia. \u00c9quip\u00e9 d&rsquo;un connecteur eDP 30 broches, il est facile \u00e0 installer et compatible avec votre configuration Lenovo ThinkPad X250. L&rsquo;\u00e9cran est livr\u00e9 sans les supports sup\u00e9rieur et inf\u00e9rieur, mais avec du ruban adh\u00e9sif double-face pour une installation simplifi\u00e9e. \u00c0 l&rsquo;\u00e9tat neuf, cet \u00e9cran LCD est une solution de remplacement fiable pour restaurer les performances visuelles de votre ordinateur portable.<\/p>\n","protected":false},"excerpt":{"rendered":"<p>Nouvel \u00e9cran LCD 12,5&Prime; pour Lenovo ThinkPad X250, WXGA 1366 x 768, eDP 30 broches, mat, avec ruban adh\u00e9sif double face. Sans supports sup\u00e9rieur et inf\u00e9rieur.<\/p>\n","protected":false},"featured_media":16350,"template":"","meta":[],"product_brand":[],"product_cat":[111,95],"product_tag":[],"class_list":{"0":"post-16337","1":"product","2":"type-product","3":"status-publish","4":"has-post-thumbnail","6":"product_cat-12-5-new-laptop-screens-lcd-panels","7":"product_cat-new-laptop-screens-lcd-panels","9":"first","10":"instock","11":"taxable","12":"shipping-taxable","13":"purchasable","14":"product-type-simple"},"_links":{"self":[{"href":"https:\/\/boreait.com\/fr\/wp-json\/wp\/v2\/product\/16337","targetHints":{"allow":["GET"]}}],"collection":[{"href":"https:\/\/boreait.com\/fr\/wp-json\/wp\/v2\/product"}],"about":[{"href":"https:\/\/boreait.com\/fr\/wp-json\/wp\/v2\/types\/product"}],"wp:featuredmedia":[{"embeddable":true,"href":"https:\/\/boreait.com\/fr\/wp-json\/wp\/v2\/media\/16350"}],"wp:attachment":[{"href":"https:\/\/boreait.com\/fr\/wp-json\/wp\/v2\/media?parent=16337"}],"wp:term":[{"taxonomy":"product_brand","embeddable":true,"href":"https:\/\/boreait.com\/fr\/wp-json\/wp\/v2\/product_brand?post=16337"},{"taxonomy":"product_cat","embeddable":true,"href":"https:\/\/boreait.com\/fr\/wp-json\/wp\/v2\/product_cat?post=16337"},{"taxonomy":"product_tag","embeddable":true,"href":"https:\/\/boreait.com\/fr\/wp-json\/wp\/v2\/product_tag?post=16337"}],"curies":[{"name":"wp","href":"https:\/\/api.w.org\/{rel}","templated":true}]}}