{"id":16335,"date":"2025-09-16T16:25:08","date_gmt":"2025-09-16T14:25:08","guid":{"rendered":"https:\/\/boreait.com\/fr\/?post_type=product&#038;p=16335"},"modified":"2025-09-16T16:25:19","modified_gmt":"2025-09-16T14:25:19","slug":"nouvel-ecran-lcd-pour-lenovo-thinkpad-x230s-125-wxga-1366x768-edp-30-broches","status":"publish","type":"product","link":"https:\/\/boreait.com\/fr\/produit\/nouvel-ecran-lcd-pour-lenovo-thinkpad-x230s-125-wxga-1366x768-edp-30-broches\/","title":{"rendered":"Nouvel \u00e9cran LCD pour Lenovo ThinkPad X230s, 12,5&Prime; WXGA 1366&#215;768, eDP 30 broches"},"content":{"rendered":"<p>Mod\u00e8le d&rsquo;\u00e9cran LCD\u00a0: NT125WHM-N43 \u2013 ENTI\u00c8REMENT COMPATIBLE AVEC L&rsquo;\u00c9CRAN D&rsquo;ORDINATEUR PORTABLE Lenovo ThinkPad X230s<\/p>\n<p>Cet \u00e9cran LCD flambant neuf est compatible avec le Lenovo ThinkPad X230s et constitue un remplacement fiable pour votre \u00e9cran endommag\u00e9 ou d\u00e9fectueux. Cet \u00e9cran mat de 12,5 pouces offre une r\u00e9solution WXGA de 1366 x 768, offrant des images claires et nettes, id\u00e9ales pour le travail ou les loisirs. Dot\u00e9 d&rsquo;une interface eDP \u00e0 30 broches, il est con\u00e7u pour une int\u00e9gration parfaite. L&rsquo;\u00e9cran est livr\u00e9 sans supports sup\u00e9rieur et inf\u00e9rieur, mais avec du ruban adh\u00e9sif double-face, pour une installation plus facile et plus s\u00fbre. Id\u00e9al pour restaurer la qualit\u00e9 d&rsquo;affichage de votre Lenovo ThinkPad X230s.<\/p>\n","protected":false},"excerpt":{"rendered":"<p>\u00c9cran LCD 12,5&Prime; neuf pour Lenovo ThinkPad X230s, WXGA 1366 x 768, eDP 30 broches. Finition mate, ruban adh\u00e9sif inclus. Sans supports sup\u00e9rieur\/inf\u00e9rieur.<\/p>\n","protected":false},"featured_media":16350,"template":"","meta":[],"product_brand":[],"product_cat":[111,95],"product_tag":[],"class_list":{"0":"post-16335","1":"product","2":"type-product","3":"status-publish","4":"has-post-thumbnail","6":"product_cat-12-5-new-laptop-screens-lcd-panels","7":"product_cat-new-laptop-screens-lcd-panels","9":"first","10":"instock","11":"taxable","12":"shipping-taxable","13":"purchasable","14":"product-type-simple"},"_links":{"self":[{"href":"https:\/\/boreait.com\/fr\/wp-json\/wp\/v2\/product\/16335","targetHints":{"allow":["GET"]}}],"collection":[{"href":"https:\/\/boreait.com\/fr\/wp-json\/wp\/v2\/product"}],"about":[{"href":"https:\/\/boreait.com\/fr\/wp-json\/wp\/v2\/types\/product"}],"wp:featuredmedia":[{"embeddable":true,"href":"https:\/\/boreait.com\/fr\/wp-json\/wp\/v2\/media\/16350"}],"wp:attachment":[{"href":"https:\/\/boreait.com\/fr\/wp-json\/wp\/v2\/media?parent=16335"}],"wp:term":[{"taxonomy":"product_brand","embeddable":true,"href":"https:\/\/boreait.com\/fr\/wp-json\/wp\/v2\/product_brand?post=16335"},{"taxonomy":"product_cat","embeddable":true,"href":"https:\/\/boreait.com\/fr\/wp-json\/wp\/v2\/product_cat?post=16335"},{"taxonomy":"product_tag","embeddable":true,"href":"https:\/\/boreait.com\/fr\/wp-json\/wp\/v2\/product_tag?post=16335"}],"curies":[{"name":"wp","href":"https:\/\/api.w.org\/{rel}","templated":true}]}}