{"id":16331,"date":"2025-09-16T16:25:07","date_gmt":"2025-09-16T14:25:07","guid":{"rendered":"https:\/\/boreait.com\/fr\/?post_type=product&#038;p=16331"},"modified":"2025-09-16T16:25:17","modified_gmt":"2025-09-16T14:25:17","slug":"ecran-lcd-125-01en374-00ny682-fhd-ips-mat-30-broches-edp-ruban-adhesif-neuf","status":"publish","type":"product","link":"https:\/\/boreait.com\/fr\/produit\/ecran-lcd-125-01en374-00ny682-fhd-ips-mat-30-broches-edp-ruban-adhesif-neuf\/","title":{"rendered":"\u00c9cran LCD 12,5&Prime; 01EN374 00NY682 FHD IPS mat 30 broches EDP + ruban adh\u00e9sif neuf"},"content":{"rendered":"<p><strong>Mod\u00e8le d&rsquo;\u00e9cran LCD actuel\u00a0: B125HAN02.2 V.5 \u2013 ENTI\u00c8REMENT COMPATIBLE AVEC LES \u00c9CRANS D&rsquo;ORDINATEUR PORTABLE 01EN374, 00NY682<\/strong><\/p>\n<p>Cet \u00e9cran LCD 12,5&Prime; neuf (mod\u00e8le 01EN374 00NY682) est une pi\u00e8ce de rechange de haute qualit\u00e9 con\u00e7ue pour les ordinateurs portables n\u00e9cessitant une mise \u00e0 niveau ou un remplacement. Avec sa r\u00e9solution Full HD (FHD), la technologie IPS garantit une clart\u00e9 exceptionnelle et des couleurs \u00e9clatantes, tandis que sa finition mate r\u00e9duit les reflets pour un confort visuel optimal. Dot\u00e9 d&rsquo;un connecteur 30 broches, d&rsquo;une interface EDP et d&rsquo;un taux de rafra\u00eechissement de 60\u00a0Hz, il est id\u00e9al pour de nombreux mod\u00e8les d&rsquo;ordinateurs portables. L&rsquo;\u00e9cran est livr\u00e9 sans supports sup\u00e9rieur et inf\u00e9rieur, mais avec un ruban adh\u00e9sif double-face pour une installation facile. Id\u00e9al pour restaurer l&rsquo;\u00e9cran de votre ordinateur portable, cet \u00e9cran est garanti comme neuf.<\/p>\n","protected":false},"excerpt":{"rendered":"<p>\u00c9cran LCD FHD 12,5&Prime; neuf (01EN374 00NY682), mat, IPS, 30 broches, EDP, ruban adh\u00e9sif inclus. \u00c9cran de remplacement id\u00e9al pour ordinateur portable.<\/p>\n","protected":false},"featured_media":16349,"template":"","meta":[],"product_brand":[],"product_cat":[111,95],"product_tag":[],"class_list":{"0":"post-16331","1":"product","2":"type-product","3":"status-publish","4":"has-post-thumbnail","6":"product_cat-12-5-new-laptop-screens-lcd-panels","7":"product_cat-new-laptop-screens-lcd-panels","9":"first","10":"instock","11":"taxable","12":"shipping-taxable","13":"purchasable","14":"product-type-simple"},"_links":{"self":[{"href":"https:\/\/boreait.com\/fr\/wp-json\/wp\/v2\/product\/16331","targetHints":{"allow":["GET"]}}],"collection":[{"href":"https:\/\/boreait.com\/fr\/wp-json\/wp\/v2\/product"}],"about":[{"href":"https:\/\/boreait.com\/fr\/wp-json\/wp\/v2\/types\/product"}],"wp:featuredmedia":[{"embeddable":true,"href":"https:\/\/boreait.com\/fr\/wp-json\/wp\/v2\/media\/16349"}],"wp:attachment":[{"href":"https:\/\/boreait.com\/fr\/wp-json\/wp\/v2\/media?parent=16331"}],"wp:term":[{"taxonomy":"product_brand","embeddable":true,"href":"https:\/\/boreait.com\/fr\/wp-json\/wp\/v2\/product_brand?post=16331"},{"taxonomy":"product_cat","embeddable":true,"href":"https:\/\/boreait.com\/fr\/wp-json\/wp\/v2\/product_cat?post=16331"},{"taxonomy":"product_tag","embeddable":true,"href":"https:\/\/boreait.com\/fr\/wp-json\/wp\/v2\/product_tag?post=16331"}],"curies":[{"name":"wp","href":"https:\/\/api.w.org\/{rel}","templated":true}]}}