{"id":16329,"date":"2025-09-16T16:25:06","date_gmt":"2025-09-16T14:25:06","guid":{"rendered":"https:\/\/boreait.com\/fr\/?post_type=product&#038;p=16329"},"modified":"2025-09-16T16:25:16","modified_gmt":"2025-09-16T14:25:16","slug":"ecran-lcd-125-m125nwf4-fhd-ips-60-hz-30-broches-mat-edp-avec-ruban-adhesif-neuf","status":"publish","type":"product","link":"https:\/\/boreait.com\/fr\/produit\/ecran-lcd-125-m125nwf4-fhd-ips-60-hz-30-broches-mat-edp-avec-ruban-adhesif-neuf\/","title":{"rendered":"\u00c9cran LCD 12,5&Prime; M125NWF4 FHD IPS 60 Hz 30 broches mat eDP avec ruban adh\u00e9sif, neuf"},"content":{"rendered":"<p>Mod\u00e8le d&rsquo;\u00e9cran LCD actuel\u00a0: B125HAN02.2 V.5 \u2013 ENTI\u00c8REMENT COMPATIBLE AVEC L&rsquo;\u00c9CRAN D&rsquo;ORDINATEUR PORTABLE M125NWF4<\/p>\n<p>Ce tout nouvel \u00e9cran LCD M125NWF4 est id\u00e9al pour remplacer votre appareil. Il offre une r\u00e9solution Full HD nette de 12,5 pouces (1920 x 1080) et des couleurs \u00e9clatantes gr\u00e2ce \u00e0 sa dalle IPS. Il est dot\u00e9 d&rsquo;un taux de rafra\u00eechissement de 60\u00a0Hz et d&rsquo;une finition mate r\u00e9duisant les reflets, ce qui le rend id\u00e9al pour les environnements ext\u00e9rieurs ou tr\u00e8s \u00e9clair\u00e9s. L&rsquo;interface eDP \u00e0 30\u00a0broches assure la compatibilit\u00e9 avec divers ordinateurs portables. Cet \u00e9cran est livr\u00e9 sans supports sup\u00e9rieur et inf\u00e9rieur, mais avec du ruban adh\u00e9sif double-face pour une installation facile. Que vous souhaitiez remplacer un \u00e9cran endommag\u00e9 ou moderniser l&rsquo;\u00e9cran de votre ordinateur portable, c&rsquo;est un choix fiable et de haute qualit\u00e9.<\/p>\n<p><strong>Sp\u00e9cifications\u00a0:<\/strong><\/p>\n<ul>\n<li><strong>Taille\u00a0:<\/strong> 12,5 pouces<\/li>\n<li><strong>R\u00e9solution\u00a0: Full HD (1920 x 1080)<\/li>\n<li><strong>Type de dalle\u00a0: IPS<\/li>\n<li><strong>Fr\u00e9quence de rafra\u00eechissement\u00a0: 60\u00a0Hz<\/li>\n<li><strong>Interface\u00a0: eDP 30\u00a0broches<\/li>\n<li><strong>Finition\u00a0: Mat (antireflet)<\/li>\n<li><strong>\u00c9tat\u00a0: Neuf<\/li>\n<li><strong>Inclus\u00a0: Ruban adh\u00e9sif double face<\/li>\n<li><strong>Remarque\u00a0: Supports sup\u00e9rieur et inf\u00e9rieur non inclus<\/li>\n<\/ul>\n","protected":false},"excerpt":{"rendered":"<p>Ce nouvel \u00e9cran LCD M125NWF4 offre un affichage IPS Full HD de 12,5 pouces avec une finition mate, un taux de rafra\u00eechissement de 60 Hz et une interface eDP 30 broches. Id\u00e9al pour remplacer un ordinateur portable, il est fourni avec du ruban adh\u00e9sif double face pour une installation facile, mais sans supports sup\u00e9rieur et inf\u00e9rieur.<\/p>\n","protected":false},"featured_media":16349,"template":"","meta":[],"product_brand":[],"product_cat":[111,95],"product_tag":[],"class_list":{"0":"post-16329","1":"product","2":"type-product","3":"status-publish","4":"has-post-thumbnail","6":"product_cat-12-5-new-laptop-screens-lcd-panels","7":"product_cat-new-laptop-screens-lcd-panels","9":"first","10":"instock","11":"taxable","12":"shipping-taxable","13":"purchasable","14":"product-type-simple"},"_links":{"self":[{"href":"https:\/\/boreait.com\/fr\/wp-json\/wp\/v2\/product\/16329","targetHints":{"allow":["GET"]}}],"collection":[{"href":"https:\/\/boreait.com\/fr\/wp-json\/wp\/v2\/product"}],"about":[{"href":"https:\/\/boreait.com\/fr\/wp-json\/wp\/v2\/types\/product"}],"wp:featuredmedia":[{"embeddable":true,"href":"https:\/\/boreait.com\/fr\/wp-json\/wp\/v2\/media\/16349"}],"wp:attachment":[{"href":"https:\/\/boreait.com\/fr\/wp-json\/wp\/v2\/media?parent=16329"}],"wp:term":[{"taxonomy":"product_brand","embeddable":true,"href":"https:\/\/boreait.com\/fr\/wp-json\/wp\/v2\/product_brand?post=16329"},{"taxonomy":"product_cat","embeddable":true,"href":"https:\/\/boreait.com\/fr\/wp-json\/wp\/v2\/product_cat?post=16329"},{"taxonomy":"product_tag","embeddable":true,"href":"https:\/\/boreait.com\/fr\/wp-json\/wp\/v2\/product_tag?post=16329"}],"curies":[{"name":"wp","href":"https:\/\/api.w.org\/{rel}","templated":true}]}}