{"id":16328,"date":"2025-09-16T16:25:06","date_gmt":"2025-09-16T14:25:06","guid":{"rendered":"https:\/\/boreait.com\/fr\/?post_type=product&#038;p=16328"},"modified":"2025-09-16T16:25:16","modified_gmt":"2025-09-16T14:25:16","slug":"ecran-lcd-125-n125hce-gn1-fhd-ips-30-broches-led-mat-edp-60-hz-neuf","status":"publish","type":"product","link":"https:\/\/boreait.com\/fr\/produit\/ecran-lcd-125-n125hce-gn1-fhd-ips-30-broches-led-mat-edp-60-hz-neuf\/","title":{"rendered":"\u00c9cran LCD 12,5&Prime; N125HCE-GN1 FHD IPS 30 broches LED mat eDP 60 Hz &#8211; Neuf"},"content":{"rendered":"<p>Mod\u00e8le d&rsquo;\u00e9cran LCD actuel\u00a0: B125HAN02.2 V.5 \u2013 ENTI\u00c8REMENT COMPATIBLE AVEC L&rsquo;\u00c9CRAN D&rsquo;ORDINATEUR PORTABLE N125HCE-GN1<\/p>\n<p>Am\u00e9liorez l&rsquo;\u00e9cran de votre ordinateur portable avec ce tout nouvel \u00e9cran LCD N125HCE-GN1 de 12,5 pouces, con\u00e7u pour offrir une clart\u00e9 Full HD (1920 x 1080) exceptionnelle et des couleurs \u00e9clatantes. Dot\u00e9 de la technologie IPS, cet \u00e9cran offre un grand angle de vision sans distorsion des couleurs, ce qui le rend id\u00e9al pour une vari\u00e9t\u00e9 d&rsquo;utilisations professionnelles et personnelles. Sa finition mate r\u00e9duit les reflets, id\u00e9al pour travailler dans diff\u00e9rentes conditions d&rsquo;\u00e9clairage. Avec un taux de rafra\u00eechissement de 60\u00a0Hz, cet \u00e9cran offre des images fluides, tandis que le r\u00e9tro\u00e9clairage LED \u00e9conome en \u00e9nergie garantit une consommation d&rsquo;\u00e9nergie r\u00e9duite. L&rsquo;interface eDP \u00e0 30\u00a0broches offre une connectivit\u00e9 rapide et fiable, tandis que son profil fin est id\u00e9al pour les ordinateurs portables l\u00e9gers. Cet \u00e9cran est fourni avec un ruban adh\u00e9sif double-face pour une installation s\u00e9curis\u00e9e, mais est fourni sans supports sup\u00e9rieur et inf\u00e9rieur, ce qui le rend compatible avec les mod\u00e8les d&rsquo;ordinateurs portables qui ne n\u00e9cessitent pas ces composants de fixation.<\/p>\n","protected":false},"excerpt":{"rendered":"<p>Le N125HCE-GN1 est un \u00e9cran LCD FHD 12,5&Prime; dot\u00e9 de la technologie IPS, offrant des images \u00e9clatantes et une finition mate r\u00e9duisant les reflets. Ce nouvel \u00e9cran, \u00e9quip\u00e9 d&rsquo;un connecteur eDP 30 broches, est fourni avec un ruban adh\u00e9sif double face pour une installation facile, mais les supports sup\u00e9rieur et inf\u00e9rieur sont fournis sans.<\/p>\n","protected":false},"featured_media":16349,"template":"","meta":[],"product_brand":[],"product_cat":[111,95],"product_tag":[],"class_list":{"0":"post-16328","1":"product","2":"type-product","3":"status-publish","4":"has-post-thumbnail","6":"product_cat-12-5-new-laptop-screens-lcd-panels","7":"product_cat-new-laptop-screens-lcd-panels","9":"first","10":"instock","11":"taxable","12":"shipping-taxable","13":"purchasable","14":"product-type-simple"},"_links":{"self":[{"href":"https:\/\/boreait.com\/fr\/wp-json\/wp\/v2\/product\/16328","targetHints":{"allow":["GET"]}}],"collection":[{"href":"https:\/\/boreait.com\/fr\/wp-json\/wp\/v2\/product"}],"about":[{"href":"https:\/\/boreait.com\/fr\/wp-json\/wp\/v2\/types\/product"}],"wp:featuredmedia":[{"embeddable":true,"href":"https:\/\/boreait.com\/fr\/wp-json\/wp\/v2\/media\/16349"}],"wp:attachment":[{"href":"https:\/\/boreait.com\/fr\/wp-json\/wp\/v2\/media?parent=16328"}],"wp:term":[{"taxonomy":"product_brand","embeddable":true,"href":"https:\/\/boreait.com\/fr\/wp-json\/wp\/v2\/product_brand?post=16328"},{"taxonomy":"product_cat","embeddable":true,"href":"https:\/\/boreait.com\/fr\/wp-json\/wp\/v2\/product_cat?post=16328"},{"taxonomy":"product_tag","embeddable":true,"href":"https:\/\/boreait.com\/fr\/wp-json\/wp\/v2\/product_tag?post=16328"}],"curies":[{"name":"wp","href":"https:\/\/api.w.org\/{rel}","templated":true}]}}