{"id":16327,"date":"2025-09-16T16:25:06","date_gmt":"2025-09-16T14:25:06","guid":{"rendered":"https:\/\/boreait.com\/fr\/?post_type=product&#038;p=16327"},"modified":"2025-09-16T16:25:15","modified_gmt":"2025-09-16T14:25:15","slug":"nouvel-ecran-lcd-125-b125han02-2-v-5-fhd-ips-30-broches-mat-60-hz-adhesif","status":"publish","type":"product","link":"https:\/\/boreait.com\/fr\/produit\/nouvel-ecran-lcd-125-b125han02-2-v-5-fhd-ips-30-broches-mat-60-hz-adhesif\/","title":{"rendered":"Nouvel \u00e9cran LCD 12,5&Prime; B125HAN02.2 V.5, FHD, IPS, 30 broches, mat, 60 Hz, adh\u00e9sif"},"content":{"rendered":"<p>Am\u00e9liorez l&rsquo;\u00e9cran de votre ordinateur portable avec l&rsquo;\u00e9cran LCD B125HAN02.2 V.5, con\u00e7u pour une clart\u00e9 exceptionnelle et une exp\u00e9rience visuelle \u00e9clatante. Cet \u00e9cran IPS Full HD (1920 x 1080) de 12,5 pouces offre une reproduction des couleurs impressionnante et de larges angles de vision, garantissant une visibilit\u00e9 et une qualit\u00e9 d&rsquo;image optimales. Sa finition mate minimise les reflets, ce qui pr\u00e9serve la vue, notamment en cas d&rsquo;utilisation prolong\u00e9e.<\/p>\n<p>Avec une connexion eDP 30 broches et un taux de rafra\u00eechissement de 60 Hz, cet \u00e9cran est id\u00e9al pour les applications quotidiennes, des t\u00e2ches professionnelles au multim\u00e9dia. L&rsquo;installation est simplifi\u00e9e gr\u00e2ce au ruban adh\u00e9sif double-face inclus, permettant une fixation s\u00fbre sans supports sup\u00e9rieurs ou inf\u00e9rieurs. Profitez d&rsquo;une qualit\u00e9 d&rsquo;affichage am\u00e9lior\u00e9e avec ce tout nouvel \u00e9cran LED pr\u00eat \u00e0 transformer votre appareil. <\/p>\n<p><strong>Points forts du produit\u00a0:<\/strong><\/p>\n<ul>\n<li><strong>Mod\u00e8le\u00a0:<\/strong> B125HAN02.2 V.5<\/li>\n<li><strong>Taille\u00a0:<\/strong> 12,5 pouces<\/li>\n<li><strong>R\u00e9solution\u00a0:<\/strong> Full HD (1920 x 1080)<\/li>\n<li><strong>Technologie\u00a0:<\/strong> IPS pour une meilleure pr\u00e9cision des couleurs et de larges angles de vision<\/li>\n<li><strong>Finition\u00a0:<\/strong> Mate pour r\u00e9duire les reflets<\/li>\n<li><strong>Connecteur\u00a0:<\/strong> eDP 30 broches<\/li>\n<li><strong>Fr\u00e9quence de rafra\u00eechissement\u00a0:<\/strong> 60 Hz<\/li>\n<li><strong>Fixation\u00a0:<\/strong> Ruban adh\u00e9sif inclus\u00a0; Supports non requis.\n<li><strong>\u00c9tat\u00a0:<\/strong> Neuf.<\/li>\n<\/ul>\n<p>Que vous remplaciez un ancien \u00e9cran ou que vous le modernisiez pour une meilleure qualit\u00e9 d&rsquo;affichage, l&rsquo;\u00e9cran LCD B125HAN02.2 V.5 est parfaitement adapt\u00e9, garantissant une exp\u00e9rience visuelle de haute qualit\u00e9 et une installation facile.<\/p>\n","protected":false},"excerpt":{"rendered":"<p>\u00c9cran LCD FHD 12,5&Prime; (B125HAN02.2 V.5) avec technologie IPS, finition mate, connecteur eDP 30 broches et ruban adh\u00e9sif pour une installation facile. Id\u00e9al pour une exp\u00e9rience visuelle nette et sans reflets.<\/p>\n","protected":false},"featured_media":16349,"template":"","meta":[],"product_brand":[],"product_cat":[111,95],"product_tag":[],"class_list":{"0":"post-16327","1":"product","2":"type-product","3":"status-publish","4":"has-post-thumbnail","6":"product_cat-12-5-new-laptop-screens-lcd-panels","7":"product_cat-new-laptop-screens-lcd-panels","9":"first","10":"instock","11":"taxable","12":"shipping-taxable","13":"purchasable","14":"product-type-simple"},"_links":{"self":[{"href":"https:\/\/boreait.com\/fr\/wp-json\/wp\/v2\/product\/16327","targetHints":{"allow":["GET"]}}],"collection":[{"href":"https:\/\/boreait.com\/fr\/wp-json\/wp\/v2\/product"}],"about":[{"href":"https:\/\/boreait.com\/fr\/wp-json\/wp\/v2\/types\/product"}],"wp:featuredmedia":[{"embeddable":true,"href":"https:\/\/boreait.com\/fr\/wp-json\/wp\/v2\/media\/16349"}],"wp:attachment":[{"href":"https:\/\/boreait.com\/fr\/wp-json\/wp\/v2\/media?parent=16327"}],"wp:term":[{"taxonomy":"product_brand","embeddable":true,"href":"https:\/\/boreait.com\/fr\/wp-json\/wp\/v2\/product_brand?post=16327"},{"taxonomy":"product_cat","embeddable":true,"href":"https:\/\/boreait.com\/fr\/wp-json\/wp\/v2\/product_cat?post=16327"},{"taxonomy":"product_tag","embeddable":true,"href":"https:\/\/boreait.com\/fr\/wp-json\/wp\/v2\/product_tag?post=16327"}],"curies":[{"name":"wp","href":"https:\/\/api.w.org\/{rel}","templated":true}]}}