{"id":16326,"date":"2025-09-16T16:25:06","date_gmt":"2025-09-16T14:25:06","guid":{"rendered":"https:\/\/boreait.com\/fr\/?post_type=product&#038;p=16326"},"modified":"2025-09-16T16:25:15","modified_gmt":"2025-09-16T14:25:15","slug":"nouvel-ecran-lcd-133-0dtmd6-mat-wxga-1366x768-edp-30-broches-non-tactile-avec-supports","status":"publish","type":"product","link":"https:\/\/boreait.com\/fr\/produit\/nouvel-ecran-lcd-133-0dtmd6-mat-wxga-1366x768-edp-30-broches-non-tactile-avec-supports\/","title":{"rendered":"Nouvel \u00e9cran LCD 13,3&Prime; 0DTMD6 mat WXGA 1366&#215;768 eDP 30 broches non tactile avec supports"},"content":{"rendered":"<p>Mod\u00e8le d&rsquo;\u00e9cran LCD\u00a0: NT133WHM-N46 \u2013 ENTI\u00c8REMENT COMPATIBLE AVEC L&rsquo;\u00c9CRAN D&rsquo;ORDINATEUR PORTABLE 0DTMD6<\/p>\n<p>Am\u00e9liorez ou remplacez l&rsquo;\u00e9cran de votre ordinateur portable avec cet \u00e9cran LCD 13,3&Prime; haute qualit\u00e9 (mod\u00e8le\u00a0: 0DTMD6). Con\u00e7u pour les ordinateurs portables non tactiles, il pr\u00e9sente une surface mate pour r\u00e9duire les reflets et am\u00e9liorer le confort de vision. L&rsquo;\u00e9cran offre une r\u00e9solution WXGA de 1366 x 768, offrant des images nettes et claires. Dot\u00e9 d&rsquo;un connecteur 30 broches et d&rsquo;une interface eDP, cet \u00e9cran est compatible avec de nombreux ordinateurs portables n\u00e9cessitant une dalle LED non IPS. Il est fourni avec des supports sup\u00e9rieur et inf\u00e9rieur pour une installation facile et s\u00e9curis\u00e9e. Que vous remplaciez un \u00e9cran endommag\u00e9 ou que vous en mettiez un ancien \u00e0 niveau, ce nouvel \u00e9cran LCD offre des performances fiables et une qualit\u00e9 d&rsquo;image \u00e9clatante. \u00c9tat\u00a0: Neuf.<\/p>\n","protected":false},"excerpt":{"rendered":"<p>Ce tout nouvel \u00e9cran LCD 13,3&Prime; (mod\u00e8le\u00a0: 0DTMD6) est id\u00e9al pour remplacer l&rsquo;\u00e9cran de votre ordinateur portable. Dot\u00e9 d&rsquo;un connecteur 30 broches, il offre une finition mate, une r\u00e9solution WXGA de 1366 x 768 et une interface eDP. Id\u00e9al pour les mod\u00e8les non tactiles, cet \u00e9cran est \u00e9quip\u00e9 de supports sup\u00e9rieurs et inf\u00e9rieurs pour une installation facile.<\/p>\n","protected":false},"featured_media":16318,"template":"","meta":[],"product_brand":[],"product_cat":[112,95],"product_tag":[],"class_list":{"0":"post-16326","1":"product","2":"type-product","3":"status-publish","4":"has-post-thumbnail","6":"product_cat-13-3-new-laptop-screens-lcd-panels","7":"product_cat-new-laptop-screens-lcd-panels","9":"first","10":"instock","11":"taxable","12":"shipping-taxable","13":"purchasable","14":"product-type-simple"},"_links":{"self":[{"href":"https:\/\/boreait.com\/fr\/wp-json\/wp\/v2\/product\/16326","targetHints":{"allow":["GET"]}}],"collection":[{"href":"https:\/\/boreait.com\/fr\/wp-json\/wp\/v2\/product"}],"about":[{"href":"https:\/\/boreait.com\/fr\/wp-json\/wp\/v2\/types\/product"}],"wp:featuredmedia":[{"embeddable":true,"href":"https:\/\/boreait.com\/fr\/wp-json\/wp\/v2\/media\/16318"}],"wp:attachment":[{"href":"https:\/\/boreait.com\/fr\/wp-json\/wp\/v2\/media?parent=16326"}],"wp:term":[{"taxonomy":"product_brand","embeddable":true,"href":"https:\/\/boreait.com\/fr\/wp-json\/wp\/v2\/product_brand?post=16326"},{"taxonomy":"product_cat","embeddable":true,"href":"https:\/\/boreait.com\/fr\/wp-json\/wp\/v2\/product_cat?post=16326"},{"taxonomy":"product_tag","embeddable":true,"href":"https:\/\/boreait.com\/fr\/wp-json\/wp\/v2\/product_tag?post=16326"}],"curies":[{"name":"wp","href":"https:\/\/api.w.org\/{rel}","templated":true}]}}