{"id":16325,"date":"2025-09-16T16:25:05","date_gmt":"2025-09-16T14:25:05","guid":{"rendered":"https:\/\/boreait.com\/fr\/?post_type=product&#038;p=16325"},"modified":"2025-09-16T16:25:14","modified_gmt":"2025-09-16T14:25:14","slug":"ecran-lcd-133-m133nwn1-r3-r4-wxga-mat-1366-x-768-30-broches-led-neuf","status":"publish","type":"product","link":"https:\/\/boreait.com\/fr\/produit\/ecran-lcd-133-m133nwn1-r3-r4-wxga-mat-1366-x-768-30-broches-led-neuf\/","title":{"rendered":"\u00c9cran LCD 13,3&Prime; M133NWN1 R3\/R4 &#8211; WXGA mat 1366 x 768, 30 broches, LED, neuf"},"content":{"rendered":"<p>Mod\u00e8le d&rsquo;\u00e9cran LCD actuel\u00a0: NT133WHM-N46 \u2013 ENTI\u00c8REMENT COMPATIBLE AVEC L&rsquo;\u00c9CRAN D&rsquo;ORDINATEUR PORTABLE M133NWN1 R3 R4<\/p>\n<p>Cet \u00e9cran de remplacement de haute qualit\u00e9 est id\u00e9al pour redonner vie \u00e0 votre ordinateur portable, offrant des images claires et nettes sur un \u00e9cran mat et antireflet. Avec une r\u00e9solution WXGA de 13,3 pouces (1366 x 768), cet \u00e9cran offre des couleurs vives et une clart\u00e9 optimale, sans reflets g\u00eanants, ce qui le rend id\u00e9al pour une utilisation dans diverses conditions d&rsquo;\u00e9clairage.<\/p>\n<p>Con\u00e7u pour \u00eatre compatible avec les mod\u00e8les M133NWN1 R3 et R4, cet \u00e9cran LCD est \u00e9quip\u00e9 de supports de fixation sup\u00e9rieurs et inf\u00e9rieurs pour une installation facile. Sa connexion eDP 30 broches garantit une exp\u00e9rience fiable et r\u00e9active, tandis que la technologie LED offre une luminosit\u00e9 et une efficacit\u00e9 \u00e9nerg\u00e9tique constantes. Construit avec la technologie non IPS, cet \u00e9cran est durable et adapt\u00e9 aux besoins informatiques quotidiens. <\/p>\n<p>Que vous remplaciez un \u00e9cran endommag\u00e9 ou que vous mettiez \u00e0 niveau l&rsquo;affichage de votre ordinateur portable, ce tout nouvel \u00e9cran LCD est con\u00e7u pour r\u00e9pondre aux normes de qualit\u00e9, offrant une exp\u00e9rience visuelle satisfaisante.<\/p>\n","protected":false},"excerpt":{"rendered":"<p>Optimisez votre ordinateur portable avec cet \u00e9cran LCD 13,3&Prime; (M133NWN1 R3\/R4) dot\u00e9 d&rsquo;une connexion eDP 30 broches et d&rsquo;une finition mate. Avec sa r\u00e9solution WXGA de 1366 x 768, il offre des images nettes et sans reflets, gr\u00e2ce \u00e0 ses supports de fixation sup\u00e9rieurs et inf\u00e9rieurs pour une installation facile. Adapt\u00e9 \u00e0 un usage quotidien, ce nouvel \u00e9cran est r\u00e9tro\u00e9clair\u00e9 par LED pour une luminosit\u00e9 constante et une faible consommation d&rsquo;\u00e9nergie.<\/p>\n","protected":false},"featured_media":16318,"template":"","meta":[],"product_brand":[],"product_cat":[112,95],"product_tag":[],"class_list":{"0":"post-16325","1":"product","2":"type-product","3":"status-publish","4":"has-post-thumbnail","6":"product_cat-13-3-new-laptop-screens-lcd-panels","7":"product_cat-new-laptop-screens-lcd-panels","9":"first","10":"instock","11":"taxable","12":"shipping-taxable","13":"purchasable","14":"product-type-simple"},"_links":{"self":[{"href":"https:\/\/boreait.com\/fr\/wp-json\/wp\/v2\/product\/16325","targetHints":{"allow":["GET"]}}],"collection":[{"href":"https:\/\/boreait.com\/fr\/wp-json\/wp\/v2\/product"}],"about":[{"href":"https:\/\/boreait.com\/fr\/wp-json\/wp\/v2\/types\/product"}],"wp:featuredmedia":[{"embeddable":true,"href":"https:\/\/boreait.com\/fr\/wp-json\/wp\/v2\/media\/16318"}],"wp:attachment":[{"href":"https:\/\/boreait.com\/fr\/wp-json\/wp\/v2\/media?parent=16325"}],"wp:term":[{"taxonomy":"product_brand","embeddable":true,"href":"https:\/\/boreait.com\/fr\/wp-json\/wp\/v2\/product_brand?post=16325"},{"taxonomy":"product_cat","embeddable":true,"href":"https:\/\/boreait.com\/fr\/wp-json\/wp\/v2\/product_cat?post=16325"},{"taxonomy":"product_tag","embeddable":true,"href":"https:\/\/boreait.com\/fr\/wp-json\/wp\/v2\/product_tag?post=16325"}],"curies":[{"name":"wp","href":"https:\/\/api.w.org\/{rel}","templated":true}]}}