{"id":16323,"date":"2025-09-16T16:25:05","date_gmt":"2025-09-16T14:25:05","guid":{"rendered":"https:\/\/boreait.com\/fr\/?post_type=product&#038;p=16323"},"modified":"2025-09-16T16:25:14","modified_gmt":"2025-09-16T14:25:14","slug":"ecran-lcd-133-b133xtn01-3-b133xtn01-6-mat-30-broches-non-tactile-neuf-wxga","status":"publish","type":"product","link":"https:\/\/boreait.com\/fr\/produit\/ecran-lcd-133-b133xtn01-3-b133xtn01-6-mat-30-broches-non-tactile-neuf-wxga\/","title":{"rendered":"\u00c9cran LCD 13,3&Prime; B133XTN01.3 B133XTN01.6 mat, 30 broches, non tactile, neuf, WXGA"},"content":{"rendered":"<p>Mod\u00e8le d&rsquo;\u00e9cran LCD\u00a0: NT133WHM-N46 \u2013 ENTI\u00c8REMENT COMPATIBLE AVEC LES \u00c9CRANS D&rsquo;ORDINATEUR PORTABLE B133XTN01.3 et B133XTN01.6<\/p>\n<p>Am\u00e9liorez votre exp\u00e9rience utilisateur avec cet \u00e9cran LCD de remplacement haut de gamme de 13,3 pouces, con\u00e7u pour les s\u00e9ries B133XTN01.3 et B133XTN01.6. Con\u00e7u pour offrir des images nettes, cet \u00e9cran est id\u00e9al pour les utilisateurs souhaitant restaurer ou am\u00e9liorer l&rsquo;affichage de leur ordinateur portable. Principales caract\u00e9ristiques\u00a0:<\/p>\n<ul>\n<li><strong>Compatibilit\u00e9<\/strong>\u00a0: Cet \u00e9cran LCD est compatible avec les ordinateurs portables compatibles avec les mod\u00e8les d&rsquo;\u00e9cran B133XTN01.3 et B133XTN01.6, offrant une int\u00e9gration parfaite.<\/li>\n<li><strong>Qualit\u00e9 d&rsquo;affichage<\/strong>\u00a0: Avec une r\u00e9solution de 1\u00a0366 x 768 (WXGA), cet \u00e9cran offre des images claires et d\u00e9taill\u00e9es, id\u00e9ales pour une utilisation quotidienne, le streaming, etc.<\/li>\n<li><strong>Finition mate<\/strong>\u00a0: Sa surface mate et non tactile minimise les reflets, ce qui la rend plus agr\u00e9able pour les yeux et id\u00e9ale pour une utilisation dans diverses conditions d&rsquo;\u00e9clairage.<\/li>\n<li><strong>Connecteur 30 broches<\/strong>\u00a0: \u00c9quip\u00e9 d&rsquo;un connecteur eDP 30 broches standard, il assure la compatibilit\u00e9 avec une large gamme d&rsquo;ordinateurs portables.<\/li>\n<li><strong>R\u00e9tro\u00e9clairage LED<\/strong>\u00a0: Le r\u00e9tro\u00e9clairage LED \u00e9co\u00e9nerg\u00e9tique offre des images \u00e9clatantes tout en r\u00e9duisant la consommation d&rsquo;\u00e9nergie. Consommation \u00e9nerg\u00e9tique r\u00e9duite, prolongeant ainsi l&rsquo;autonomie de la batterie.<\/li>\n<li><strong>Installation facile<\/strong>\u00a0: Con\u00e7u avec des supports sup\u00e9rieur et inf\u00e9rieur, cet \u00e9cran est simple \u00e0 installer, m\u00eame pour les personnes sans expertise technique.<\/li>\n<\/ul>\n<p>Cet \u00e9cran non IPS est une solution de remplacement id\u00e9ale pour les utilisateurs qui privil\u00e9gient un \u00e9cran simple, de haute qualit\u00e9 et fiable. Que vous remplaciez un \u00e9cran endommag\u00e9 ou que vous le mettiez simplement \u00e0 niveau, ce nouvel \u00e9cran LCD promet d&rsquo;am\u00e9liorer l&rsquo;exp\u00e9rience visuelle de votre ordinateur portable.<\/p>\n","protected":false},"excerpt":{"rendered":"<p>Am\u00e9liorez votre ordinateur portable avec cet \u00e9cran LCD 13,3&Prime; de haute qualit\u00e9, compatible avec les mod\u00e8les B133XTN01.3 et B133XTN01.6. Dot\u00e9 d&rsquo;un \u00e9cran mat non tactile d&rsquo;une r\u00e9solution de 1366 x 768 (WXGA), cet \u00e9cran offre des images nettes tout en r\u00e9duisant les reflets. Con\u00e7u avec des supports sup\u00e9rieurs et inf\u00e9rieurs pour une installation facile, il comprend un connecteur eDP 30 broches et un r\u00e9tro\u00e9clairage LED pour une meilleure efficacit\u00e9 \u00e9nerg\u00e9tique. Cette toute nouvelle dalle non IPS est id\u00e9ale pour ceux qui recherchent un \u00e9cran de remplacement fiable.<\/p>\n","protected":false},"featured_media":16318,"template":"","meta":[],"product_brand":[],"product_cat":[112,95],"product_tag":[],"class_list":{"0":"post-16323","1":"product","2":"type-product","3":"status-publish","4":"has-post-thumbnail","6":"product_cat-13-3-new-laptop-screens-lcd-panels","7":"product_cat-new-laptop-screens-lcd-panels","9":"first","10":"instock","11":"taxable","12":"shipping-taxable","13":"purchasable","14":"product-type-simple"},"_links":{"self":[{"href":"https:\/\/boreait.com\/fr\/wp-json\/wp\/v2\/product\/16323","targetHints":{"allow":["GET"]}}],"collection":[{"href":"https:\/\/boreait.com\/fr\/wp-json\/wp\/v2\/product"}],"about":[{"href":"https:\/\/boreait.com\/fr\/wp-json\/wp\/v2\/types\/product"}],"wp:featuredmedia":[{"embeddable":true,"href":"https:\/\/boreait.com\/fr\/wp-json\/wp\/v2\/media\/16318"}],"wp:attachment":[{"href":"https:\/\/boreait.com\/fr\/wp-json\/wp\/v2\/media?parent=16323"}],"wp:term":[{"taxonomy":"product_brand","embeddable":true,"href":"https:\/\/boreait.com\/fr\/wp-json\/wp\/v2\/product_brand?post=16323"},{"taxonomy":"product_cat","embeddable":true,"href":"https:\/\/boreait.com\/fr\/wp-json\/wp\/v2\/product_cat?post=16323"},{"taxonomy":"product_tag","embeddable":true,"href":"https:\/\/boreait.com\/fr\/wp-json\/wp\/v2\/product_tag?post=16323"}],"curies":[{"name":"wp","href":"https:\/\/api.w.org\/{rel}","templated":true}]}}