{"id":16321,"date":"2025-09-16T16:25:04","date_gmt":"2025-09-16T14:25:04","guid":{"rendered":"https:\/\/boreait.com\/fr\/?post_type=product&#038;p=16321"},"modified":"2025-09-16T16:25:13","modified_gmt":"2025-09-16T14:25:13","slug":"ecran-lcd-133-nt133whm-n35-n45-n47-wxga-mat-edp-30-broches-non-tactile-neuf","status":"publish","type":"product","link":"https:\/\/boreait.com\/fr\/produit\/ecran-lcd-133-nt133whm-n35-n45-n47-wxga-mat-edp-30-broches-non-tactile-neuf\/","title":{"rendered":"\u00c9cran LCD 13,3&Prime; NT133WHM-N35\/N45\/N47 WXGA mat eDP 30 broches non tactile, neuf"},"content":{"rendered":"<p>Mod\u00e8le d&rsquo;\u00e9cran LCD actuel\u00a0: NT133WHM-N46 \u2013 ENTI\u00c8REMENT COMPATIBLE AVEC LES \u00c9CRANS D&rsquo;ORDINATEUR PORTABLE NT133WHM-N35, NT133WHM-N45, NT133WHM-N47<\/p>\n<p>Am\u00e9liorez votre appareil avec cet \u00e9cran LCD 13,3 pouces de haute qualit\u00e9, con\u00e7u pour offrir des images nettes et claires. Cet \u00e9cran non tactile, mod\u00e8le NT133WHM-N35\/NT133WHM-N45\/NT133WHM-N47, offre une r\u00e9solution WXGA 1366 x 768 pour une qualit\u00e9 d&rsquo;image nette et est id\u00e9al pour les utilisateurs recherchant un \u00e9cran mat r\u00e9duisant les reflets. Dot\u00e9 d&rsquo;une connexion eDP 30 broches, il assure la compatibilit\u00e9 avec une grande vari\u00e9t\u00e9 d&rsquo;ordinateurs portables et offre des performances fiables. L&rsquo;\u00e9cran est fourni avec des supports sup\u00e9rieurs et inf\u00e9rieurs pour une installation facile et un remplacement ais\u00e9. Que vous r\u00e9pariez un \u00e9cran endommag\u00e9 ou que vous remplaciez votre \u00e9cran existant, ce tout nouvel \u00e9cran LED est id\u00e9al. con\u00e7u pour durer, offrant des visuels \u00e9clatants sans les limitations d&rsquo;un panneau IPS.<\/p>\n","protected":false},"excerpt":{"rendered":"<p>Cet \u00e9cran LCD 13,3&Prime; (mod\u00e8le NT133WHM-N35\/NT133WHM-N45\/NT133WHM-N47) est id\u00e9al pour la r\u00e9paration et la mise \u00e0 niveau de votre ordinateur portable. Il offre une r\u00e9solution WXGA mate de 1366 x 768, une connexion eDP 30 broches et des supports sup\u00e9rieurs et inf\u00e9rieurs. Neuf et non IPS, il offre des images nettes gr\u00e2ce au r\u00e9tro\u00e9clairage LED.<\/p>\n","protected":false},"featured_media":16318,"template":"","meta":[],"product_brand":[],"product_cat":[112,95],"product_tag":[],"class_list":{"0":"post-16321","1":"product","2":"type-product","3":"status-publish","4":"has-post-thumbnail","6":"product_cat-13-3-new-laptop-screens-lcd-panels","7":"product_cat-new-laptop-screens-lcd-panels","9":"first","10":"instock","11":"taxable","12":"shipping-taxable","13":"purchasable","14":"product-type-simple"},"_links":{"self":[{"href":"https:\/\/boreait.com\/fr\/wp-json\/wp\/v2\/product\/16321","targetHints":{"allow":["GET"]}}],"collection":[{"href":"https:\/\/boreait.com\/fr\/wp-json\/wp\/v2\/product"}],"about":[{"href":"https:\/\/boreait.com\/fr\/wp-json\/wp\/v2\/types\/product"}],"wp:featuredmedia":[{"embeddable":true,"href":"https:\/\/boreait.com\/fr\/wp-json\/wp\/v2\/media\/16318"}],"wp:attachment":[{"href":"https:\/\/boreait.com\/fr\/wp-json\/wp\/v2\/media?parent=16321"}],"wp:term":[{"taxonomy":"product_brand","embeddable":true,"href":"https:\/\/boreait.com\/fr\/wp-json\/wp\/v2\/product_brand?post=16321"},{"taxonomy":"product_cat","embeddable":true,"href":"https:\/\/boreait.com\/fr\/wp-json\/wp\/v2\/product_cat?post=16321"},{"taxonomy":"product_tag","embeddable":true,"href":"https:\/\/boreait.com\/fr\/wp-json\/wp\/v2\/product_tag?post=16321"}],"curies":[{"name":"wp","href":"https:\/\/api.w.org\/{rel}","templated":true}]}}