{"id":16319,"date":"2025-09-16T16:25:04","date_gmt":"2025-09-16T14:25:04","guid":{"rendered":"https:\/\/boreait.com\/fr\/?post_type=product&#038;p=16319"},"modified":"2025-09-16T16:25:11","modified_gmt":"2025-09-16T14:25:11","slug":"ecran-lcd-pour-acer-aspire-e13-es1-332-133-wxga-mat-30-broches-avec-supports-neuf","status":"publish","type":"product","link":"https:\/\/boreait.com\/fr\/produit\/ecran-lcd-pour-acer-aspire-e13-es1-332-133-wxga-mat-30-broches-avec-supports-neuf\/","title":{"rendered":"\u00c9cran LCD pour Acer Aspire E13 ES1-332 13,3&Prime; WXGA mat 30 broches avec supports, neuf"},"content":{"rendered":"<p>Mod\u00e8le d&rsquo;\u00e9cran LCD\u00a0: NT133WHM-N46 \u2013 ENTI\u00c8REMENT COMPATIBLE AVEC L&rsquo;\u00c9CRAN D&rsquo;ORDINATEUR PORTABLE Acer Aspire E13 ES1-332-P91H C5KN C2HU &#8211; non tactile<\/p>\n<p>Am\u00e9liorez votre Acer Aspire E13 (mod\u00e8les ES1-332-P91H, C5KN, C2HU) avec cet \u00e9cran LCD de remplacement de haute qualit\u00e9. Con\u00e7u sp\u00e9cifiquement pour les mod\u00e8les Acer 13,3 pouces non tactiles, cet \u00e9cran offre une r\u00e9solution WXGA nette de 1366 x 768 sur un \u00e9cran mat pour r\u00e9duire les reflets. Il utilise un r\u00e9tro\u00e9clairage LED pour une luminosit\u00e9 et une efficacit\u00e9 \u00e9nerg\u00e9tique constantes et se connecte via une interface eDP 30 broches, garantissant ainsi la compatibilit\u00e9 avec votre appareil.<\/p>\n<p>L&rsquo;\u00e9cran est \u00e9quip\u00e9 de supports sup\u00e9rieur et inf\u00e9rieur pour une installation facile et une fixation s\u00fbre et stable. Il s&rsquo;agit d&rsquo;une dalle non IPS, id\u00e9ale pour la productivit\u00e9 quotidienne, la navigation g\u00e9n\u00e9rale et l&rsquo;utilisation multim\u00e9dia. Sa finition mate r\u00e9duit les reflets, offrant une exp\u00e9rience visuelle confortable m\u00eame dans des environnements tr\u00e8s \u00e9clair\u00e9s.<\/p>\n<p>Veuillez noter que cet \u00e9cran de remplacement est neuf et a \u00e9t\u00e9 soigneusement inspect\u00e9 pour r\u00e9pondre \u00e0 des normes de qualit\u00e9 et de durabilit\u00e9 \u00e9lev\u00e9es. Id\u00e9al pour remplacer un \u00e9cran endommag\u00e9 ou non fonctionnel, il restaure les performances optimales de votre ordinateur portable Acer Aspire E13, pr\u00eat pour le travail, les \u00e9tudes ou les loisirs.<\/p>\n<p>&nbsp;<\/p>\n","protected":false},"excerpt":{"rendered":"<p>\u00c9cran LCD 13,3&Prime; neuf pour les mod\u00e8les Acer Aspire E13 (ES1-332-P91H, C5KN, C2HU). Finition mate, r\u00e9solution WXGA 1366 x 768, connexion eDP 30 broches et supports sup\u00e9rieurs et inf\u00e9rieurs inclus pour une installation facile.<\/p>\n","protected":false},"featured_media":16318,"template":"","meta":[],"product_brand":[],"product_cat":[112,95],"product_tag":[],"class_list":{"0":"post-16319","1":"product","2":"type-product","3":"status-publish","4":"has-post-thumbnail","6":"product_cat-13-3-new-laptop-screens-lcd-panels","7":"product_cat-new-laptop-screens-lcd-panels","9":"first","10":"instock","11":"taxable","12":"shipping-taxable","13":"purchasable","14":"product-type-simple"},"_links":{"self":[{"href":"https:\/\/boreait.com\/fr\/wp-json\/wp\/v2\/product\/16319","targetHints":{"allow":["GET"]}}],"collection":[{"href":"https:\/\/boreait.com\/fr\/wp-json\/wp\/v2\/product"}],"about":[{"href":"https:\/\/boreait.com\/fr\/wp-json\/wp\/v2\/types\/product"}],"wp:featuredmedia":[{"embeddable":true,"href":"https:\/\/boreait.com\/fr\/wp-json\/wp\/v2\/media\/16318"}],"wp:attachment":[{"href":"https:\/\/boreait.com\/fr\/wp-json\/wp\/v2\/media?parent=16319"}],"wp:term":[{"taxonomy":"product_brand","embeddable":true,"href":"https:\/\/boreait.com\/fr\/wp-json\/wp\/v2\/product_brand?post=16319"},{"taxonomy":"product_cat","embeddable":true,"href":"https:\/\/boreait.com\/fr\/wp-json\/wp\/v2\/product_cat?post=16319"},{"taxonomy":"product_tag","embeddable":true,"href":"https:\/\/boreait.com\/fr\/wp-json\/wp\/v2\/product_tag?post=16319"}],"curies":[{"name":"wp","href":"https:\/\/api.w.org\/{rel}","templated":true}]}}