{"id":16313,"date":"2025-09-16T16:24:50","date_gmt":"2025-09-16T14:24:50","guid":{"rendered":"https:\/\/boreait.com\/fr\/?post_type=product&#038;p=16313"},"modified":"2025-09-16T16:25:00","modified_gmt":"2025-09-16T14:25:00","slug":"ecran-lcd-125-031r70-wxga-1366-x-768-mat-led-non-ips-avec-supports-neuf","status":"publish","type":"product","link":"https:\/\/boreait.com\/fr\/produit\/ecran-lcd-125-031r70-wxga-1366-x-768-mat-led-non-ips-avec-supports-neuf\/","title":{"rendered":"\u00c9cran LCD 12,5&Prime; 031R70 WXGA 1366 x 768, mat, LED, non IPS, avec supports, neuf"},"content":{"rendered":"<p>Mod\u00e8le d&rsquo;\u00e9cran LCD actuel\u00a0: B125XTN01.0 \u2013 ENTI\u00c8REMENT COMPATIBLE AVEC L&rsquo;\u00c9CRAN D&rsquo;ORDINATEUR PORTABLE 031R70 31R70<\/p>\n<p>Am\u00e9liorez l&rsquo;affichage de votre ordinateur portable avec ce nouvel \u00e9cran LCD haute qualit\u00e9 (031R70 31R70), con\u00e7u pour am\u00e9liorer votre exp\u00e9rience visuelle gr\u00e2ce \u00e0 son \u00e9cran large de 12,5\u00a0pouces et \u00e0 sa r\u00e9solution WXGA 1366\u00a0x\u00a0768. Cet \u00e9cran offre un profil colorim\u00e9trique S-RGB qui offre des couleurs plus riches et des images nettes. Sa finition mate minimise les reflets, ce qui le rend id\u00e9al dans diverses conditions d&rsquo;\u00e9clairage, tandis que le connecteur eDP 30\u00a0broches assure une alimentation et un transfert de donn\u00e9es efficaces.<\/p>\n<p>Cet \u00e9cran non tactile et non IPS est id\u00e9al pour les utilisateurs qui privil\u00e9gient l&rsquo;efficacit\u00e9 \u00e9nerg\u00e9tique et une qualit\u00e9 de couleur constante sur l&rsquo;ensemble de l&rsquo;\u00e9cran. De plus, il est dot\u00e9 de supports lat\u00e9raux pour une installation facile et s&rsquo;int\u00e8gre parfaitement \u00e0 votre ordinateur portable. Gr\u00e2ce au r\u00e9tro\u00e9clairage LED, cet \u00e9cran offre des images lumineuses et nettes qui am\u00e9liorent la productivit\u00e9 et le confort lors d&rsquo;une utilisation prolong\u00e9e. Redonnez vie \u00e0 votre appareil avec cet \u00e9cran de remplacement fiable et durable.<\/p>\n<p><strong>Caract\u00e9ristiques principales\u00a0:<\/strong><\/p>\n<ul>\n<li>Mod\u00e8le\u00a0: 031R70 31R70<\/li>\n<li>Taille\u00a0: \u00c9cran large 12,5 pouces, non tactile<\/li>\n<li>R\u00e9solution\u00a0: WXGA 1366 x 768<\/li>\n<li>Finition\u00a0: Mat (antireflet)<\/li>\n<li>Connecteur\u00a0: eDP 30 broches<\/li>\n<li>Profil couleur\u00a0: S-RGB<\/li>\n<li>\u00c9tat\u00a0: Neuf, supports lat\u00e9raux inclus<\/li>\n<\/ul>\n<p>Id\u00e9al pour les ordinateurs portables n\u00e9cessitant un \u00e9cran de remplacement de qualit\u00e9 sans fonctionnalit\u00e9 tactile. Cet \u00e9cran am\u00e9liorera les performances de votre appareil avec des visuels \u00e9clatants et des transitions de couleurs fluides pour une utilisation quotidienne.<\/p>\n","protected":false},"excerpt":{"rendered":"<p>\u00c9cran LCD 12,5&Prime; 031R70 31R70 (neuf) avec finition mate, r\u00e9solution 1366&#215;768, r\u00e9tro\u00e9clairage LED et profil de couleur S-RGB. Non tactile, non IPS, avec supports lat\u00e9raux pour une installation facile.<\/p>\n","protected":false},"featured_media":16317,"template":"","meta":[],"product_brand":[],"product_cat":[111,95],"product_tag":[],"class_list":{"0":"post-16313","1":"product","2":"type-product","3":"status-publish","4":"has-post-thumbnail","6":"product_cat-12-5-new-laptop-screens-lcd-panels","7":"product_cat-new-laptop-screens-lcd-panels","9":"first","10":"instock","11":"taxable","12":"shipping-taxable","13":"purchasable","14":"product-type-simple"},"_links":{"self":[{"href":"https:\/\/boreait.com\/fr\/wp-json\/wp\/v2\/product\/16313","targetHints":{"allow":["GET"]}}],"collection":[{"href":"https:\/\/boreait.com\/fr\/wp-json\/wp\/v2\/product"}],"about":[{"href":"https:\/\/boreait.com\/fr\/wp-json\/wp\/v2\/types\/product"}],"wp:featuredmedia":[{"embeddable":true,"href":"https:\/\/boreait.com\/fr\/wp-json\/wp\/v2\/media\/16317"}],"wp:attachment":[{"href":"https:\/\/boreait.com\/fr\/wp-json\/wp\/v2\/media?parent=16313"}],"wp:term":[{"taxonomy":"product_brand","embeddable":true,"href":"https:\/\/boreait.com\/fr\/wp-json\/wp\/v2\/product_brand?post=16313"},{"taxonomy":"product_cat","embeddable":true,"href":"https:\/\/boreait.com\/fr\/wp-json\/wp\/v2\/product_cat?post=16313"},{"taxonomy":"product_tag","embeddable":true,"href":"https:\/\/boreait.com\/fr\/wp-json\/wp\/v2\/product_tag?post=16313"}],"curies":[{"name":"wp","href":"https:\/\/api.w.org\/{rel}","templated":true}]}}