{"id":16310,"date":"2025-09-16T16:24:50","date_gmt":"2025-09-16T14:24:50","guid":{"rendered":"https:\/\/boreait.com\/fr\/?post_type=product&#038;p=16310"},"modified":"2025-09-16T16:24:59","modified_gmt":"2025-09-16T14:24:59","slug":"ecran-lcd-125-dell-latitude-e7270-1366-x-768-mat-non-tactile-led-30-broches-neuf","status":"publish","type":"product","link":"https:\/\/boreait.com\/fr\/produit\/ecran-lcd-125-dell-latitude-e7270-1366-x-768-mat-non-tactile-led-30-broches-neuf\/","title":{"rendered":"\u00c9cran LCD 12,5&Prime; Dell Latitude E7270 (1366 x 768) mat, non tactile, LED, 30 broches, neuf"},"content":{"rendered":"<p>Mod\u00e8le d&rsquo;\u00e9cran LCD\u00a0: B125XTN01.0 \u2013 ENTI\u00c8REMENT COMPATIBLE AVEC L&rsquo;\u00c9CRAN D&rsquo;ORDINATEUR PORTABLE Dell Latitude E7270 &#8211; non tactile<\/p>\n<p>Cet \u00e9cran LCD Dell Latitude E7270 neuf est une pi\u00e8ce de rechange de haute qualit\u00e9 pour votre ordinateur portable. Il est dot\u00e9 d&rsquo;un \u00e9cran large de 12,5 pouces avec une r\u00e9solution WXGA de 1366 x 768 et d&rsquo;une finition mate pour un affichage sans reflets. Cet \u00e9cran non tactile est \u00e9quip\u00e9 d&rsquo;un connecteur eDP 30 broches et offre une reproduction des couleurs S-RGB \u00e9clatante. Con\u00e7u sp\u00e9cifiquement pour le Dell Latitude E7270, il est fourni avec des supports lat\u00e9raux pour une installation facile. Que vous souhaitiez remplacer un \u00e9cran endommag\u00e9 ou le mettre \u00e0 niveau, cet \u00e9cran LED est id\u00e9al pour restaurer l&rsquo;\u00e9cran de votre ordinateur portable.<\/p>\n","protected":false},"excerpt":{"rendered":"<p>Cet \u00e9cran LCD flambant neuf remplace parfaitement le Dell Latitude E7270. Dot\u00e9 d&rsquo;un \u00e9cran mat de 12,5 pouces avec une r\u00e9solution WXGA de 1366 x 768, cet \u00e9cran non tactile offre une excellente reproduction des couleurs gr\u00e2ce \u00e0 la technologie S-RGB et au r\u00e9tro\u00e9clairage LED. Il est \u00e9quip\u00e9 d&rsquo;un connecteur eDP 30 broches et de supports lat\u00e9raux pour une installation facile. Id\u00e9al pour remplacer un \u00e9cran endommag\u00e9, il garantit \u00e0 votre ordinateur portable un aspect et des fonctionnalit\u00e9s comme neufs.<\/p>\n","protected":false},"featured_media":16317,"template":"","meta":[],"product_brand":[],"product_cat":[111,95],"product_tag":[],"class_list":{"0":"post-16310","1":"product","2":"type-product","3":"status-publish","4":"has-post-thumbnail","6":"product_cat-12-5-new-laptop-screens-lcd-panels","7":"product_cat-new-laptop-screens-lcd-panels","9":"first","10":"instock","11":"taxable","12":"shipping-taxable","13":"purchasable","14":"product-type-simple"},"_links":{"self":[{"href":"https:\/\/boreait.com\/fr\/wp-json\/wp\/v2\/product\/16310","targetHints":{"allow":["GET"]}}],"collection":[{"href":"https:\/\/boreait.com\/fr\/wp-json\/wp\/v2\/product"}],"about":[{"href":"https:\/\/boreait.com\/fr\/wp-json\/wp\/v2\/types\/product"}],"wp:featuredmedia":[{"embeddable":true,"href":"https:\/\/boreait.com\/fr\/wp-json\/wp\/v2\/media\/16317"}],"wp:attachment":[{"href":"https:\/\/boreait.com\/fr\/wp-json\/wp\/v2\/media?parent=16310"}],"wp:term":[{"taxonomy":"product_brand","embeddable":true,"href":"https:\/\/boreait.com\/fr\/wp-json\/wp\/v2\/product_brand?post=16310"},{"taxonomy":"product_cat","embeddable":true,"href":"https:\/\/boreait.com\/fr\/wp-json\/wp\/v2\/product_cat?post=16310"},{"taxonomy":"product_tag","embeddable":true,"href":"https:\/\/boreait.com\/fr\/wp-json\/wp\/v2\/product_tag?post=16310"}],"curies":[{"name":"wp","href":"https:\/\/api.w.org\/{rel}","templated":true}]}}