{"id":16309,"date":"2025-09-16T16:24:49","date_gmt":"2025-09-16T14:24:49","guid":{"rendered":"https:\/\/boreait.com\/fr\/?post_type=product&#038;p=16309"},"modified":"2025-09-16T16:24:59","modified_gmt":"2025-09-16T14:24:59","slug":"ecran-lcd-pour-dell-latitude-e7250-125-30-broches-wxga-mat-non-tactile-avec-supports","status":"publish","type":"product","link":"https:\/\/boreait.com\/fr\/produit\/ecran-lcd-pour-dell-latitude-e7250-125-30-broches-wxga-mat-non-tactile-avec-supports\/","title":{"rendered":"\u00c9cran LCD pour Dell Latitude E7250 12,5&Prime; 30 broches WXGA mat non tactile avec supports"},"content":{"rendered":"<p>Mod\u00e8le d&rsquo;\u00e9cran LCD\u00a0: B125XTN01.0 \u2013 ENTI\u00c8REMENT COMPATIBLE AVEC L&rsquo;\u00c9CRAN D&rsquo;ORDINATEUR PORTABLE Dell Latitude E7250 &#8211; non tactile<\/p>\n<p>Cet \u00e9cran LCD neuf pour Dell Latitude E7250 est id\u00e9al pour remplacer un \u00e9cran us\u00e9 ou endommag\u00e9. Il est con\u00e7u pour restaurer l&rsquo;exp\u00e9rience visuelle de votre ordinateur portable avec des images claires et \u00e9clatantes. Con\u00e7u sp\u00e9cifiquement pour le Latitude E7250, cet \u00e9cran de 12,5 pouces offre une r\u00e9solution WXGA de 1366 x 768, affichant des images au format \u00e9cran large, \u00e0 la fois d\u00e9taill\u00e9es et \u00e9conomes en \u00e9nergie. <\/p>\n<p>Principales caract\u00e9ristiques\u00a0:<\/p>\n<ul>\n<li><strong>Finition mate<\/strong>\u00a0: R\u00e9duit les reflets et offre une vision claire, m\u00eame sous un \u00e9clairage intense.<\/li>\n<li><strong>Profil de couleurs S-RGB<\/strong>\u00a0: Offre des couleurs \u00e9quilibr\u00e9es et pr\u00e9cises, id\u00e9ales pour les t\u00e2ches quotidiennes.<\/li>\n<li><strong>Connecteur eDP 30 broches<\/strong>\u00a0: Assure la compatibilit\u00e9 avec le mod\u00e8le Dell Latitude E7250.<\/li>\n<li><strong>R\u00e9tro\u00e9clairage LED<\/strong>\u00a0: \u00c9conome en \u00e9nergie, il offre une luminosit\u00e9 fiable sans consommer trop d&rsquo;\u00e9nergie.<\/li>\n<li><strong>Supports lat\u00e9raux inclus<\/strong>\u00a0: Pour une installation facile.<\/li>\n<\/ul>\n<p>Veuillez noter que cet \u00e9cran est non tactile et non IPS, ce qui permet de r\u00e9duire les co\u00fbts tout en offrant une excellente solution de remplacement. Si vous recherchez un \u00e9cran alliant qualit\u00e9 et valeur pour votre Latitude E7250, cet \u00e9cran LCD 12,5&Prime; avec r\u00e9solution WXGA est un choix id\u00e9al.<\/p>\n","protected":false},"excerpt":{"rendered":"<p>Am\u00e9liorez votre Dell Latitude E7250 avec un nouvel \u00e9cran LCD non tactile de 12,5 pouces, con\u00e7u pour des performances et une clart\u00e9 visuelle optimales. Cet \u00e9cran offre une r\u00e9solution WXGA 1366&#215;768, une finition mate et un profil colorim\u00e9trique S-RGB, offrant des couleurs vives et une r\u00e9duction des reflets. Il est \u00e9quip\u00e9 de supports lat\u00e9raux pour une installation facile, d&rsquo;un r\u00e9tro\u00e9clairage LED pour une meilleure efficacit\u00e9 \u00e9nerg\u00e9tique et d&rsquo;un connecteur eDP 30 broches. Avec son format d&rsquo;image large et sa dalle non IPS, cet \u00e9cran est une solution de remplacement de haute qualit\u00e9, id\u00e9ale pour les utilisateurs \u00e0 la recherche d&rsquo;une solution d&rsquo;affichage abordable sans compromis sur la qualit\u00e9.<\/p>\n","protected":false},"featured_media":16317,"template":"","meta":[],"product_brand":[],"product_cat":[111,95],"product_tag":[],"class_list":{"0":"post-16309","1":"product","2":"type-product","3":"status-publish","4":"has-post-thumbnail","6":"product_cat-12-5-new-laptop-screens-lcd-panels","7":"product_cat-new-laptop-screens-lcd-panels","9":"first","10":"instock","11":"taxable","12":"shipping-taxable","13":"purchasable","14":"product-type-simple"},"_links":{"self":[{"href":"https:\/\/boreait.com\/fr\/wp-json\/wp\/v2\/product\/16309","targetHints":{"allow":["GET"]}}],"collection":[{"href":"https:\/\/boreait.com\/fr\/wp-json\/wp\/v2\/product"}],"about":[{"href":"https:\/\/boreait.com\/fr\/wp-json\/wp\/v2\/types\/product"}],"wp:featuredmedia":[{"embeddable":true,"href":"https:\/\/boreait.com\/fr\/wp-json\/wp\/v2\/media\/16317"}],"wp:attachment":[{"href":"https:\/\/boreait.com\/fr\/wp-json\/wp\/v2\/media?parent=16309"}],"wp:term":[{"taxonomy":"product_brand","embeddable":true,"href":"https:\/\/boreait.com\/fr\/wp-json\/wp\/v2\/product_brand?post=16309"},{"taxonomy":"product_cat","embeddable":true,"href":"https:\/\/boreait.com\/fr\/wp-json\/wp\/v2\/product_cat?post=16309"},{"taxonomy":"product_tag","embeddable":true,"href":"https:\/\/boreait.com\/fr\/wp-json\/wp\/v2\/product_tag?post=16309"}],"curies":[{"name":"wp","href":"https:\/\/api.w.org\/{rel}","templated":true}]}}