{"id":16308,"date":"2025-09-16T16:24:49","date_gmt":"2025-09-16T14:24:49","guid":{"rendered":"https:\/\/boreait.com\/fr\/?post_type=product&#038;p=16308"},"modified":"2025-09-16T16:24:58","modified_gmt":"2025-09-16T14:24:58","slug":"ecran-lcd-pour-dell-latitude-e7240-125-30-broches-mat-wxga-1366-x-768-led-neuf","status":"publish","type":"product","link":"https:\/\/boreait.com\/fr\/produit\/ecran-lcd-pour-dell-latitude-e7240-125-30-broches-mat-wxga-1366-x-768-led-neuf\/","title":{"rendered":"\u00c9cran LCD pour Dell Latitude E7240, 12,5&Prime; 30 broches, mat, WXGA 1366 x 768, LED, neuf"},"content":{"rendered":"<p>Mod\u00e8le d&rsquo;\u00e9cran LCD\u00a0: B125XTN01.0 \u2013 ENTI\u00c8REMENT COMPATIBLE AVEC L&rsquo;\u00c9CRAN D&rsquo;ORDINATEUR PORTABLE Dell Latitude E7240 &#8211; non tactile<\/p>\n<p>Am\u00e9liorez l&rsquo;affichage de votre ordinateur portable Dell Latitude E7240 avec cet \u00e9cran LCD de remplacement de haute qualit\u00e9. Con\u00e7u sp\u00e9cifiquement pour le mod\u00e8le Dell Latitude E7240, cet \u00e9cran offre un format large de 12,5 pouces avec une r\u00e9solution de 1366 x 768 (WXGA). Il offre des images nettes et \u00e9clatantes gr\u00e2ce \u00e0 la technologie de couleurs S-RGB, id\u00e9ale pour un usage quotidien. Sa finition mate r\u00e9duit les reflets et les reflets pour un confort visuel optimal dans diverses conditions d&rsquo;\u00e9clairage.<\/p>\n<p>Dot\u00e9 d&rsquo;un connecteur eDP 30 broches, cet \u00e9cran LED est \u00e9conome en \u00e9nergie et offre une luminosit\u00e9 constante sans compromettre l&rsquo;autonomie de la batterie. La dalle non tactile et non IPS offre des fonctionnalit\u00e9s essentielles et une durabilit\u00e9 optimale, id\u00e9ale pour les professionnels et les utilisateurs quotidiens \u00e0 la recherche d&rsquo;un \u00e9cran de remplacement fiable. Les supports lat\u00e9raux inclus permettent une installation rapide et sans tracas, s&rsquo;adaptant parfaitement au design d&rsquo;origine de votre appareil.<\/p>\n<p>Que vous remplaciez un \u00e9cran endommag\u00e9 ou que vous am\u00e9lioriez les performances de votre ordinateur portable, cet \u00e9cran LCD est un choix tout neuf et de haute qualit\u00e9 pour redonner vie \u00e0 votre \u00e9cran.<\/p>\n","protected":false},"excerpt":{"rendered":"<p>Remplacez l&rsquo;\u00e9cran de votre ordinateur portable Dell Latitude E7240 par ce nouvel \u00e9cran LCD mat de 12,5 pouces. Dot\u00e9 d&rsquo;une r\u00e9solution 1366 x 768 (WXGA), de la technologie S-RGB, d&rsquo;un connecteur eDP 30 broches et de supports lat\u00e9raux pour une installation facile, cet \u00e9cran LED non tactile et non IPS offre des images nettes et une faible consommation d&rsquo;\u00e9nergie. Id\u00e9al pour une mise \u00e0 niveau ou un remplacement fiable de votre \u00e9cran.<\/p>\n","protected":false},"featured_media":16317,"template":"","meta":[],"product_brand":[],"product_cat":[111,95],"product_tag":[],"class_list":{"0":"post-16308","1":"product","2":"type-product","3":"status-publish","4":"has-post-thumbnail","6":"product_cat-12-5-new-laptop-screens-lcd-panels","7":"product_cat-new-laptop-screens-lcd-panels","9":"first","10":"instock","11":"taxable","12":"shipping-taxable","13":"purchasable","14":"product-type-simple"},"_links":{"self":[{"href":"https:\/\/boreait.com\/fr\/wp-json\/wp\/v2\/product\/16308","targetHints":{"allow":["GET"]}}],"collection":[{"href":"https:\/\/boreait.com\/fr\/wp-json\/wp\/v2\/product"}],"about":[{"href":"https:\/\/boreait.com\/fr\/wp-json\/wp\/v2\/types\/product"}],"wp:featuredmedia":[{"embeddable":true,"href":"https:\/\/boreait.com\/fr\/wp-json\/wp\/v2\/media\/16317"}],"wp:attachment":[{"href":"https:\/\/boreait.com\/fr\/wp-json\/wp\/v2\/media?parent=16308"}],"wp:term":[{"taxonomy":"product_brand","embeddable":true,"href":"https:\/\/boreait.com\/fr\/wp-json\/wp\/v2\/product_brand?post=16308"},{"taxonomy":"product_cat","embeddable":true,"href":"https:\/\/boreait.com\/fr\/wp-json\/wp\/v2\/product_cat?post=16308"},{"taxonomy":"product_tag","embeddable":true,"href":"https:\/\/boreait.com\/fr\/wp-json\/wp\/v2\/product_tag?post=16308"}],"curies":[{"name":"wp","href":"https:\/\/api.w.org\/{rel}","templated":true}]}}