{"id":16303,"date":"2025-09-16T16:24:48","date_gmt":"2025-09-16T14:24:48","guid":{"rendered":"https:\/\/boreait.com\/fr\/?post_type=product&#038;p=16303"},"modified":"2025-09-16T16:24:57","modified_gmt":"2025-09-16T14:24:57","slug":"ecran-lcd-135-qhd-2256-x-1504-brillant-30-broches-pour-acer-swift-3-sf313-52-neuf","status":"publish","type":"product","link":"https:\/\/boreait.com\/fr\/produit\/ecran-lcd-135-qhd-2256-x-1504-brillant-30-broches-pour-acer-swift-3-sf313-52-neuf\/","title":{"rendered":"\u00c9cran LCD 13,5&Prime; QHD 2256 x 1504 brillant 30 broches pour Acer Swift 3 SF313-52, neuf"},"content":{"rendered":"<p>Mod\u00e8le d&rsquo;\u00e9cran LCD actuel\u00a0: NE135FBM-N41 V8.1 \u2013 ENTI\u00c8REMENT COMPATIBLE AVEC L&rsquo;\u00c9CRAN D&rsquo;ORDINATEUR PORTABLE Acer Swift 3 SF313-52 &#8211; non tactile<\/p>\n<p>Donne vie \u00e0 votre Acer Swift 3 SF313-52 avec un tout nouvel \u00e9cran LCD 13,5 pouces, offrant une r\u00e9solution QHD impressionnante de 2256 \u00d7 1504 pour des images nettes et d\u00e9taill\u00e9es. Con\u00e7u avec un profil colorim\u00e9trique S-RGB, cet \u00e9cran offre des couleurs riches et \u00e9clatantes, am\u00e9liorant votre exp\u00e9rience visuelle gr\u00e2ce \u00e0 une luminosit\u00e9 et une clart\u00e9 sup\u00e9rieures. Sa finition brillante lui conf\u00e8re un aspect \u00e9l\u00e9gant et am\u00e9liore la profondeur des couleurs, mettant en valeur vos images.<\/p>\n<p>Cet \u00e9cran est \u00e9quip\u00e9 d&rsquo;un connecteur eDP 30 broches pour une connectivit\u00e9 fiable et est fourni sans supports sup\u00e9rieur et inf\u00e9rieur. L&rsquo;installation est simplifi\u00e9e gr\u00e2ce au ruban adh\u00e9sif double-face inclus, qui permet une fixation s\u00fbre \u00e0 votre appareil. C&rsquo;est le choix id\u00e9al pour tous ceux qui recherchent un \u00e9cran de remplacement de haute qualit\u00e9 pr\u00e9servant l&rsquo;int\u00e9grit\u00e9 de leurs couleurs. L&rsquo;esth\u00e9tique et les performances de leur Acer Swift 3.<\/p>\n<p>Veuillez noter qu&rsquo;il s&rsquo;agit d&rsquo;un \u00e9cran non IPS et non tactile. \u00c9tat\u00a0: Neuf, vous assurant de recevoir un produit pr\u00eat \u00e0 fonctionner de mani\u00e8re optimale.<\/p>\n","protected":false},"excerpt":{"rendered":"<p>Remplacez ou am\u00e9liorez l&rsquo;\u00e9cran de votre Acer Swift 3 SF313-52 par ce nouvel \u00e9cran LCD QHD 13,5&Prime;. Il pr\u00e9sente une finition brillante, une qualit\u00e9 de couleur S-RGB et une r\u00e9solution de 2256 \u00d7 1504 pour des images \u00e9clatantes. Un ruban adh\u00e9sif double face est inclus pour une installation facile. \u00c9tat\u00a0: neuf.<\/p>\n","protected":false},"featured_media":16316,"template":"","meta":[],"product_brand":[],"product_cat":[110,95],"product_tag":[],"class_list":{"0":"post-16303","1":"product","2":"type-product","3":"status-publish","4":"has-post-thumbnail","6":"product_cat-13-5","7":"product_cat-new-laptop-screens-lcd-panels","9":"first","10":"instock","11":"taxable","12":"shipping-taxable","13":"purchasable","14":"product-type-simple"},"_links":{"self":[{"href":"https:\/\/boreait.com\/fr\/wp-json\/wp\/v2\/product\/16303","targetHints":{"allow":["GET"]}}],"collection":[{"href":"https:\/\/boreait.com\/fr\/wp-json\/wp\/v2\/product"}],"about":[{"href":"https:\/\/boreait.com\/fr\/wp-json\/wp\/v2\/types\/product"}],"wp:featuredmedia":[{"embeddable":true,"href":"https:\/\/boreait.com\/fr\/wp-json\/wp\/v2\/media\/16316"}],"wp:attachment":[{"href":"https:\/\/boreait.com\/fr\/wp-json\/wp\/v2\/media?parent=16303"}],"wp:term":[{"taxonomy":"product_brand","embeddable":true,"href":"https:\/\/boreait.com\/fr\/wp-json\/wp\/v2\/product_brand?post=16303"},{"taxonomy":"product_cat","embeddable":true,"href":"https:\/\/boreait.com\/fr\/wp-json\/wp\/v2\/product_cat?post=16303"},{"taxonomy":"product_tag","embeddable":true,"href":"https:\/\/boreait.com\/fr\/wp-json\/wp\/v2\/product_tag?post=16303"}],"curies":[{"name":"wp","href":"https:\/\/api.w.org\/{rel}","templated":true}]}}