{"id":16298,"date":"2025-09-16T16:24:48","date_gmt":"2025-09-16T14:24:48","guid":{"rendered":"https:\/\/boreait.com\/fr\/?post_type=product&#038;p=16298"},"modified":"2025-09-16T16:24:55","modified_gmt":"2025-09-16T14:24:55","slug":"ecran-lcd-nv116whm-n45-n41-116-hd-mat-30-broches-avec-supports-non-tactile-neuf","status":"publish","type":"product","link":"https:\/\/boreait.com\/fr\/produit\/ecran-lcd-nv116whm-n45-n41-116-hd-mat-30-broches-avec-supports-non-tactile-neuf\/","title":{"rendered":"\u00c9cran LCD NV116WHM-N45\/N41 11,6&Prime; HD mat 30 broches avec supports, non tactile, neuf"},"content":{"rendered":"<p>Mod\u00e8le d&rsquo;\u00e9cran LCD actuel\u00a0: MB116AN01-3 ver 1.1 \u2013 ENTI\u00c8REMENT COMPATIBLE AVEC L&rsquo;\u00c9CRAN D&rsquo;ORDINATEUR PORTABLE NV116WHM-N45 NV116WHM-N41<\/p>\n<p>L&rsquo;\u00e9cran LCD 11,6&Prime; NV116WHM-N45\/N41 est id\u00e9al pour remplacer votre ordinateur portable. Il offre des images de qualit\u00e9 avec une r\u00e9solution HD 1366 x 768. Cet \u00e9cran non tactile offre une image claire et nette, id\u00e9ale pour les t\u00e2ches quotidiennes, la navigation et le visionnage de m\u00e9dias. Sa finition mate r\u00e9duit les reflets et l&rsquo;\u00e9blouissement, offrant un confort d&rsquo;utilisation optimal dans diff\u00e9rentes conditions d&rsquo;\u00e9clairage.<\/p>\n<p>\u00c9quip\u00e9 d&rsquo;un connecteur eDP 30 broches, cet \u00e9cran LED est facile \u00e0 installer et les supports gauche et droit inclus garantissent une fixation s\u00e9curis\u00e9e. Cet \u00e9cran non IPS offre des images fiables, des temps de r\u00e9ponse rapides et des performances optimales.<\/p>\n<p>Que vous remplaciez un \u00e9cran endommag\u00e9 ou que vous le mettiez \u00e0 niveau, cet \u00e9cran Le mod\u00e8le NV116WHM est tout neuf et pr\u00eat \u00e0 am\u00e9liorer la qualit\u00e9 d\u2019affichage de votre ordinateur portable.<\/p>\n","protected":false},"excerpt":{"rendered":"<p>Remplacez l&rsquo;\u00e9cran de votre ordinateur portable par l&rsquo;\u00e9cran LCD mat HD 11,6&Prime; NV116WHM-N45\/N41. Cet \u00e9cran non tactile dispose d&rsquo;une r\u00e9solution de 1366 x 768, d&rsquo;un connecteur eDP 30 broches et de supports gauche\/droit pour un montage facile. \u00c9tat\u00a0: neuf.<\/p>\n","protected":false},"featured_media":16285,"template":"","meta":[],"product_brand":[],"product_cat":[109,95],"product_tag":[],"class_list":{"0":"post-16298","1":"product","2":"type-product","3":"status-publish","4":"has-post-thumbnail","6":"product_cat-11-6-new-laptop-screens-lcd-panels","7":"product_cat-new-laptop-screens-lcd-panels","9":"first","10":"instock","11":"taxable","12":"shipping-taxable","13":"purchasable","14":"product-type-simple"},"_links":{"self":[{"href":"https:\/\/boreait.com\/fr\/wp-json\/wp\/v2\/product\/16298","targetHints":{"allow":["GET"]}}],"collection":[{"href":"https:\/\/boreait.com\/fr\/wp-json\/wp\/v2\/product"}],"about":[{"href":"https:\/\/boreait.com\/fr\/wp-json\/wp\/v2\/types\/product"}],"wp:featuredmedia":[{"embeddable":true,"href":"https:\/\/boreait.com\/fr\/wp-json\/wp\/v2\/media\/16285"}],"wp:attachment":[{"href":"https:\/\/boreait.com\/fr\/wp-json\/wp\/v2\/media?parent=16298"}],"wp:term":[{"taxonomy":"product_brand","embeddable":true,"href":"https:\/\/boreait.com\/fr\/wp-json\/wp\/v2\/product_brand?post=16298"},{"taxonomy":"product_cat","embeddable":true,"href":"https:\/\/boreait.com\/fr\/wp-json\/wp\/v2\/product_cat?post=16298"},{"taxonomy":"product_tag","embeddable":true,"href":"https:\/\/boreait.com\/fr\/wp-json\/wp\/v2\/product_tag?post=16298"}],"curies":[{"name":"wp","href":"https:\/\/api.w.org\/{rel}","templated":true}]}}