{"id":16292,"date":"2025-09-16T16:24:47","date_gmt":"2025-09-16T14:24:47","guid":{"rendered":"https:\/\/boreait.com\/fr\/?post_type=product&#038;p=16292"},"modified":"2025-09-16T16:24:53","modified_gmt":"2025-09-16T14:24:53","slug":"ecran-lcd-led-hd-116-nt116whm-n21-non-tactile-30-broches-mat-avec-supports-neuf","status":"publish","type":"product","link":"https:\/\/boreait.com\/fr\/produit\/ecran-lcd-led-hd-116-nt116whm-n21-non-tactile-30-broches-mat-avec-supports-neuf\/","title":{"rendered":"\u00c9cran LCD LED HD 11,6&Prime; NT116WHM-N21 \u200b\u200bnon tactile, 30 broches, mat, avec supports, neuf"},"content":{"rendered":"<p>Mod\u00e8le d&rsquo;\u00e9cran LCD actuel\u00a0: MB116AN01-3 ver 1.1 \u2013 ENTI\u00c8REMENT COMPATIBLE AVEC L&rsquo;\u00c9CRAN D&rsquo;ORDINATEUR PORTABLE NT116WHM-N21<\/p>\n<p>Remplacez ou am\u00e9liorez l&rsquo;\u00e9cran de votre ordinateur portable avec l&rsquo;\u00e9cran LCD NT116WHM-N21. Dot\u00e9 d&rsquo;un \u00e9cran large de 11,6 pouces, cet \u00e9cran non tactile offre une r\u00e9solution HD de 1366 x 768 pixels pour des images nettes et claires. Le r\u00e9tro\u00e9clairage LED offre une luminosit\u00e9 \u00e9conome en \u00e9nergie, tandis que la finition mate r\u00e9duit les reflets, ce qui le rend id\u00e9al dans diverses conditions d&rsquo;\u00e9clairage.<\/p>\n<p>Cet \u00e9cran est \u00e9quip\u00e9 d&rsquo;une connexion eDP 30 broches, garantissant une connexion stable et s\u00e9curis\u00e9e \u00e0 votre appareil. Les supports gauche et droit sont inclus pour une installation facile, ce qui en fait une excellente option de remplacement pour les \u00e9crans endommag\u00e9s ou anciens. Veuillez noter qu&rsquo;il s&rsquo;agit d&rsquo;un \u00e9cran non IPS, offrant un excellent rapport qualit\u00e9-prix pour une exp\u00e9rience visuelle de qualit\u00e9.<\/p>\n<p>Que vous remplaciez un \u00e9cran d\u00e9fectueux ou que vous optiez pour une solution plus durable, cet \u00e9cran LCD NT116WHM-N21 \u200b\u200best le choix id\u00e9al. Il est livr\u00e9 neuf, vous garantissant un produit fiable et de haute qualit\u00e9, pr\u00eat \u00e0 \u00eatre install\u00e9.<\/p>\n","protected":false},"excerpt":{"rendered":"<p>Am\u00e9liorez votre ordinateur portable avec l&rsquo;\u00e9cran LCD NT116WHM-N21. Cet \u00e9cran non tactile de 11,6 pouces offre une r\u00e9solution HD de 1366 x 768, un r\u00e9tro\u00e9clairage LED et une finition mate pour un affichage net. Supports gauche et droit inclus. \u00c9tat\u00a0: neuf.<\/p>\n","protected":false},"featured_media":16285,"template":"","meta":[],"product_brand":[],"product_cat":[109,95],"product_tag":[],"class_list":{"0":"post-16292","1":"product","2":"type-product","3":"status-publish","4":"has-post-thumbnail","6":"product_cat-11-6-new-laptop-screens-lcd-panels","7":"product_cat-new-laptop-screens-lcd-panels","9":"first","10":"instock","11":"taxable","12":"shipping-taxable","13":"purchasable","14":"product-type-simple"},"_links":{"self":[{"href":"https:\/\/boreait.com\/fr\/wp-json\/wp\/v2\/product\/16292","targetHints":{"allow":["GET"]}}],"collection":[{"href":"https:\/\/boreait.com\/fr\/wp-json\/wp\/v2\/product"}],"about":[{"href":"https:\/\/boreait.com\/fr\/wp-json\/wp\/v2\/types\/product"}],"wp:featuredmedia":[{"embeddable":true,"href":"https:\/\/boreait.com\/fr\/wp-json\/wp\/v2\/media\/16285"}],"wp:attachment":[{"href":"https:\/\/boreait.com\/fr\/wp-json\/wp\/v2\/media?parent=16292"}],"wp:term":[{"taxonomy":"product_brand","embeddable":true,"href":"https:\/\/boreait.com\/fr\/wp-json\/wp\/v2\/product_brand?post=16292"},{"taxonomy":"product_cat","embeddable":true,"href":"https:\/\/boreait.com\/fr\/wp-json\/wp\/v2\/product_cat?post=16292"},{"taxonomy":"product_tag","embeddable":true,"href":"https:\/\/boreait.com\/fr\/wp-json\/wp\/v2\/product_tag?post=16292"}],"curies":[{"name":"wp","href":"https:\/\/api.w.org\/{rel}","templated":true}]}}