{"id":16290,"date":"2025-09-16T16:24:46","date_gmt":"2025-09-16T14:24:46","guid":{"rendered":"https:\/\/boreait.com\/fr\/?post_type=product&#038;p=16290"},"modified":"2025-09-16T16:24:53","modified_gmt":"2025-09-16T14:24:53","slug":"ecran-lcd-116-pour-samsung-chromebook-3-xe501c13-hd-led-30-broches-non-tactile","status":"publish","type":"product","link":"https:\/\/boreait.com\/fr\/produit\/ecran-lcd-116-pour-samsung-chromebook-3-xe501c13-hd-led-30-broches-non-tactile\/","title":{"rendered":"\u00c9cran LCD 11,6&Prime; pour Samsung Chromebook 3 XE501C13 HD LED 30 broches non tactile"},"content":{"rendered":"<p>Mod\u00e8le d&rsquo;\u00e9cran LCD\u00a0: MB116AN01-3 ver 1.1 \u2013 ENTI\u00c8REMENT COMPATIBLE AVEC L&rsquo;\u00c9CRAN D&rsquo;ORDINATEUR PORTABLE Samsung Chromebook 3 s\u00e9rie XE501C13 &#8211; non tactile<\/p>\n<p>Remplacez votre \u00e9cran endommag\u00e9 ou obsol\u00e8te par cet \u00e9cran LCD de haute qualit\u00e9 pour Samsung Chromebook 3 s\u00e9rie XE501C13. Cet \u00e9cran LCD large de 11,6 pouces offre une r\u00e9solution HD de 1366 x 768 pour des images claires et nettes, id\u00e9ales pour une utilisation quotidienne. Sa finition mate r\u00e9duit les reflets, garantissant une visibilit\u00e9 optimale dans diff\u00e9rentes conditions d&rsquo;\u00e9clairage, tandis que le r\u00e9tro\u00e9clairage LED am\u00e9liore la luminosit\u00e9 et l&rsquo;efficacit\u00e9 \u00e9nerg\u00e9tique.<\/p>\n<p>Cet \u00e9cran est \u00e9quip\u00e9 d&rsquo;un connecteur eDP 30 broches et de supports gauche et droit pour une installation facile. Il est donc id\u00e9al pour remplacer un \u00e9cran non tactile. Veuillez noter que cet \u00e9cran n&rsquo;est pas IPS, mais qu&rsquo;il offre n\u00e9anmoins une excellente qualit\u00e9 d&rsquo;affichage.<\/p>\n<p>Que vous remplaciez un \u00e9cran cass\u00e9 ou que vous souhaitiez am\u00e9liorer ses performances, cet \u00e9cran LCD non tactile est une solution fiable et \u00e9conomique pour votre Samsung Chromebook 3. L&rsquo;\u00e9cran est neuf, vous garantissant un produit impeccable, pr\u00eat \u00e0 \u00eatre install\u00e9.<\/p>\n","protected":false},"excerpt":{"rendered":"<p>Am\u00e9liorez votre Samsung Chromebook s\u00e9rie 3 XE501C13 avec cet \u00e9cran LCD 11,6&Prime;. Dot\u00e9 d&rsquo;une finition mate, d&rsquo;une r\u00e9solution HD 1366&#215;768 et d&rsquo;un r\u00e9tro\u00e9clairage LED, cet \u00e9cran non tactile comprend des supports gauche et droit pour une installation facile. \u00c9tat : Neuf.<\/p>\n","protected":false},"featured_media":16285,"template":"","meta":[],"product_brand":[],"product_cat":[109,95],"product_tag":[],"class_list":{"0":"post-16290","1":"product","2":"type-product","3":"status-publish","4":"has-post-thumbnail","6":"product_cat-11-6-new-laptop-screens-lcd-panels","7":"product_cat-new-laptop-screens-lcd-panels","9":"first","10":"instock","11":"taxable","12":"shipping-taxable","13":"purchasable","14":"product-type-simple"},"_links":{"self":[{"href":"https:\/\/boreait.com\/fr\/wp-json\/wp\/v2\/product\/16290","targetHints":{"allow":["GET"]}}],"collection":[{"href":"https:\/\/boreait.com\/fr\/wp-json\/wp\/v2\/product"}],"about":[{"href":"https:\/\/boreait.com\/fr\/wp-json\/wp\/v2\/types\/product"}],"wp:featuredmedia":[{"embeddable":true,"href":"https:\/\/boreait.com\/fr\/wp-json\/wp\/v2\/media\/16285"}],"wp:attachment":[{"href":"https:\/\/boreait.com\/fr\/wp-json\/wp\/v2\/media?parent=16290"}],"wp:term":[{"taxonomy":"product_brand","embeddable":true,"href":"https:\/\/boreait.com\/fr\/wp-json\/wp\/v2\/product_brand?post=16290"},{"taxonomy":"product_cat","embeddable":true,"href":"https:\/\/boreait.com\/fr\/wp-json\/wp\/v2\/product_cat?post=16290"},{"taxonomy":"product_tag","embeddable":true,"href":"https:\/\/boreait.com\/fr\/wp-json\/wp\/v2\/product_tag?post=16290"}],"curies":[{"name":"wp","href":"https:\/\/api.w.org\/{rel}","templated":true}]}}