{"id":16289,"date":"2025-09-16T16:24:46","date_gmt":"2025-09-16T14:24:46","guid":{"rendered":"https:\/\/boreait.com\/fr\/?post_type=product&#038;p=16289"},"modified":"2025-09-16T16:24:52","modified_gmt":"2025-09-16T14:24:52","slug":"ecran-lcd-pour-lenovo-chromebook-n22-n23-116-hd-1366x768-non-tactile-neuf","status":"publish","type":"product","link":"https:\/\/boreait.com\/fr\/produit\/ecran-lcd-pour-lenovo-chromebook-n22-n23-116-hd-1366x768-non-tactile-neuf\/","title":{"rendered":"\u00c9cran LCD pour Lenovo Chromebook N22 N23 11,6&Prime; HD 1366&#215;768 non tactile neuf"},"content":{"rendered":"<p>Mod\u00e8le d&rsquo;\u00e9cran LCD actuel\u00a0: MB116AN01-3 ver 1.1 \u2013 ENTI\u00c8REMENT COMPATIBLE AVEC LES ORDINATEURS PORTABLES Lenovo Chromebook s\u00e9ries N22 et N23 &#8211; non tactile<\/p>\n<p>Mettez \u00e0 niveau votre Lenovo Chromebook s\u00e9ries N22 ou N23 avec cet \u00e9cran LCD 11,6 pouces de haute qualit\u00e9, con\u00e7u pour restaurer la nettet\u00e9 et la clart\u00e9 de votre appareil. Avec une r\u00e9solution HD de 1\u00a0366 x 768, cet \u00e9cran offre des images nettes pour les t\u00e2ches quotidiennes. Sa finition mate r\u00e9duit les reflets, ce qui le rend id\u00e9al dans diverses conditions d&rsquo;\u00e9clairage.<\/p>\n<p>Avec une connexion eDP 30 broches, cet \u00e9cran LCD assure une connexion stable et s\u00e9curis\u00e9e \u00e0 votre Chromebook. Il est \u00e9galement fourni avec des supports gauche et droit pour une installation facile. Veuillez noter qu&rsquo;il s&rsquo;agit d&rsquo;un mod\u00e8le non tactile, id\u00e9al pour ceux qui recherchent une solution de remplacement ou de mise \u00e0 niveau fiable pour leur Chromebook non tactile. L&rsquo;\u00e9cran est neuf, vous offrant ainsi un produit sans d\u00e9faut, pr\u00eat \u00e0 \u00eatre utilis\u00e9. install\u00e9.<\/p>\n","protected":false},"excerpt":{"rendered":"<p>Remplacez l&rsquo;\u00e9cran de votre Lenovo Chromebook s\u00e9rie N22\/N23 par cet \u00e9cran LCD 11,6&Prime;. Dot\u00e9 d&rsquo;une r\u00e9solution HD 1366 x 768, d&rsquo;une finition mate et d&rsquo;une connexion eDP 30 broches, il garantit des images nettes. Supports gauche et droit inclus. \u00c9tat\u00a0: neuf.<\/p>\n","protected":false},"featured_media":16285,"template":"","meta":[],"product_brand":[],"product_cat":[109,95],"product_tag":[],"class_list":{"0":"post-16289","1":"product","2":"type-product","3":"status-publish","4":"has-post-thumbnail","6":"product_cat-11-6-new-laptop-screens-lcd-panels","7":"product_cat-new-laptop-screens-lcd-panels","9":"first","10":"instock","11":"taxable","12":"shipping-taxable","13":"purchasable","14":"product-type-simple"},"_links":{"self":[{"href":"https:\/\/boreait.com\/fr\/wp-json\/wp\/v2\/product\/16289","targetHints":{"allow":["GET"]}}],"collection":[{"href":"https:\/\/boreait.com\/fr\/wp-json\/wp\/v2\/product"}],"about":[{"href":"https:\/\/boreait.com\/fr\/wp-json\/wp\/v2\/types\/product"}],"wp:featuredmedia":[{"embeddable":true,"href":"https:\/\/boreait.com\/fr\/wp-json\/wp\/v2\/media\/16285"}],"wp:attachment":[{"href":"https:\/\/boreait.com\/fr\/wp-json\/wp\/v2\/media?parent=16289"}],"wp:term":[{"taxonomy":"product_brand","embeddable":true,"href":"https:\/\/boreait.com\/fr\/wp-json\/wp\/v2\/product_brand?post=16289"},{"taxonomy":"product_cat","embeddable":true,"href":"https:\/\/boreait.com\/fr\/wp-json\/wp\/v2\/product_cat?post=16289"},{"taxonomy":"product_tag","embeddable":true,"href":"https:\/\/boreait.com\/fr\/wp-json\/wp\/v2\/product_tag?post=16289"}],"curies":[{"name":"wp","href":"https:\/\/api.w.org\/{rel}","templated":true}]}}