{"id":16288,"date":"2025-09-16T16:24:46","date_gmt":"2025-09-16T14:24:46","guid":{"rendered":"https:\/\/boreait.com\/fr\/?post_type=product&#038;p=16288"},"modified":"2025-09-16T16:24:52","modified_gmt":"2025-09-16T14:24:52","slug":"ecran-lcd-pour-lenovo-100e-chromebook-gen-3-116-hd-30-broches-non-tactile-neuf","status":"publish","type":"product","link":"https:\/\/boreait.com\/fr\/produit\/ecran-lcd-pour-lenovo-100e-chromebook-gen-3-116-hd-30-broches-non-tactile-neuf\/","title":{"rendered":"\u00c9cran LCD pour Lenovo 100e Chromebook Gen 3 11,6&Prime; HD 30 broches non tactile, neuf"},"content":{"rendered":"<p>Mod\u00e8le d&rsquo;\u00e9cran LCD\u00a0: MB116AN01-3 ver 1.1 \u2013 ENTI\u00c8REMENT COMPATIBLE AVEC LES ORDINATEURS PORTABLES Lenovo 100e Chromebook Gen 3 82J7, 82J8, 82UY, 82V0 &#8211; non tactile<\/p>\n<p>Redonnez un nouveau souffle \u00e0 votre Lenovo 100e Chromebook Gen 3 (mod\u00e8les 82J7, 82J8, 82UY, 82V0) avec cet \u00e9cran LCD non tactile de 11,6 pouces de haute qualit\u00e9. Cet \u00e9cran offre une r\u00e9solution HD de 1366 x 768, pour des images nettes et pr\u00e9cises au quotidien. Sa finition mate minimise les reflets, garantissant un confort visuel optimal quelles que soient les conditions d&rsquo;\u00e9clairage.<\/p>\n<p>L&rsquo;\u00e9cran est \u00e9quip\u00e9 d&rsquo;un connecteur eDP 30 broches pour une installation facile et comprend des supports gauche et droit pour un maintien s\u00fbr dans votre appareil. Contrairement aux \u00e9crans IPS, cet \u00e9cran est dot\u00e9 de la technologie non IPS. Il convient parfaitement \u00e0 un usage courant et constitue un remplacement \u00e9conomique. Id\u00e9al pour remplacer un \u00e9cran endommag\u00e9 ou cass\u00e9 sur votre Chromebook Lenovo.<\/p>\n<p>Cet \u00e9cran LCD neuf et en parfait \u00e9tat garantit des performances fiables et une exp\u00e9rience utilisateur fluide.<\/p>\n","protected":false},"excerpt":{"rendered":"<p>Remplacez ou am\u00e9liorez l&rsquo;\u00e9cran de votre Lenovo 100e Chromebook Gen 3 avec cet \u00e9cran LCD non tactile de 11,6 pouces. Il dispose d&rsquo;une r\u00e9solution HD 1366 x 768, d&rsquo;une finition mate et d&rsquo;une connexion eDP 30 broches. Supports gauche et droit inclus. \u00c9tat\u00a0: neuf.<\/p>\n","protected":false},"featured_media":16285,"template":"","meta":[],"product_brand":[],"product_cat":[109,95],"product_tag":[],"class_list":{"0":"post-16288","1":"product","2":"type-product","3":"status-publish","4":"has-post-thumbnail","6":"product_cat-11-6-new-laptop-screens-lcd-panels","7":"product_cat-new-laptop-screens-lcd-panels","9":"first","10":"instock","11":"taxable","12":"shipping-taxable","13":"purchasable","14":"product-type-simple"},"_links":{"self":[{"href":"https:\/\/boreait.com\/fr\/wp-json\/wp\/v2\/product\/16288","targetHints":{"allow":["GET"]}}],"collection":[{"href":"https:\/\/boreait.com\/fr\/wp-json\/wp\/v2\/product"}],"about":[{"href":"https:\/\/boreait.com\/fr\/wp-json\/wp\/v2\/types\/product"}],"wp:featuredmedia":[{"embeddable":true,"href":"https:\/\/boreait.com\/fr\/wp-json\/wp\/v2\/media\/16285"}],"wp:attachment":[{"href":"https:\/\/boreait.com\/fr\/wp-json\/wp\/v2\/media?parent=16288"}],"wp:term":[{"taxonomy":"product_brand","embeddable":true,"href":"https:\/\/boreait.com\/fr\/wp-json\/wp\/v2\/product_brand?post=16288"},{"taxonomy":"product_cat","embeddable":true,"href":"https:\/\/boreait.com\/fr\/wp-json\/wp\/v2\/product_cat?post=16288"},{"taxonomy":"product_tag","embeddable":true,"href":"https:\/\/boreait.com\/fr\/wp-json\/wp\/v2\/product_tag?post=16288"}],"curies":[{"name":"wp","href":"https:\/\/api.w.org\/{rel}","templated":true}]}}