{"id":16286,"date":"2025-09-16T16:24:46","date_gmt":"2025-09-16T14:24:46","guid":{"rendered":"https:\/\/boreait.com\/fr\/?post_type=product&#038;p=16286"},"modified":"2025-09-16T16:24:51","modified_gmt":"2025-09-16T14:24:51","slug":"ecran-lcd-pour-lenovo-flex-3-11-116-hd-mat-30-broches-edp-non-tactile-neuf","status":"publish","type":"product","link":"https:\/\/boreait.com\/fr\/produit\/ecran-lcd-pour-lenovo-flex-3-11-116-hd-mat-30-broches-edp-non-tactile-neuf\/","title":{"rendered":"\u00c9cran LCD pour Lenovo Flex 3 11 11,6&Prime; HD mat 30 broches eDP non tactile, neuf"},"content":{"rendered":"<p>Mod\u00e8le d&rsquo;\u00e9cran LCD actuel\u00a0: MB116AN01-3 ver 1.1 \u2013 ENTI\u00c8REMENT COMPATIBLE AVEC L&rsquo;\u00c9CRAN D&rsquo;ORDINATEUR PORTABLE LENOVO FLEX 3 S\u00c9RIE 11 &#8211; non tactile<\/p>\n<p>Restaurez ou optimisez l&rsquo;affichage de votre ordinateur portable Lenovo Flex 3 s\u00e9rie 11 gr\u00e2ce \u00e0 cet \u00e9cran LCD 11,6&Prime;. Offrant une r\u00e9solution HD de 1\u00a0366 x 768, cet \u00e9cran offre des images claires et nettes pour vos t\u00e2ches quotidiennes. Sa finition mate minimise les reflets, facilitant ainsi le travail dans des environnements lumineux. Dot\u00e9 d&rsquo;un connecteur eDP 30 broches, cet \u00e9cran est facile \u00e0 installer et \u00e0 remplacer. Cet \u00e9cran non tactile est id\u00e9al pour ceux qui n&rsquo;ont pas besoin de la fonctionnalit\u00e9 tactile.<\/p>\n<p>Cet \u00e9cran n&rsquo;est pas un \u00e9cran IPS, mais il offre n\u00e9anmoins un excellent rapport qualit\u00e9-prix et des performances exceptionnelles. Il est \u00e9galement fourni avec des supports gauche et droit pour un montage facile et est con\u00e7u pour \u00eatre compatible avec diff\u00e9rents mod\u00e8les de la s\u00e9rie Lenovo Flex 3 11. Que vous ayez besoin d&rsquo;un remplacement pour un \u00c9cran cass\u00e9 ou envie de changer d&rsquo;\u00e9cran\u00a0? Cet \u00e9cran LCD est une solution fiable et \u00e9conomique. \u00c9tat\u00a0: Neuf.<\/p>\n","protected":false},"excerpt":{"rendered":"<p>Remplacez ou am\u00e9liorez l&rsquo;\u00e9cran de votre ordinateur portable Lenovo Flex 3 s\u00e9rie 11 avec cet \u00e9cran LCD non tactile de 11,6 pouces. Dot\u00e9 d&rsquo;une r\u00e9solution HD de 1366 x 768, d&rsquo;une finition mate et d&rsquo;un connecteur eDP \u00e0 30 broches, il est parfait pour restaurer l&rsquo;\u00e9cran de votre ordinateur portable. \u00c9tat\u00a0: Neuf.<\/p>\n","protected":false},"featured_media":16285,"template":"","meta":[],"product_brand":[],"product_cat":[109,95],"product_tag":[],"class_list":{"0":"post-16286","1":"product","2":"type-product","3":"status-publish","4":"has-post-thumbnail","6":"product_cat-11-6-new-laptop-screens-lcd-panels","7":"product_cat-new-laptop-screens-lcd-panels","9":"first","10":"instock","11":"taxable","12":"shipping-taxable","13":"purchasable","14":"product-type-simple"},"_links":{"self":[{"href":"https:\/\/boreait.com\/fr\/wp-json\/wp\/v2\/product\/16286","targetHints":{"allow":["GET"]}}],"collection":[{"href":"https:\/\/boreait.com\/fr\/wp-json\/wp\/v2\/product"}],"about":[{"href":"https:\/\/boreait.com\/fr\/wp-json\/wp\/v2\/types\/product"}],"wp:featuredmedia":[{"embeddable":true,"href":"https:\/\/boreait.com\/fr\/wp-json\/wp\/v2\/media\/16285"}],"wp:attachment":[{"href":"https:\/\/boreait.com\/fr\/wp-json\/wp\/v2\/media?parent=16286"}],"wp:term":[{"taxonomy":"product_brand","embeddable":true,"href":"https:\/\/boreait.com\/fr\/wp-json\/wp\/v2\/product_brand?post=16286"},{"taxonomy":"product_cat","embeddable":true,"href":"https:\/\/boreait.com\/fr\/wp-json\/wp\/v2\/product_cat?post=16286"},{"taxonomy":"product_tag","embeddable":true,"href":"https:\/\/boreait.com\/fr\/wp-json\/wp\/v2\/product_tag?post=16286"}],"curies":[{"name":"wp","href":"https:\/\/api.w.org\/{rel}","templated":true}]}}