{"id":16284,"date":"2025-09-16T16:24:34","date_gmt":"2025-09-16T14:24:34","guid":{"rendered":"https:\/\/boreait.com\/fr\/?post_type=product&#038;p=16284"},"modified":"2025-09-16T16:24:44","modified_gmt":"2025-09-16T14:24:44","slug":"ecran-lcd-116-pour-lenovo-ideapad-100s-11iby-110s-11ibr-80wg-hd-mat","status":"publish","type":"product","link":"https:\/\/boreait.com\/fr\/produit\/ecran-lcd-116-pour-lenovo-ideapad-100s-11iby-110s-11ibr-80wg-hd-mat\/","title":{"rendered":"\u00c9cran LCD 11,6&Prime; pour Lenovo Ideapad 100S-11IBY 110S-11IBR 80WG HD mat"},"content":{"rendered":"<p>Mod\u00e8le d&rsquo;\u00e9cran LCD actuel\u00a0: MB116AN01-3 ver 1.1 \u2013 ENTI\u00c8REMENT COMPATIBLE AVEC LES ORDINATEURS PORTABLES Lenovo Ideapad s\u00e9ries 100S-11IBY, 110S-11IBR et 80WG &#8211; non tactile<\/p>\n<p>Optimisez votre Lenovo Ideapad avec cet \u00e9cran LCD 11,6&Prime; haute qualit\u00e9, compatible avec les s\u00e9ries 100S-11IBY, 110S-11IBR et 80WG. Cet \u00e9cran large offre une r\u00e9solution HD de 1366 x 768, offrant des images claires et nettes. Sa finition mate r\u00e9duit les reflets, ce qui le rend id\u00e9al dans diverses conditions d&rsquo;\u00e9clairage.<\/p>\n<p>Cet \u00e9cran LCD non tactile est \u00e9quip\u00e9 d&rsquo;un connecteur eDP 30 broches et est id\u00e9al pour remplacer un \u00e9cran cass\u00e9 ou endommag\u00e9. Il est \u00e9quip\u00e9 de supports gauche et droit pour une installation facile. Bien qu&rsquo;il ne soit pas dot\u00e9 de la technologie IPS, il offre d&rsquo;excellentes performances. t\u00e2ches quotidiennes, ce qui en fait une option fiable pour votre ordinateur portable.<\/p>\n<p>L&rsquo;\u00e9cran est neuf, garantissant un \u00e9cran neuf et intact pour votre appareil.<\/p>\n<p>&nbsp;<\/p>\n","protected":false},"excerpt":{"rendered":"<p>Remplacez l&rsquo;\u00e9cran de votre ordinateur portable par cet \u00e9cran LCD 11,6&Prime; pour Lenovo Ideapad s\u00e9ries 100S-11IBY, 110S-11IBR et 80WG. Avec une r\u00e9solution HD 1366 x 768, une finition mate et un connecteur eDP 30 broches, cet \u00e9cran fiable et non tactile est id\u00e9al. Supports gauche et droit inclus. \u00c9tat\u00a0: neuf.<\/p>\n","protected":false},"featured_media":16285,"template":"","meta":[],"product_brand":[],"product_cat":[109,95],"product_tag":[],"class_list":{"0":"post-16284","1":"product","2":"type-product","3":"status-publish","4":"has-post-thumbnail","6":"product_cat-11-6-new-laptop-screens-lcd-panels","7":"product_cat-new-laptop-screens-lcd-panels","9":"first","10":"instock","11":"taxable","12":"shipping-taxable","13":"purchasable","14":"product-type-simple"},"_links":{"self":[{"href":"https:\/\/boreait.com\/fr\/wp-json\/wp\/v2\/product\/16284","targetHints":{"allow":["GET"]}}],"collection":[{"href":"https:\/\/boreait.com\/fr\/wp-json\/wp\/v2\/product"}],"about":[{"href":"https:\/\/boreait.com\/fr\/wp-json\/wp\/v2\/types\/product"}],"wp:featuredmedia":[{"embeddable":true,"href":"https:\/\/boreait.com\/fr\/wp-json\/wp\/v2\/media\/16285"}],"wp:attachment":[{"href":"https:\/\/boreait.com\/fr\/wp-json\/wp\/v2\/media?parent=16284"}],"wp:term":[{"taxonomy":"product_brand","embeddable":true,"href":"https:\/\/boreait.com\/fr\/wp-json\/wp\/v2\/product_brand?post=16284"},{"taxonomy":"product_cat","embeddable":true,"href":"https:\/\/boreait.com\/fr\/wp-json\/wp\/v2\/product_cat?post=16284"},{"taxonomy":"product_tag","embeddable":true,"href":"https:\/\/boreait.com\/fr\/wp-json\/wp\/v2\/product_tag?post=16284"}],"curies":[{"name":"wp","href":"https:\/\/api.w.org\/{rel}","templated":true}]}}