{"id":16279,"date":"2025-09-16T16:24:33","date_gmt":"2025-09-16T14:24:33","guid":{"rendered":"https:\/\/boreait.com\/fr\/?post_type=product&#038;p=16279"},"modified":"2025-09-16T16:24:43","modified_gmt":"2025-09-16T14:24:43","slug":"dell-chromebook-11-3100-3120-3180-116-hd-lcd-non-tactile-30-broches-mat-neuf","status":"publish","type":"product","link":"https:\/\/boreait.com\/fr\/produit\/dell-chromebook-11-3100-3120-3180-116-hd-lcd-non-tactile-30-broches-mat-neuf\/","title":{"rendered":"Dell Chromebook 11 3100 3120 3180 11,6&Prime; HD LCD non tactile 30 broches mat neuf"},"content":{"rendered":"<p>Mod\u00e8le d&rsquo;\u00e9cran LCD actuel\u00a0: MB116AN01-3 ver 1.1 \u2013 ENTI\u00c8REMENT COMPATIBLE AVEC L&rsquo;\u00c9CRAN D&rsquo;ORDINATEUR PORTABLE Dell Chromebook 11 3100 3120 3180 &#8211; non tactile<\/p>\n<p>Mettez \u00e0 niveau ou remplacez l&rsquo;\u00e9cran de votre Dell Chromebook 11 3100, 3120 ou 3180 avec cet \u00e9cran LCD HD 11,6&Prime; de haute qualit\u00e9. Avec une r\u00e9solution de 1366 x 768, cet \u00e9cran non tactile offre des images claires et \u00e9clatantes pour une utilisation quotidienne. Sa finition mate r\u00e9duit les reflets, ce qui le rend id\u00e9al pour divers environnements lumineux. Cet \u00e9cran LCD est r\u00e9tro\u00e9clair\u00e9 par LED pour une efficacit\u00e9 \u00e9nerg\u00e9tique optimale et une luminosit\u00e9 accrue.<\/p>\n<p>\u00c9quip\u00e9 d&rsquo;un connecteur eDP 30 broches, l&rsquo;\u00e9cran est facile \u00e0 installer et est fourni avec les supports gauche et droit n\u00e9cessaires pour une fixation s\u00fbre. Cet \u00e9cran n&rsquo;est pas \u00e9quip\u00e9 de la technologie IPS, mais offre de bonnes performances pour les t\u00e2ches courantes et la navigation. Que vous le remplaciez un \u00e9cran endommag\u00e9 ou effectuant une mise \u00e0 niveau d&rsquo;\u00e9cran, ce nouveau panneau LCD est une solution fiable pour votre Dell Chromebook.<\/p>\n","protected":false},"excerpt":{"rendered":"<p>Remplacez l&rsquo;\u00e9cran de votre Dell Chromebook 11 3100, 3120 ou 3180 par cet \u00e9cran LCD HD 11,6&Prime;. Dot\u00e9 d&rsquo;une r\u00e9solution de 1366 x 768, d&rsquo;une finition mate et d&rsquo;un r\u00e9tro\u00e9clairage LED, il constitue un remplacement non tactile id\u00e9al. Des supports gauche et droit sont inclus pour une installation facile. \u00c9tat\u00a0: neuf.<\/p>\n","protected":false},"featured_media":16285,"template":"","meta":[],"product_brand":[],"product_cat":[109,95],"product_tag":[],"class_list":{"0":"post-16279","1":"product","2":"type-product","3":"status-publish","4":"has-post-thumbnail","6":"product_cat-11-6-new-laptop-screens-lcd-panels","7":"product_cat-new-laptop-screens-lcd-panels","9":"first","10":"instock","11":"taxable","12":"shipping-taxable","13":"purchasable","14":"product-type-simple"},"_links":{"self":[{"href":"https:\/\/boreait.com\/fr\/wp-json\/wp\/v2\/product\/16279","targetHints":{"allow":["GET"]}}],"collection":[{"href":"https:\/\/boreait.com\/fr\/wp-json\/wp\/v2\/product"}],"about":[{"href":"https:\/\/boreait.com\/fr\/wp-json\/wp\/v2\/types\/product"}],"wp:featuredmedia":[{"embeddable":true,"href":"https:\/\/boreait.com\/fr\/wp-json\/wp\/v2\/media\/16285"}],"wp:attachment":[{"href":"https:\/\/boreait.com\/fr\/wp-json\/wp\/v2\/media?parent=16279"}],"wp:term":[{"taxonomy":"product_brand","embeddable":true,"href":"https:\/\/boreait.com\/fr\/wp-json\/wp\/v2\/product_brand?post=16279"},{"taxonomy":"product_cat","embeddable":true,"href":"https:\/\/boreait.com\/fr\/wp-json\/wp\/v2\/product_cat?post=16279"},{"taxonomy":"product_tag","embeddable":true,"href":"https:\/\/boreait.com\/fr\/wp-json\/wp\/v2\/product_tag?post=16279"}],"curies":[{"name":"wp","href":"https:\/\/api.w.org\/{rel}","templated":true}]}}