{"id":16277,"date":"2025-09-16T16:24:33","date_gmt":"2025-09-16T14:24:33","guid":{"rendered":"https:\/\/boreait.com\/fr\/?post_type=product&#038;p=16277"},"modified":"2025-09-16T16:24:43","modified_gmt":"2025-09-16T14:24:43","slug":"ecran-lcd-pour-asus-chromebook-c201p-116-hd-mat-30-broches-non-tactile-neuf","status":"publish","type":"product","link":"https:\/\/boreait.com\/fr\/produit\/ecran-lcd-pour-asus-chromebook-c201p-116-hd-mat-30-broches-non-tactile-neuf\/","title":{"rendered":"\u00c9cran LCD pour ASUS Chromebook C201P 11,6&Prime; HD mat 30 broches non tactile neuf"},"content":{"rendered":"<p>Mod\u00e8le d&rsquo;\u00e9cran LCD actuel\u00a0: MB116AN01-3 ver 1.1 \u2013 ENTI\u00c8REMENT COMPATIBLE AVEC LES \u00c9CRANS D&rsquo;ORDINATEUR PORTABLE ASUS CHROMEBOOK C201P, C201PA &#8211; non tactile<\/p>\n<p>Mettez \u00e0 niveau votre ASUS Chromebook C201P ou C201PA avec cet \u00e9cran LCD 11,6&Prime; haut de gamme. Con\u00e7u pour une excellente clart\u00e9 d&rsquo;affichage, cet \u00e9cran non tactile offre une r\u00e9solution HD de 1366 x 768, offrant des images claires et nettes pour une utilisation quotidienne. Sa finition mate r\u00e9duit les reflets, assurant une meilleure visibilit\u00e9 dans diff\u00e9rentes conditions d&rsquo;\u00e9clairage.<\/p>\n<p>Gr\u00e2ce \u00e0 son connecteur eDP 30 broches, l&rsquo;installation est simple et l&rsquo;\u00e9cran est fourni avec des supports gauche et droit pour une fixation s\u00e9curis\u00e9e. Cet \u00e9cran est id\u00e9al pour remplacer un \u00e9cran endommag\u00e9 ou d\u00e9fectueux. Veuillez noter qu&rsquo;il n&rsquo;est pas IPS, ce qui signifie qu&rsquo;il n&rsquo;offre peut-\u00eatre pas les angles de vision larges des \u00e9crans IPS, mais offre n\u00e9anmoins une bonne qualit\u00e9 d&rsquo;image pour une utilisation r\u00e9guli\u00e8re.<\/p>\n<p>Que vous soyez Que vous r\u00e9pariez votre Chromebook ou que vous le mettiez \u00e0 niveau, ce nouvel \u00e9cran LCD est une solution fiable et \u00e9conomique.<\/p>\n","protected":false},"excerpt":{"rendered":"<p>Remplacez l&rsquo;\u00e9cran de votre ASUS Chromebook C201P\/C201PA par cet \u00e9cran LCD 11,6&Prime; de haute qualit\u00e9. Dot\u00e9 d&rsquo;une r\u00e9solution HD 1366&#215;768, d&rsquo;une finition mate et d&rsquo;un connecteur eDP 30 broches, il offre des performances fiables. \u00c9tat : Neuf.<\/p>\n","protected":false},"featured_media":16285,"template":"","meta":[],"product_brand":[],"product_cat":[109,95],"product_tag":[],"class_list":{"0":"post-16277","1":"product","2":"type-product","3":"status-publish","4":"has-post-thumbnail","6":"product_cat-11-6-new-laptop-screens-lcd-panels","7":"product_cat-new-laptop-screens-lcd-panels","9":"first","10":"instock","11":"taxable","12":"shipping-taxable","13":"purchasable","14":"product-type-simple"},"_links":{"self":[{"href":"https:\/\/boreait.com\/fr\/wp-json\/wp\/v2\/product\/16277","targetHints":{"allow":["GET"]}}],"collection":[{"href":"https:\/\/boreait.com\/fr\/wp-json\/wp\/v2\/product"}],"about":[{"href":"https:\/\/boreait.com\/fr\/wp-json\/wp\/v2\/types\/product"}],"wp:featuredmedia":[{"embeddable":true,"href":"https:\/\/boreait.com\/fr\/wp-json\/wp\/v2\/media\/16285"}],"wp:attachment":[{"href":"https:\/\/boreait.com\/fr\/wp-json\/wp\/v2\/media?parent=16277"}],"wp:term":[{"taxonomy":"product_brand","embeddable":true,"href":"https:\/\/boreait.com\/fr\/wp-json\/wp\/v2\/product_brand?post=16277"},{"taxonomy":"product_cat","embeddable":true,"href":"https:\/\/boreait.com\/fr\/wp-json\/wp\/v2\/product_cat?post=16277"},{"taxonomy":"product_tag","embeddable":true,"href":"https:\/\/boreait.com\/fr\/wp-json\/wp\/v2\/product_tag?post=16277"}],"curies":[{"name":"wp","href":"https:\/\/api.w.org\/{rel}","templated":true}]}}