{"id":16274,"date":"2025-09-16T16:24:30","date_gmt":"2025-09-16T14:24:30","guid":{"rendered":"https:\/\/boreait.com\/fr\/?post_type=product&#038;p=16274"},"modified":"2025-09-16T16:24:42","modified_gmt":"2025-09-16T14:24:42","slug":"ecran-lcd-pour-acer-chromebook-11-c720-c740-116-hd-mat-avec-supports-neuf","status":"publish","type":"product","link":"https:\/\/boreait.com\/fr\/produit\/ecran-lcd-pour-acer-chromebook-11-c720-c740-116-hd-mat-avec-supports-neuf\/","title":{"rendered":"\u00c9cran LCD pour Acer Chromebook 11 C720 C740 11,6&Prime; HD mat avec supports, neuf"},"content":{"rendered":"<p>Mod\u00e8le d&rsquo;\u00e9cran LCD actuel\u00a0: MB116AN01-3 ver 1.1 \u2013 ENTI\u00c8REMENT COMPATIBLE AVEC L&rsquo;\u00c9CRAN D&rsquo;ORDINATEUR PORTABLE Acer Chromebook 11 s\u00e9ries C720 et C740 &#8211; non tactile<\/p>\n<p>Am\u00e9liorez l&rsquo;\u00e9cran de votre ordinateur portable Acer Chromebook 11 s\u00e9ries C720 ou C740 avec cet \u00e9cran LCD HD 11,6 pouces, con\u00e7u pour offrir des images nettes et \u00e9clatantes dans un format compact. Cet \u00e9cran offre une r\u00e9solution de 1366 x 768, offrant une exp\u00e9rience HD id\u00e9ale pour les t\u00e2ches quotidiennes et la consommation multim\u00e9dia. Gr\u00e2ce \u00e0 sa finition mate, il minimise les reflets, permettant une utilisation confortable dans diverses conditions d&rsquo;\u00e9clairage.<\/p>\n<p>Cet \u00e9cran LCD non tactile est dot\u00e9 d&rsquo;une connexion eDP 30 broches et d&rsquo;un r\u00e9tro\u00e9clairage LED pour des performances \u00e9co\u00e9nerg\u00e9tiques. Il est livr\u00e9 avec des supports de fixation gauche et droit pr\u00e9install\u00e9s, facilitant ainsi sa fixation \u00e0 votre ordinateur portable. Bien qu&rsquo;il ne soit pas IPS, cet \u00e9cran offre une exp\u00e9rience visuelle fiable avec une excellente qualit\u00e9 d&rsquo;image. Clart\u00e9.<\/p>\n<p>Id\u00e9al pour remplacer un \u00e9cran endommag\u00e9 ou non fonctionnel, cet \u00e9cran neuf restaurera la qualit\u00e9 d&rsquo;origine de l&rsquo;\u00e9cran de votre Chromebook, garantissant une exp\u00e9rience visuelle fiable et claire.<\/p>\n","protected":false},"excerpt":{"rendered":"<p>Remplacez l&rsquo;\u00e9cran de votre Acer Chromebook 11 s\u00e9ries C720 ou C740 par ce nouvel \u00e9cran LCD HD 11,6&Prime;. Dot\u00e9 d&rsquo;une r\u00e9solution de 1366 x 768, d&rsquo;une finition mate et d&rsquo;un r\u00e9tro\u00e9clairage LED, il offre des images claires et nettes. Comprend des supports de montage gauche et droit pour une installation facile. \u00c9tat\u00a0: neuf.<\/p>\n","protected":false},"featured_media":16285,"template":"","meta":[],"product_brand":[],"product_cat":[109,95],"product_tag":[],"class_list":{"0":"post-16274","1":"product","2":"type-product","3":"status-publish","4":"has-post-thumbnail","6":"product_cat-11-6-new-laptop-screens-lcd-panels","7":"product_cat-new-laptop-screens-lcd-panels","9":"first","10":"instock","11":"taxable","12":"shipping-taxable","13":"purchasable","14":"product-type-simple"},"_links":{"self":[{"href":"https:\/\/boreait.com\/fr\/wp-json\/wp\/v2\/product\/16274","targetHints":{"allow":["GET"]}}],"collection":[{"href":"https:\/\/boreait.com\/fr\/wp-json\/wp\/v2\/product"}],"about":[{"href":"https:\/\/boreait.com\/fr\/wp-json\/wp\/v2\/types\/product"}],"wp:featuredmedia":[{"embeddable":true,"href":"https:\/\/boreait.com\/fr\/wp-json\/wp\/v2\/media\/16285"}],"wp:attachment":[{"href":"https:\/\/boreait.com\/fr\/wp-json\/wp\/v2\/media?parent=16274"}],"wp:term":[{"taxonomy":"product_brand","embeddable":true,"href":"https:\/\/boreait.com\/fr\/wp-json\/wp\/v2\/product_brand?post=16274"},{"taxonomy":"product_cat","embeddable":true,"href":"https:\/\/boreait.com\/fr\/wp-json\/wp\/v2\/product_cat?post=16274"},{"taxonomy":"product_tag","embeddable":true,"href":"https:\/\/boreait.com\/fr\/wp-json\/wp\/v2\/product_tag?post=16274"}],"curies":[{"name":"wp","href":"https:\/\/api.w.org\/{rel}","templated":true}]}}