{"id":16256,"date":"2025-09-16T16:23:36","date_gmt":"2025-09-16T14:23:36","guid":{"rendered":"https:\/\/boreait.com\/fr\/?post_type=product&#038;p=16256"},"modified":"2025-09-16T16:24:39","modified_gmt":"2025-09-16T14:24:39","slug":"ecran-lcd-hp-173-pour-modeles-17-x001nc-17-x020ca-et-17-x037cl-neuf","status":"publish","type":"product","link":"https:\/\/boreait.com\/fr\/produit\/ecran-lcd-hp-173-pour-modeles-17-x001nc-17-x020ca-et-17-x037cl-neuf\/","title":{"rendered":"\u00c9cran LCD HP 17,3&Prime; pour mod\u00e8les 17-X001NC, 17-X020CA et 17-X037CL, neuf"},"content":{"rendered":"<p>Mod\u00e8le d&rsquo;\u00e9cran LCD\u00a0: NT173WDM-N27 \u2013 ENTI\u00c8REMENT COMPATIBLE AVEC LES \u00c9CRANS D&rsquo;ORDINATEUR PORTABLE HP 17-X001NC, 17-X020CA, 17-X037CL, 17-X032NA et 17-X013DS<\/p>\n<p>Optimisez l&rsquo;affichage de votre ordinateur portable HP avec cet \u00e9cran LCD 17,3 pouces de haute qualit\u00e9, sp\u00e9cialement con\u00e7u pour les mod\u00e8les HP 17-X001NC, 17-X020CA, 17-X037CL, 17-X032NA et 17-X013DS. Cet \u00e9cran offre une r\u00e9solution HD+ de 1\u00a0600 x 900, offrant des images nettes et \u00e9clatantes qui donnent vie \u00e0 votre contenu. Sa finition mate r\u00e9duit les reflets, ce qui le rend id\u00e9al pour une utilisation dans diverses conditions d&rsquo;\u00e9clairage, que vous travailliez en int\u00e9rieur ou en ext\u00e9rieur.<\/p>\n<p>Avec un connecteur eDP 30 broches, Cet \u00e9cran non tactile est facile \u00e0 installer et est fourni avec des supports sup\u00e9rieurs et inf\u00e9rieurs, garantissant une fixation s\u00fbre au ch\u00e2ssis de votre ordinateur portable. Il est important de noter qu&rsquo;il s&rsquo;agit d&rsquo;une dalle non IPS, ce qui signifie que ses angles de vision peuvent \u00eatre plus \u00e9troits que ceux des \u00e9crans IPS, mais qu&rsquo;elle offre n\u00e9anmoins d&rsquo;excellentes performances pour les t\u00e2ches quotidiennes.<\/p>\n<p>Cet \u00e9cran LCD est neuf, garantissant fiabilit\u00e9 et long\u00e9vit\u00e9 \u00e0 votre appareil. Que vous remplaciez un \u00e9cran cass\u00e9 ou que vous mettiez \u00e0 niveau votre \u00e9cran actuel, cet \u00e9cran LCD est le choix id\u00e9al pour restaurer les fonctionnalit\u00e9s de votre ordinateur portable.<\/p>\n","protected":false},"excerpt":{"rendered":"<p>Am\u00e9liorez votre ordinateur portable HP avec cet \u00e9cran LCD 17,3 pouces, compatible avec les mod\u00e8les 17-X001NC, 17-X020CA, 17-X037CL, 17-X032NA et 17-X013DS. Dot\u00e9 d&rsquo;une finition mate et d&rsquo;une r\u00e9solution HD+ de 1600 x 900, cet \u00e9cran non tactile comprend des supports sup\u00e9rieurs et inf\u00e9rieurs pour une installation facile. \u00c9tat\u00a0: Neuf.<\/p>\n","protected":false},"featured_media":16272,"template":"","meta":[],"product_brand":[],"product_cat":[96,95],"product_tag":[],"class_list":{"0":"post-16256","1":"product","2":"type-product","3":"status-publish","4":"has-post-thumbnail","6":"product_cat-17-3","7":"product_cat-new-laptop-screens-lcd-panels","9":"first","10":"instock","11":"taxable","12":"shipping-taxable","13":"purchasable","14":"product-type-simple"},"_links":{"self":[{"href":"https:\/\/boreait.com\/fr\/wp-json\/wp\/v2\/product\/16256","targetHints":{"allow":["GET"]}}],"collection":[{"href":"https:\/\/boreait.com\/fr\/wp-json\/wp\/v2\/product"}],"about":[{"href":"https:\/\/boreait.com\/fr\/wp-json\/wp\/v2\/types\/product"}],"wp:featuredmedia":[{"embeddable":true,"href":"https:\/\/boreait.com\/fr\/wp-json\/wp\/v2\/media\/16272"}],"wp:attachment":[{"href":"https:\/\/boreait.com\/fr\/wp-json\/wp\/v2\/media?parent=16256"}],"wp:term":[{"taxonomy":"product_brand","embeddable":true,"href":"https:\/\/boreait.com\/fr\/wp-json\/wp\/v2\/product_brand?post=16256"},{"taxonomy":"product_cat","embeddable":true,"href":"https:\/\/boreait.com\/fr\/wp-json\/wp\/v2\/product_cat?post=16256"},{"taxonomy":"product_tag","embeddable":true,"href":"https:\/\/boreait.com\/fr\/wp-json\/wp\/v2\/product_tag?post=16256"}],"curies":[{"name":"wp","href":"https:\/\/api.w.org\/{rel}","templated":true}]}}