{"id":16253,"date":"2025-09-16T16:23:35","date_gmt":"2025-09-16T14:23:35","guid":{"rendered":"https:\/\/boreait.com\/fr\/?post_type=product&#038;p=16253"},"modified":"2025-09-16T16:24:38","modified_gmt":"2025-09-16T14:24:38","slug":"ecran-lcd-hp-17-by-series-173-hd-mat-30-broches-edp-avec-supports-neuf","status":"publish","type":"product","link":"https:\/\/boreait.com\/fr\/produit\/ecran-lcd-hp-17-by-series-173-hd-mat-30-broches-edp-avec-supports-neuf\/","title":{"rendered":"\u00c9cran LCD HP 17-by Series 17,3&Prime; HD+ mat 30 broches eDP avec supports, neuf"},"content":{"rendered":"<p>Mod\u00e8le d&rsquo;\u00e9cran LCD actuel\u00a0: NT173WDM-N27 \u2013 ENTI\u00c8REMENT COMPATIBLE AVEC LES \u00c9CRANS D&rsquo;ORDINATEUR PORTABLE HP 17-by1053dx, 17-BY0004NO, 17-BY0032CY, 17-BY1021CL, HP 17-BY3000NC et 17-by2501na.<\/p>\n<p>Am\u00e9liorez ou remplacez l&rsquo;\u00e9cran de votre ordinateur portable HP avec ce nouvel \u00e9cran LCD 17,3 pouces de haute qualit\u00e9, con\u00e7u pour les mod\u00e8les HP compatibles tels que les HP 17-by1053dx, 17-BY0004NO, 17-BY0032CY, 17-BY1021CL, HP 17-BY3000NC et 17-by2501na. Cet \u00e9cran offre une r\u00e9solution de 1600 x 900 (HD+), offrant des images nettes et claires pour une large gamme de t\u00e2ches, du streaming Pour les applications professionnelles.<\/p>\n<p>Cet \u00e9cran LCD pr\u00e9sente une finition mate r\u00e9duisant les reflets et garantissant un confort d&rsquo;utilisation optimal dans diff\u00e9rentes conditions d&rsquo;\u00e9clairage. Gr\u00e2ce \u00e0 sa connexion eDP 30 broches, il offre une connectivit\u00e9 stable, tandis que les supports sup\u00e9rieurs et inf\u00e9rieurs inclus simplifient et s\u00e9curisent l&rsquo;installation. Notez qu&rsquo;il s&rsquo;agit d&rsquo;un \u00e9cran non tactile et non IPS, offrant des fonctionnalit\u00e9s fiables sans le co\u00fbt \u00e9lev\u00e9 des \u00e9crans haut de gamme. Id\u00e9al pour ceux qui recherchent une solution de remplacement fiable r\u00e9pondant \u00e0 leurs besoins quotidiens.<\/p>\n<p>Cet \u00e9cran est neuf, garantissant une qualit\u00e9 et une long\u00e9vit\u00e9 optimales \u00e0 l&rsquo;\u00e9cran de votre ordinateur portable.<\/p>\n","protected":false},"excerpt":{"rendered":"<p>Remplacez l&rsquo;\u00e9cran de votre ordinateur portable par ce nouvel \u00e9cran LCD 17,3 pouces, compatible avec diff\u00e9rents mod\u00e8les HP, notamment les mod\u00e8les 17-by1053dx, 17-BY0004NO et autres. Avec une r\u00e9solution HD+ 1600 x 900, une connexion eDP 30 broches et une finition mate, cet \u00e9cran offre des images claires avec un faible \u00e9blouissement. Supports sup\u00e9rieurs et inf\u00e9rieurs inclus pour une installation facile. \u00c9tat\u00a0: Neuf.<\/p>\n","protected":false},"featured_media":16272,"template":"","meta":[],"product_brand":[],"product_cat":[96,95],"product_tag":[],"class_list":{"0":"post-16253","1":"product","2":"type-product","3":"status-publish","4":"has-post-thumbnail","6":"product_cat-17-3","7":"product_cat-new-laptop-screens-lcd-panels","9":"first","10":"instock","11":"taxable","12":"shipping-taxable","13":"purchasable","14":"product-type-simple"},"_links":{"self":[{"href":"https:\/\/boreait.com\/fr\/wp-json\/wp\/v2\/product\/16253","targetHints":{"allow":["GET"]}}],"collection":[{"href":"https:\/\/boreait.com\/fr\/wp-json\/wp\/v2\/product"}],"about":[{"href":"https:\/\/boreait.com\/fr\/wp-json\/wp\/v2\/types\/product"}],"wp:featuredmedia":[{"embeddable":true,"href":"https:\/\/boreait.com\/fr\/wp-json\/wp\/v2\/media\/16272"}],"wp:attachment":[{"href":"https:\/\/boreait.com\/fr\/wp-json\/wp\/v2\/media?parent=16253"}],"wp:term":[{"taxonomy":"product_brand","embeddable":true,"href":"https:\/\/boreait.com\/fr\/wp-json\/wp\/v2\/product_brand?post=16253"},{"taxonomy":"product_cat","embeddable":true,"href":"https:\/\/boreait.com\/fr\/wp-json\/wp\/v2\/product_cat?post=16253"},{"taxonomy":"product_tag","embeddable":true,"href":"https:\/\/boreait.com\/fr\/wp-json\/wp\/v2\/product_tag?post=16253"}],"curies":[{"name":"wp","href":"https:\/\/api.w.org\/{rel}","templated":true}]}}