{"id":16251,"date":"2025-09-16T16:23:34","date_gmt":"2025-09-16T14:23:34","guid":{"rendered":"https:\/\/boreait.com\/fr\/?post_type=product&#038;p=16251"},"modified":"2025-09-16T16:24:37","modified_gmt":"2025-09-16T14:24:37","slug":"ecran-lcd-173-pour-hp-serie-17-bs-30-broches-hd-non-tactile-neuf","status":"publish","type":"product","link":"https:\/\/boreait.com\/fr\/produit\/ecran-lcd-173-pour-hp-serie-17-bs-30-broches-hd-non-tactile-neuf\/","title":{"rendered":"\u00c9cran LCD 17,3&Prime; pour HP s\u00e9rie 17-BS, 30 broches HD+, non tactile, neuf"},"content":{"rendered":"<p>Mod\u00e8le d&rsquo;\u00e9cran LCD\u00a0: NT173WDM-N27 \u2013 ENTI\u00c8REMENT COMPATIBLE AVEC LES \u00c9CRANS D&rsquo;ORDINATEUR PORTABLE HP 17-BS007NF, 17-BS099NZ, 17-BS019DX, 17-BS055NR, 17-BS057CL et 17-BS054NG.<\/p>\n<p>Redynamisez votre ordinateur portable HP avec cet \u00e9cran LCD 17,3 pouces de haute qualit\u00e9, con\u00e7u pour les mod\u00e8les 17-BS007NF, 17-BS099NZ, 17-BS019DX, 17-BS055NR, 17-BS057CL et 17-BS054NG. Cet \u00e9cran non tactile offre une r\u00e9solution HD+ de 1\u00a0600 x 900, offrant des images nettes et \u00e9clatantes pour une exp\u00e9rience visuelle optimale.<\/p>\n<p>L&rsquo;\u00e9cran est \u00e9quip\u00e9 d&rsquo;un connecteur eDP 30 broches, garantissant une connexion fiable et une installation facile. Sa finition mate r\u00e9duit les reflets, ce qui le rend adapt\u00e9 \u00e0 diverses conditions d&rsquo;\u00e9clairage, tandis que le r\u00e9tro\u00e9clairage LED offre un \u00e9clairage lumineux et \u00e9conome en \u00e9nergie.<\/p>\n<p>Avec les supports sup\u00e9rieur et inf\u00e9rieur inclus, cet \u00e9cran est pr\u00eat \u00e0 \u00eatre install\u00e9 sur votre ordinateur portable. Id\u00e9al pour remplacer un \u00e9cran endommag\u00e9 ou am\u00e9liorer votre exp\u00e9rience visuelle, cet \u00e9cran LCD est comme neuf, garantissant des performances irr\u00e9prochables.<\/p>\n","protected":false},"excerpt":{"rendered":"<p>Remplacez l&rsquo;\u00e9cran de votre ordinateur portable par cet \u00e9cran LCD 17,3 pouces, compatible avec les mod\u00e8les HP 17-BS007NF, 17-BS099NZ, 17-BS019DX, 17-BS055NR, 17-BS057CL et 17-BS054NG. Dot\u00e9 d&rsquo;une connexion 30 broches, d&rsquo;une r\u00e9solution HD+ (1600 x 900), d&rsquo;une finition mate et d&rsquo;un r\u00e9tro\u00e9clairage LED, cet \u00e9cran garantit des images nettes. \u00c9tat\u00a0: Neuf.<\/p>\n","protected":false},"featured_media":16272,"template":"","meta":[],"product_brand":[],"product_cat":[96,95],"product_tag":[],"class_list":{"0":"post-16251","1":"product","2":"type-product","3":"status-publish","4":"has-post-thumbnail","6":"product_cat-17-3","7":"product_cat-new-laptop-screens-lcd-panels","9":"first","10":"instock","11":"taxable","12":"shipping-taxable","13":"purchasable","14":"product-type-simple"},"_links":{"self":[{"href":"https:\/\/boreait.com\/fr\/wp-json\/wp\/v2\/product\/16251","targetHints":{"allow":["GET"]}}],"collection":[{"href":"https:\/\/boreait.com\/fr\/wp-json\/wp\/v2\/product"}],"about":[{"href":"https:\/\/boreait.com\/fr\/wp-json\/wp\/v2\/types\/product"}],"wp:featuredmedia":[{"embeddable":true,"href":"https:\/\/boreait.com\/fr\/wp-json\/wp\/v2\/media\/16272"}],"wp:attachment":[{"href":"https:\/\/boreait.com\/fr\/wp-json\/wp\/v2\/media?parent=16251"}],"wp:term":[{"taxonomy":"product_brand","embeddable":true,"href":"https:\/\/boreait.com\/fr\/wp-json\/wp\/v2\/product_brand?post=16251"},{"taxonomy":"product_cat","embeddable":true,"href":"https:\/\/boreait.com\/fr\/wp-json\/wp\/v2\/product_cat?post=16251"},{"taxonomy":"product_tag","embeddable":true,"href":"https:\/\/boreait.com\/fr\/wp-json\/wp\/v2\/product_tag?post=16251"}],"curies":[{"name":"wp","href":"https:\/\/api.w.org\/{rel}","templated":true}]}}