{"id":16243,"date":"2025-09-16T16:23:11","date_gmt":"2025-09-16T14:23:11","guid":{"rendered":"https:\/\/boreait.com\/fr\/?post_type=product&#038;p=16243"},"modified":"2025-09-16T16:24:37","modified_gmt":"2025-09-16T14:24:37","slug":"ecran-lcd-173-pour-lenovo-ideapad-l340-17api-30-broches-hd-neuf","status":"publish","type":"product","link":"https:\/\/boreait.com\/fr\/produit\/ecran-lcd-173-pour-lenovo-ideapad-l340-17api-30-broches-hd-neuf\/","title":{"rendered":"\u00c9cran LCD 17,3&Prime; pour Lenovo IDEAPAD L340-17API 30 broches HD+, neuf"},"content":{"rendered":"<p>Mod\u00e8le d&rsquo;\u00e9cran LCD\u00a0: NT173WDM-N27 \u2013 ENTI\u00c8REMENT COMPATIBLE AVEC L&rsquo;\u00c9CRAN D&rsquo;ORDINATEUR PORTABLE Lenovo IDEAPAD L340-L340-17API 7IRH 17IWL 17,3&Prime; &#8211; non tactile<\/p>\n<p>Optimisez votre exp\u00e9rience utilisateur avec votre ordinateur portable Lenovo gr\u00e2ce \u00e0 cet \u00e9cran LCD 17,3&Prime; de haute qualit\u00e9, sp\u00e9cialement con\u00e7u pour les mod\u00e8les IDEAPAD L340-17API 7IRH 17IWL. Dot\u00e9 d&rsquo;une r\u00e9solution HD+ de 1600 x 900, il offre des images nettes et claires pour tous vos besoins informatiques. Sa finition mate r\u00e9duit les reflets, ce qui le rend id\u00e9al pour une utilisation dans diverses conditions d&rsquo;\u00e9clairage.<\/p>\n<p>\u00c9quip\u00e9 d&rsquo;un connecteur 30 broches et utilisant la technologie LED, cet \u00e9cran garantit des performances lumineuses et \u00e9conomes en \u00e9nergie. Bien qu&rsquo;il ne s&rsquo;agisse pas d&rsquo;une dalle IPS, il offre des couleurs \u00e9clatantes et des performances fiables pour les t\u00e2ches quotidiennes telles que la navigation, le streaming et la productivit\u00e9. <\/p>\n<p>Cet \u00e9cran LCD est livr\u00e9 avec des supports sup\u00e9rieurs et inf\u00e9rieurs pour une installation facile, vous permettant de remplacer facilement votre \u00e9cran endommag\u00e9 ou obsol\u00e8te. Soyez rassur\u00e9, ce produit est neuf et sans d\u00e9faut, pr\u00eat \u00e0 restaurer le plein potentiel de votre ordinateur portable.<\/p>\n","protected":false},"excerpt":{"rendered":"<p>Am\u00e9liorez votre ordinateur portable Lenovo avec cet \u00e9cran LCD 17,3 pouces compatible avec les mod\u00e8les IDEAPAD L340-17API 7IRH 17IWL. Dot\u00e9 d&rsquo;une connexion 30 broches, d&rsquo;une r\u00e9solution HD+ de 1600 x 900 et d&rsquo;une finition mate, cet \u00e9cran LED offre des images \u00e9clatantes. \u00c9tat : Neuf.<\/p>\n","protected":false},"featured_media":16272,"template":"","meta":[],"product_brand":[],"product_cat":[96,95],"product_tag":[],"class_list":{"0":"post-16243","1":"product","2":"type-product","3":"status-publish","4":"has-post-thumbnail","6":"product_cat-17-3","7":"product_cat-new-laptop-screens-lcd-panels","9":"first","10":"instock","11":"taxable","12":"shipping-taxable","13":"purchasable","14":"product-type-simple"},"_links":{"self":[{"href":"https:\/\/boreait.com\/fr\/wp-json\/wp\/v2\/product\/16243","targetHints":{"allow":["GET"]}}],"collection":[{"href":"https:\/\/boreait.com\/fr\/wp-json\/wp\/v2\/product"}],"about":[{"href":"https:\/\/boreait.com\/fr\/wp-json\/wp\/v2\/types\/product"}],"wp:featuredmedia":[{"embeddable":true,"href":"https:\/\/boreait.com\/fr\/wp-json\/wp\/v2\/media\/16272"}],"wp:attachment":[{"href":"https:\/\/boreait.com\/fr\/wp-json\/wp\/v2\/media?parent=16243"}],"wp:term":[{"taxonomy":"product_brand","embeddable":true,"href":"https:\/\/boreait.com\/fr\/wp-json\/wp\/v2\/product_brand?post=16243"},{"taxonomy":"product_cat","embeddable":true,"href":"https:\/\/boreait.com\/fr\/wp-json\/wp\/v2\/product_cat?post=16243"},{"taxonomy":"product_tag","embeddable":true,"href":"https:\/\/boreait.com\/fr\/wp-json\/wp\/v2\/product_tag?post=16243"}],"curies":[{"name":"wp","href":"https:\/\/api.w.org\/{rel}","templated":true}]}}