{"id":16238,"date":"2025-09-16T16:23:10","date_gmt":"2025-09-16T14:23:10","guid":{"rendered":"https:\/\/boreait.com\/fr\/?post_type=product&#038;p=16238"},"modified":"2025-09-16T16:24:26","modified_gmt":"2025-09-16T14:24:26","slug":"ecran-lcd-led-mat-173-hd-1600-x-900-pour-hp-pavilion-17-x-30-broches-avec-supports-neuf","status":"publish","type":"product","link":"https:\/\/boreait.com\/fr\/produit\/ecran-lcd-led-mat-173-hd-1600-x-900-pour-hp-pavilion-17-x-30-broches-avec-supports-neuf\/","title":{"rendered":"\u00c9cran LCD LED mat 17,3&Prime; HD+ 1600 x 900 pour HP Pavilion 17-X, 30 broches, avec supports, neuf"},"content":{"rendered":"<p>Mod\u00e8le d&rsquo;\u00e9cran LCD\u00a0: NT173WDM-N27 \u2013 ENTI\u00c8REMENT COMPATIBLE AVEC L&rsquo;\u00c9CRAN D&rsquo;ORDINATEUR PORTABLE HP Pavilion 17-X SERIES &#8211; non tactile<\/p>\n<p>Optimisez l&rsquo;affichage de votre ordinateur portable HP Pavilion 17-X Series avec cet \u00e9cran LCD 17,3&Prime; de haute qualit\u00e9. Con\u00e7u pour un ajustement parfait, cet \u00e9cran non tactile offre une r\u00e9solution HD+ de 1600 x 900, offrant une exp\u00e9rience visuelle claire et nette, id\u00e9ale pour le travail et les loisirs. Sa finition mate r\u00e9duit les reflets, ce qui le rend agr\u00e9able \u00e0 regarder, m\u00eame dans des environnements lumineux, tandis que le r\u00e9tro\u00e9clairage LED garantit des couleurs \u00e9clatantes et une excellente efficacit\u00e9 \u00e9nerg\u00e9tique.<\/p>\n<p>La connexion eDP 30 broches assure une connectivit\u00e9 s\u00e9curis\u00e9e \u00e0 votre ordinateur portable, et l&rsquo;\u00e9cran est fourni avec des supports sup\u00e9rieurs et inf\u00e9rieurs pour une installation facile. Cet \u00e9cran non IPS offre des performances solides et est id\u00e9al pour remplacer un \u00e9cran endommag\u00e9 ou am\u00e9liorer votre exp\u00e9rience visuelle.<\/p>\n<p>Veuillez noter que cet \u00e9cran est sp\u00e9cialement con\u00e7u pour les HP Pavilion non tactiles Ordinateurs portables de la s\u00e9rie 17-X. Neufs et pr\u00eats \u00e0 l&#8217;emploi.<\/p>\n","protected":false},"excerpt":{"rendered":"<p>Am\u00e9liorez votre ordinateur portable HP Pavilion s\u00e9rie 17-X avec un \u00e9cran LCD HD+ de 17,3 pouces. Avec sa finition mate non tactile, son r\u00e9tro\u00e9clairage LED et sa r\u00e9solution de 1600 x 900, cet \u00e9cran offre des images nettes. Des supports sup\u00e9rieurs et inf\u00e9rieurs sont inclus pour une installation facile. \u00c9tat\u00a0: Neuf.<\/p>\n","protected":false},"featured_media":16272,"template":"","meta":[],"product_brand":[],"product_cat":[96,95],"product_tag":[],"class_list":{"0":"post-16238","1":"product","2":"type-product","3":"status-publish","4":"has-post-thumbnail","6":"product_cat-17-3","7":"product_cat-new-laptop-screens-lcd-panels","9":"first","10":"instock","11":"taxable","12":"shipping-taxable","13":"purchasable","14":"product-type-simple"},"_links":{"self":[{"href":"https:\/\/boreait.com\/fr\/wp-json\/wp\/v2\/product\/16238","targetHints":{"allow":["GET"]}}],"collection":[{"href":"https:\/\/boreait.com\/fr\/wp-json\/wp\/v2\/product"}],"about":[{"href":"https:\/\/boreait.com\/fr\/wp-json\/wp\/v2\/types\/product"}],"wp:featuredmedia":[{"embeddable":true,"href":"https:\/\/boreait.com\/fr\/wp-json\/wp\/v2\/media\/16272"}],"wp:attachment":[{"href":"https:\/\/boreait.com\/fr\/wp-json\/wp\/v2\/media?parent=16238"}],"wp:term":[{"taxonomy":"product_brand","embeddable":true,"href":"https:\/\/boreait.com\/fr\/wp-json\/wp\/v2\/product_brand?post=16238"},{"taxonomy":"product_cat","embeddable":true,"href":"https:\/\/boreait.com\/fr\/wp-json\/wp\/v2\/product_cat?post=16238"},{"taxonomy":"product_tag","embeddable":true,"href":"https:\/\/boreait.com\/fr\/wp-json\/wp\/v2\/product_tag?post=16238"}],"curies":[{"name":"wp","href":"https:\/\/api.w.org\/{rel}","templated":true}]}}