{"id":16236,"date":"2025-09-16T16:23:09","date_gmt":"2025-09-16T14:23:09","guid":{"rendered":"https:\/\/boreait.com\/fr\/?post_type=product&#038;p=16236"},"modified":"2025-09-16T16:24:24","modified_gmt":"2025-09-16T14:24:24","slug":"ecran-lcd-hp-17-by-series-173-mat-hd-30-broches-avec-supports-neuf","status":"publish","type":"product","link":"https:\/\/boreait.com\/fr\/produit\/ecran-lcd-hp-17-by-series-173-mat-hd-30-broches-avec-supports-neuf\/","title":{"rendered":"\u00c9cran LCD HP 17-BY Series 17,3&Prime; mat HD+ 30 broches avec supports, neuf"},"content":{"rendered":"<p>Mod\u00e8le d&rsquo;\u00e9cran LCD\u00a0: NT173WDM-N27 \u2013 ENTI\u00c8REMENT COMPATIBLE AVEC LES \u00c9CRANS D&rsquo;ORDINATEUR PORTABLE HP s\u00e9rie 17-BY (mod\u00e8les 17-BY0000 \u00e0 17-BY3000) &#8211; Non tactile<\/p>\n<p>Optimisez l&rsquo;affichage de votre ordinateur portable HP s\u00e9rie 17-BY (mod\u00e8les 17-BY0000 \u00e0 17-BY3000) avec cet \u00e9cran LCD 17,3&Prime; haute qualit\u00e9. Con\u00e7u pour offrir une r\u00e9solution de 1600 x 900 (HD+), il garantit des images claires et d\u00e9taill\u00e9es pour une utilisation quotidienne. Cet \u00e9cran non tactile et non IPS offre des performances fiables gr\u00e2ce \u00e0 sa finition mate qui minimise les reflets, pour un confort d&rsquo;utilisation prolong\u00e9 dans diverses conditions d&rsquo;\u00e9clairage.<\/p>\n<p>\u00c9quip\u00e9 d&rsquo;un connecteur eDP 30 broches et d&rsquo;un r\u00e9tro\u00e9clairage LED, cet \u00e9cran optimise la consommation d&rsquo;\u00e9nergie tout en pr\u00e9servant la luminosit\u00e9 et la pr\u00e9cision des couleurs. L&rsquo;installation est simplifi\u00e9e gr\u00e2ce aux supports sup\u00e9rieur et inf\u00e9rieur. Ce proc\u00e9d\u00e9 permet un remplacement simple. Cet \u00e9cran est neuf, garantissant un produit sans d\u00e9faut, pr\u00eat \u00e0 am\u00e9liorer votre exp\u00e9rience visuelle.<\/p>\n","protected":false},"excerpt":{"rendered":"<p>Am\u00e9liorez votre ordinateur portable HP s\u00e9rie 17-BY avec cet \u00e9cran LCD HD+ 17,3&Prime;. Dot\u00e9 d&rsquo;une connexion eDP 30 broches, d&rsquo;une finition mate et d&rsquo;un r\u00e9tro\u00e9clairage LED, il offre des images claires et lumineuses. Livr\u00e9 avec supports sup\u00e9rieur et inf\u00e9rieur. \u00c9tat\u00a0: Neuf.<\/p>\n","protected":false},"featured_media":16272,"template":"","meta":[],"product_brand":[],"product_cat":[96,95],"product_tag":[],"class_list":{"0":"post-16236","1":"product","2":"type-product","3":"status-publish","4":"has-post-thumbnail","6":"product_cat-17-3","7":"product_cat-new-laptop-screens-lcd-panels","9":"first","10":"instock","11":"taxable","12":"shipping-taxable","13":"purchasable","14":"product-type-simple"},"_links":{"self":[{"href":"https:\/\/boreait.com\/fr\/wp-json\/wp\/v2\/product\/16236","targetHints":{"allow":["GET"]}}],"collection":[{"href":"https:\/\/boreait.com\/fr\/wp-json\/wp\/v2\/product"}],"about":[{"href":"https:\/\/boreait.com\/fr\/wp-json\/wp\/v2\/types\/product"}],"wp:featuredmedia":[{"embeddable":true,"href":"https:\/\/boreait.com\/fr\/wp-json\/wp\/v2\/media\/16272"}],"wp:attachment":[{"href":"https:\/\/boreait.com\/fr\/wp-json\/wp\/v2\/media?parent=16236"}],"wp:term":[{"taxonomy":"product_brand","embeddable":true,"href":"https:\/\/boreait.com\/fr\/wp-json\/wp\/v2\/product_brand?post=16236"},{"taxonomy":"product_cat","embeddable":true,"href":"https:\/\/boreait.com\/fr\/wp-json\/wp\/v2\/product_cat?post=16236"},{"taxonomy":"product_tag","embeddable":true,"href":"https:\/\/boreait.com\/fr\/wp-json\/wp\/v2\/product_tag?post=16236"}],"curies":[{"name":"wp","href":"https:\/\/api.w.org\/{rel}","templated":true}]}}