{"id":16218,"date":"2025-09-16T16:22:42","date_gmt":"2025-09-16T14:22:42","guid":{"rendered":"https:\/\/boreait.com\/fr\/?post_type=product&#038;p=16218"},"modified":"2025-09-16T16:24:09","modified_gmt":"2025-09-16T14:24:09","slug":"nouvel-ecran-lcd-ips-full-hd-mat-173-805696-002-avec-supports-edp-30-broches","status":"publish","type":"product","link":"https:\/\/boreait.com\/fr\/produit\/nouvel-ecran-lcd-ips-full-hd-mat-173-805696-002-avec-supports-edp-30-broches\/","title":{"rendered":"Nouvel \u00e9cran LCD IPS Full HD mat 17,3&Prime; 805696-002 avec supports EDP 30 broches"},"content":{"rendered":"<p>Mod\u00e8le d&rsquo;\u00e9cran actuel\u00a0: N173HCE-E31 Rev. C2 \/ NV173FHM-N41 v8.0 &#8211; \u00c9cran mat IPS FHD 17,3&Prime; pour ordinateur portable &#8211; Enti\u00e8rement compatible avec HP 805696-002\u00a0<\/p>\n<p>Am\u00e9liorez votre exp\u00e9rience visuelle avec cet \u00e9cran LCD IPS mat Full HD (1920 x 1080) haut de gamme de 17,3 pouces. Con\u00e7ue pour une clart\u00e9 et des couleurs \u00e9clatantes, la technologie IPS offre de larges angles de vision et une qualit\u00e9 d&rsquo;image constante. Cet \u00e9cran est \u00e9quip\u00e9 d&rsquo;un connecteur EDP 30 broches, garantissant sa compatibilit\u00e9 avec de nombreux mod\u00e8les d&rsquo;ordinateurs portables. L&rsquo;inclusion de supports sup\u00e9rieurs et inf\u00e9rieurs simplifie l&rsquo;installation, ce qui en fait un remplacement ou une mise \u00e0 niveau id\u00e9al pour votre \u00e9cran actuel. Neuf et en parfait \u00e9tat, r\u00e9f\u00e9rence 805696-002, il est la solution id\u00e9ale pour restaurer les performances d&rsquo;affichage de votre ordinateur portable.<\/p>\n","protected":false},"excerpt":{"rendered":"<p>Am\u00e9liorez votre ordinateur portable avec ce tout nouvel \u00e9cran LCD IPS Full HD mat de 17,3 pouces (r\u00e9f\u00e9rence 805696-002). Dot\u00e9 d&rsquo;une interface EDP 30 broches et de supports sup\u00e9rieurs et inf\u00e9rieurs pour une installation facile, il est \u00e9quip\u00e9 d&rsquo;un connecteur de charge rapide.<\/p>\n","protected":false},"featured_media":15237,"template":"","meta":[],"product_brand":[],"product_cat":[96,95],"product_tag":[61],"class_list":{"0":"post-16218","1":"product","2":"type-product","3":"status-publish","4":"has-post-thumbnail","6":"product_cat-17-3","7":"product_cat-new-laptop-screens-lcd-panels","8":"product_tag-hp","10":"first","11":"instock","12":"taxable","13":"shipping-taxable","14":"purchasable","15":"product-type-simple"},"_links":{"self":[{"href":"https:\/\/boreait.com\/fr\/wp-json\/wp\/v2\/product\/16218","targetHints":{"allow":["GET"]}}],"collection":[{"href":"https:\/\/boreait.com\/fr\/wp-json\/wp\/v2\/product"}],"about":[{"href":"https:\/\/boreait.com\/fr\/wp-json\/wp\/v2\/types\/product"}],"wp:featuredmedia":[{"embeddable":true,"href":"https:\/\/boreait.com\/fr\/wp-json\/wp\/v2\/media\/15237"}],"wp:attachment":[{"href":"https:\/\/boreait.com\/fr\/wp-json\/wp\/v2\/media?parent=16218"}],"wp:term":[{"taxonomy":"product_brand","embeddable":true,"href":"https:\/\/boreait.com\/fr\/wp-json\/wp\/v2\/product_brand?post=16218"},{"taxonomy":"product_cat","embeddable":true,"href":"https:\/\/boreait.com\/fr\/wp-json\/wp\/v2\/product_cat?post=16218"},{"taxonomy":"product_tag","embeddable":true,"href":"https:\/\/boreait.com\/fr\/wp-json\/wp\/v2\/product_tag?post=16218"}],"curies":[{"name":"wp","href":"https:\/\/api.w.org\/{rel}","templated":true}]}}