{"id":16216,"date":"2025-09-16T16:22:42","date_gmt":"2025-09-16T14:22:42","guid":{"rendered":"https:\/\/boreait.com\/fr\/?post_type=product&#038;p=16216"},"modified":"2026-02-08T08:23:21","modified_gmt":"2026-02-08T07:23:21","slug":"cadre-de-bouton-ap06r000700-pour-emachines-e627-piece-de-rechange-dorigine","status":"publish","type":"product","link":"https:\/\/boreait.com\/fr\/produit\/cadre-de-bouton-ap06r000700-pour-emachines-e627-piece-de-rechange-dorigine\/","title":{"rendered":"Cadre de bouton AP06R000700 pour eMachines E627 &#8211; Pi\u00e8ce de rechange d&rsquo;origine"},"content":{"rendered":"<p>Cadre de boutons pour eMachines E627 (AP06R000700)<\/p>\n<p>Am\u00e9liorez l&rsquo;apparence et les fonctionnalit\u00e9s de votre eMachines E627 avec ce cadre de boutons de rechange d&rsquo;origine (AP06R000700). Cette pi\u00e8ce est essentielle pour recouvrir et prot\u00e9ger les boutons de votre ordinateur portable, garantissant un aspect soign\u00e9 et un acc\u00e8s facile aux commandes.<\/p>\n<p>**Caract\u00e9ristiques du produit\u00a0:**<\/p>\n<p>&#8211; **Compatibilit\u00e9\u00a0:** Sp\u00e9cialement con\u00e7u pour le mod\u00e8le d&rsquo;ordinateur portable eMachines E627.<\/p>\n<p>&#8211; **Fonctionnalit\u00e9\u00a0:** Remplace les cadres de boutons endommag\u00e9s ou manquants, restaurant l&rsquo;esth\u00e9tique et la convivialit\u00e9 de l&rsquo;ordinateur portable.<\/p>\n<p>&#8211; **Qualit\u00e9\u00a0:** Pi\u00e8ce de rechange d&rsquo;origine con\u00e7ue pour respecter ou d\u00e9passer les sp\u00e9cifications d&rsquo;origine.<\/p>\n<p>&#8211; **\u00c9tat\u00a0:** Les photos fournies repr\u00e9sentent le cadre que vous recevrez et illustrent son \u00e9tat actuel. <\/p>\n<p>**Pourquoi choisir ce cadre de bouton\u00a0?**<\/p>\n<p>&#8211; **Esth\u00e9tique am\u00e9lior\u00e9e\u00a0:** Id\u00e9al pour pr\u00e9server l&rsquo;int\u00e9grit\u00e9 visuelle de votre ordinateur portable.<\/p>\n<p>&#8211; **Remplacement direct\u00a0:** Con\u00e7u pour une installation facile sans modifications suppl\u00e9mentaires.<\/p>\n<p>&#8211; **Disponibilit\u00e9 mondiale\u00a0:** Nous proposons la livraison dans le monde entier, en particulier en Europe.<\/p>\n<p>Veuillez noter que les instructions d&rsquo;installation ne sont pas incluses. Si vous avez besoin d&rsquo;aide pour l&rsquo;installation, n&rsquo;h\u00e9sitez pas \u00e0 nous contacter. Notre \u00e9quipe est l\u00e0 pour vous aider \u00e0 effectuer le remplacement en toute simplicit\u00e9.<\/p>\n<p>**Important\u00a0:** Les photos de cette annonce montrent le cadre de bouton exact que vous recevrez. Chaque pi\u00e8ce est inspect\u00e9e minutieusement afin de garantir la qualit\u00e9 et la satisfaction du client.<\/p>\n","protected":false},"excerpt":{"rendered":"<p>Cadre de boutons pour eMachines E627 (AP06R000700) \u2013 Pi\u00e8ce de rechange d&rsquo;origine. Id\u00e9al pour remplacer un cadre de boutons endommag\u00e9 ou manquant, et restaurer l&rsquo;apparence et les fonctionnalit\u00e9s de votre ordinateur portable eMachines E627.<\/p>\n","protected":false},"featured_media":16263,"template":"","meta":[],"product_brand":[],"product_cat":[52],"product_tag":[],"class_list":{"0":"post-16216","1":"product","2":"type-product","3":"status-publish","4":"has-post-thumbnail","6":"product_cat-laptop-housing","8":"first","9":"instock","10":"taxable","11":"shipping-taxable","12":"purchasable","13":"product-type-simple"},"_links":{"self":[{"href":"https:\/\/boreait.com\/fr\/wp-json\/wp\/v2\/product\/16216","targetHints":{"allow":["GET"]}}],"collection":[{"href":"https:\/\/boreait.com\/fr\/wp-json\/wp\/v2\/product"}],"about":[{"href":"https:\/\/boreait.com\/fr\/wp-json\/wp\/v2\/types\/product"}],"wp:featuredmedia":[{"embeddable":true,"href":"https:\/\/boreait.com\/fr\/wp-json\/wp\/v2\/media\/16263"}],"wp:attachment":[{"href":"https:\/\/boreait.com\/fr\/wp-json\/wp\/v2\/media?parent=16216"}],"wp:term":[{"taxonomy":"product_brand","embeddable":true,"href":"https:\/\/boreait.com\/fr\/wp-json\/wp\/v2\/product_brand?post=16216"},{"taxonomy":"product_cat","embeddable":true,"href":"https:\/\/boreait.com\/fr\/wp-json\/wp\/v2\/product_cat?post=16216"},{"taxonomy":"product_tag","embeddable":true,"href":"https:\/\/boreait.com\/fr\/wp-json\/wp\/v2\/product_tag?post=16216"}],"curies":[{"name":"wp","href":"https:\/\/api.w.org\/{rel}","templated":true}]}}