{"id":16115,"date":"2025-09-16T16:20:33","date_gmt":"2025-09-16T14:20:33","guid":{"rendered":"https:\/\/boreait.com\/fr\/?post_type=product&#038;p=16115"},"modified":"2025-09-16T16:21:47","modified_gmt":"2025-09-16T14:21:47","slug":"carte-mere-intel-s1200bt-lga1155-atx-ipmi-2-0-chipset-c204-da0s09mb6c0-revc","status":"publish","type":"product","link":"https:\/\/boreait.com\/fr\/produit\/carte-mere-intel-s1200bt-lga1155-atx-ipmi-2-0-chipset-c204-da0s09mb6c0-revc\/","title":{"rendered":"Carte m\u00e8re Intel S1200BT LGA1155, ATX, IPMI 2.0, chipset C204, DA0S09MB6C0 REV:C"},"content":{"rendered":"<p><strong>DA0S09MB6C0 REV:C\u00a0 &#8211; Protection arri\u00e8re E\/S incluse\u00a0!<\/strong><\/p>\n<p>La carte m\u00e8re Intel\u00ae Server Board S1200BT est une carte m\u00e8re fiable et polyvalente con\u00e7ue pour les petites entreprises et les solutions serveur d&rsquo;entr\u00e9e de gamme. \u00c9quip\u00e9e d&rsquo;un socket LGA1155, elle prend en charge les processeurs Intel\u00ae Xeon s\u00e9rie E3-1200 et offre des performances exceptionnelles pour vos besoins en mati\u00e8re de serveur. Que vous installiez un ch\u00e2ssis rack ou sur pied, cette carte offre flexibilit\u00e9 et \u00e9volutivit\u00e9 aux entreprises en croissance.<\/p>\n<p>Cette carte m\u00e8re au format ATX int\u00e8gre le chipset Intel\u00ae C204, optimis\u00e9 pour les charges de travail serveur, offrant une excellente gestion des donn\u00e9es et une excellente stabilit\u00e9 du syst\u00e8me. C&rsquo;est le choix id\u00e9al pour les entreprises souhaitant installer un premier serveur ou moderniser leur infrastructure actuelle. Dot\u00e9 d&rsquo;un contr\u00f4leur de gestion de la carte m\u00e8re (BMC) int\u00e9gr\u00e9 prenant en charge IPMI 2.0, le S1200BT offre de puissantes fonctionnalit\u00e9s de gestion \u00e0 distance, permettant aux administrateurs informatiques de surveiller et de contr\u00f4ler le serveur o\u00f9 qu&rsquo;ils soient, garantissant ainsi des temps d&rsquo;arr\u00eat minimes.<\/p>\n<p>Con\u00e7ue pour des performances optimales, cette carte m\u00e8re serveur est compatible avec les racks et prend en charge l&rsquo;int\u00e9gration avec les syst\u00e8mes n\u00e9cessitant des capacit\u00e9s r\u00e9seau et de stockage avanc\u00e9es. Le chipset Intel\u00ae C204 assure \u00e9galement la compatibilit\u00e9 avec les fonctionnalit\u00e9s cl\u00e9s de l&rsquo;entreprise, telles que la gestion du stockage RAID, renfor\u00e7ant ainsi la fiabilit\u00e9 et la s\u00e9curit\u00e9 de votre configuration serveur.<\/p>\n<p>Id\u00e9ale pour les petites entreprises, la carte m\u00e8re Intel\u00ae S1200BT allie puissance, efficacit\u00e9 et facilit\u00e9 de gestion, ce qui en fait une solution \u00e9conomique pour les entreprises \u00e0 la recherche d&rsquo;un serveur d&rsquo;entr\u00e9e de gamme robuste. <\/p>\n<p><strong>Caract\u00e9ristiques principales\u00a0:<\/strong><\/p>\n<ul>\n<li><strong>Socket LGA1155<\/strong>, compatible avec les processeurs Intel\u00ae Xeon s\u00e9rie E3-1200<\/strong><\/li>\n<li><strong>Format ATX<\/strong>, adaptable aux ch\u00e2ssis rack ou socle<\/strong><\/li>\n<li><strong>Chipset Intel\u00ae C204<\/strong> pour des performances serveur optimis\u00e9es<\/li>\n<li><strong>Contr\u00f4leur de gestion de la carte m\u00e8re int\u00e9gr\u00e9 avec IPMI 2.0<\/strong> pour la gestion \u00e0 distance<\/li>\n<li>Id\u00e9al pour les petites entreprises et les nouvelles configurations de serveur<\/li>\n<li><strong>Carte compatible rack<\/strong>, con\u00e7ue pour une int\u00e9gration facile<\/li>\n<li>\u00c9quilibre parfait entre performances et \u00e9volutivit\u00e9 pour les petites entreprises<\/li>\n<\/ul>\n","protected":false},"excerpt":{"rendered":"<p>La carte m\u00e8re serveur Intel\u00ae S1200BT est une carte m\u00e8re serveur polyvalente avec socket LGA1155 et chipset Intel\u00ae C204, id\u00e9ale pour les solutions des petites entreprises. Elle prend en charge l&rsquo;IPMI 2.0 pour la gestion \u00e0 distance et est compatible avec les racks, ce qui la rend id\u00e9ale pour un d\u00e9ploiement efficace des serveurs en rack ou sur socle.<\/p>\n","protected":false},"featured_media":16163,"template":"","meta":[],"product_brand":[],"product_cat":[63],"product_tag":[],"class_list":{"0":"post-16115","1":"product","2":"type-product","3":"status-publish","4":"has-post-thumbnail","6":"product_cat-motherboards-board-parts","8":"first","9":"instock","10":"taxable","11":"shipping-taxable","12":"purchasable","13":"product-type-simple"},"_links":{"self":[{"href":"https:\/\/boreait.com\/fr\/wp-json\/wp\/v2\/product\/16115","targetHints":{"allow":["GET"]}}],"collection":[{"href":"https:\/\/boreait.com\/fr\/wp-json\/wp\/v2\/product"}],"about":[{"href":"https:\/\/boreait.com\/fr\/wp-json\/wp\/v2\/types\/product"}],"wp:featuredmedia":[{"embeddable":true,"href":"https:\/\/boreait.com\/fr\/wp-json\/wp\/v2\/media\/16163"}],"wp:attachment":[{"href":"https:\/\/boreait.com\/fr\/wp-json\/wp\/v2\/media?parent=16115"}],"wp:term":[{"taxonomy":"product_brand","embeddable":true,"href":"https:\/\/boreait.com\/fr\/wp-json\/wp\/v2\/product_brand?post=16115"},{"taxonomy":"product_cat","embeddable":true,"href":"https:\/\/boreait.com\/fr\/wp-json\/wp\/v2\/product_cat?post=16115"},{"taxonomy":"product_tag","embeddable":true,"href":"https:\/\/boreait.com\/fr\/wp-json\/wp\/v2\/product_tag?post=16115"}],"curies":[{"name":"wp","href":"https:\/\/api.w.org\/{rel}","templated":true}]}}