{"id":16097,"date":"2025-09-16T16:19:34","date_gmt":"2025-09-16T14:19:34","guid":{"rendered":"https:\/\/boreait.com\/fr\/?post_type=product&#038;p=16097"},"modified":"2026-02-07T17:05:48","modified_gmt":"2026-02-07T16:05:48","slug":"adaptateur-de-port-serie-hp-628646-001-piece-dorigine","status":"publish","type":"product","link":"https:\/\/boreait.com\/fr\/produit\/adaptateur-de-port-serie-hp-628646-001-piece-dorigine\/","title":{"rendered":"Adaptateur de port s\u00e9rie HP 628646-001 \u2013 Pi\u00e8ce d&rsquo;origine"},"content":{"rendered":"<p>Adaptateur de port s\u00e9rie HP (628646-001)<\/p>\n<p>Cet adaptateur de port s\u00e9rie HP (628646-001) est la solution id\u00e9ale pour remplacer un port s\u00e9rie d\u00e9fectueux ou manquant sur votre ordinateur HP. Il s&rsquo;adapte parfaitement et garantit la compatibilit\u00e9 avec certains mod\u00e8les HP, r\u00e9tablissant ainsi les fonctionnalit\u00e9s n\u00e9cessaires \u00e0 la communication s\u00e9rie.<\/p>\n<p>**Caract\u00e9ristiques du produit\u00a0:**<\/p>\n<p>&#8211; **Compatibilit\u00e9\u00a0:** Fonctionne avec certains mod\u00e8les HP n\u00e9cessitant l&rsquo;adaptateur de port s\u00e9rie 628646-001.<\/p>\n<p>&#8211; **R\u00e9f\u00e9rence\u00a0:** 628646-001.<\/p>\n<p>&#8211; **Fonctionnalit\u00e9\u00a0:** Permet la communication s\u00e9rie en rempla\u00e7ant les ports endommag\u00e9s ou manquants.<\/p>\n<p>&#8211; **\u00c9tat\u00a0:** Les photos montrent l&rsquo;adaptateur que vous recevrez, vous permettant ainsi de savoir exactement \u00e0 quoi vous attendre.<\/p>\n<p>**Pourquoi choisir cet adaptateur\u00a0?**<\/p>\n<p>&#8211; **R\u00e9tablit les fonctionnalit\u00e9s\u00a0:** Id\u00e9al pour r\u00e9soudre les probl\u00e8mes li\u00e9s \u00e0 un port s\u00e9rie manquant ou d\u00e9fectueux. Remplacement facile\u00a0: Conception \u00e0 montage direct, pour une installation simple et sans tracas.<br \/>\nLivraison internationale\u00a0: Livraison internationale disponible, notamment en Europe.<br \/>\nAttention\u00a0: les instructions d&rsquo;installation ne sont pas fournies. Si vous avez besoin d&rsquo;aide, n&rsquo;h\u00e9sitez pas \u00e0 nous contacter.<br \/>\nImportant\u00a0: Les images du produit montrent l&rsquo;adaptateur de port s\u00e9rie qui vous sera livr\u00e9, soigneusement inspect\u00e9 pour garantir sa qualit\u00e9.<\/p>\n","protected":false},"excerpt":{"rendered":"<p>Adaptateur de port s\u00e9rie HP (628646-001) \u2013 Pi\u00e8ce d\u2019origine, parfaite pour remplacer un adaptateur de port s\u00e9rie d\u00e9fectueux ou manquant dans les appareils HP compatibles.<\/p>\n","protected":false},"featured_media":16156,"template":"","meta":[],"product_brand":[],"product_cat":[63],"product_tag":[61],"class_list":{"0":"post-16097","1":"product","2":"type-product","3":"status-publish","4":"has-post-thumbnail","6":"product_cat-motherboards-board-parts","7":"product_tag-hp","9":"first","10":"instock","11":"taxable","12":"shipping-taxable","13":"purchasable","14":"product-type-simple"},"_links":{"self":[{"href":"https:\/\/boreait.com\/fr\/wp-json\/wp\/v2\/product\/16097","targetHints":{"allow":["GET"]}}],"collection":[{"href":"https:\/\/boreait.com\/fr\/wp-json\/wp\/v2\/product"}],"about":[{"href":"https:\/\/boreait.com\/fr\/wp-json\/wp\/v2\/types\/product"}],"wp:featuredmedia":[{"embeddable":true,"href":"https:\/\/boreait.com\/fr\/wp-json\/wp\/v2\/media\/16156"}],"wp:attachment":[{"href":"https:\/\/boreait.com\/fr\/wp-json\/wp\/v2\/media?parent=16097"}],"wp:term":[{"taxonomy":"product_brand","embeddable":true,"href":"https:\/\/boreait.com\/fr\/wp-json\/wp\/v2\/product_brand?post=16097"},{"taxonomy":"product_cat","embeddable":true,"href":"https:\/\/boreait.com\/fr\/wp-json\/wp\/v2\/product_cat?post=16097"},{"taxonomy":"product_tag","embeddable":true,"href":"https:\/\/boreait.com\/fr\/wp-json\/wp\/v2\/product_tag?post=16097"}],"curies":[{"name":"wp","href":"https:\/\/api.w.org\/{rel}","templated":true}]}}