{"id":16077,"date":"2025-09-16T16:18:42","date_gmt":"2025-09-16T14:18:42","guid":{"rendered":"https:\/\/boreait.com\/fr\/?post_type=product&#038;p=16077"},"modified":"2025-09-16T16:21:30","modified_gmt":"2025-09-16T14:21:30","slug":"module-de-memoire-16-go-2rx4-pc3l-12800r-hmt42gr7afr4a-pb-pour-ordinateur-de-bureau","status":"publish","type":"product","link":"https:\/\/boreait.com\/fr\/produit\/module-de-memoire-16-go-2rx4-pc3l-12800r-hmt42gr7afr4a-pb-pour-ordinateur-de-bureau\/","title":{"rendered":"Module de m\u00e9moire 16 Go 2Rx4 PC3L 12800R HMT42GR7AFR4A-PB pour ordinateur de bureau"},"content":{"rendered":"<p>Module m\u00e9moire 16 Go 2Rx4 PC3L 12800R (HMT42GR7AFR4A-PB) pour ordinateur de bureau<\/p>\n<p>Am\u00e9liorez les performances de votre ordinateur de bureau avec ce module m\u00e9moire 16 Go de haute qualit\u00e9. Compatible avec diff\u00e9rents syst\u00e8mes, ce module est id\u00e9al pour mettre \u00e0 niveau la m\u00e9moire de votre ordinateur et am\u00e9liorer sa vitesse et ses capacit\u00e9s multit\u00e2ches.<\/p>\n<p>**Caract\u00e9ristiques du produit\u00a0:**<\/p>\n<p>&#8211; **Taille de la m\u00e9moire\u00a0:** 16 Go<\/p>\n<p>&#8211; **Type\u00a0:** 2Rx4 PC3L 12800R<\/p>\n<p>&#8211; **Num\u00e9ro de mod\u00e8le\u00a0:** HMT42GR7AFR4A-PB<\/p>\n<p>&#8211; **Compatibilit\u00e9\u00a0:** Id\u00e9al pour les ordinateurs de bureau n\u00e9cessitant une m\u00e9moire DDR3 d&rsquo;une vitesse de 12\u00a0800 MT\/s.<\/p>\n<p>&#8211; **Qualit\u00e9\u00a0:** Module m\u00e9moire d&rsquo;origine con\u00e7u pour des performances fiables. <\/p>\n<p>**Pourquoi choisir ce module de m\u00e9moire\u00a0?**<\/p>\n<p>&#8211; **Performances am\u00e9lior\u00e9es\u00a0:** Id\u00e9al pour am\u00e9liorer la vitesse et l&rsquo;efficacit\u00e9 de votre syst\u00e8me, notamment pour les applications exigeantes et le multit\u00e2che.<\/p>\n<p>&#8211; **Mise \u00e0 niveau facile\u00a0:** Installation simple, vous permettant d&rsquo;optimiser les capacit\u00e9s de votre ordinateur de bureau en toute simplicit\u00e9.<\/p>\n<p>&#8211; **Livraison internationale\u00a0:** Disponible \u00e0 l&rsquo;achat et \u00e0 la livraison dans le monde entier, en particulier en Europe.<\/p>\n<p>Veuillez noter que les instructions d&rsquo;installation ne sont pas incluses. Si vous avez besoin d&rsquo;aide ou si vous avez des questions, n&rsquo;h\u00e9sitez pas \u00e0 nous contacter. Notre \u00e9quipe est l\u00e0 pour vous aider \u00e0 effectuer la mise \u00e0 niveau en toute simplicit\u00e9.<\/p>\n<p>**Important\u00a0:** Les photos de cette annonce montrent le module de m\u00e9moire exact que vous recevrez. Chaque composant est inspect\u00e9 pour garantir sa qualit\u00e9 et ses performances.<\/p>\n","protected":false},"excerpt":{"rendered":"<p>Module m\u00e9moire 16 Go 2Rx4 PC3L 12800R (HMT42GR7AFR4A-PB) pour ordinateurs de bureau. Am\u00e9liorez les performances de votre syst\u00e8me avec ce module m\u00e9moire fiable, id\u00e9al pour optimiser le multit\u00e2che et la vitesse globale.<\/p>\n","protected":false},"featured_media":16143,"template":"","meta":[],"product_brand":[],"product_cat":[76,72],"product_tag":[],"class_list":{"0":"post-16077","1":"product","2":"type-product","3":"status-publish","4":"has-post-thumbnail","6":"product_cat-ddr4","7":"product_cat-ram-memory","9":"first","10":"instock","11":"taxable","12":"shipping-taxable","13":"purchasable","14":"product-type-simple"},"_links":{"self":[{"href":"https:\/\/boreait.com\/fr\/wp-json\/wp\/v2\/product\/16077","targetHints":{"allow":["GET"]}}],"collection":[{"href":"https:\/\/boreait.com\/fr\/wp-json\/wp\/v2\/product"}],"about":[{"href":"https:\/\/boreait.com\/fr\/wp-json\/wp\/v2\/types\/product"}],"wp:featuredmedia":[{"embeddable":true,"href":"https:\/\/boreait.com\/fr\/wp-json\/wp\/v2\/media\/16143"}],"wp:attachment":[{"href":"https:\/\/boreait.com\/fr\/wp-json\/wp\/v2\/media?parent=16077"}],"wp:term":[{"taxonomy":"product_brand","embeddable":true,"href":"https:\/\/boreait.com\/fr\/wp-json\/wp\/v2\/product_brand?post=16077"},{"taxonomy":"product_cat","embeddable":true,"href":"https:\/\/boreait.com\/fr\/wp-json\/wp\/v2\/product_cat?post=16077"},{"taxonomy":"product_tag","embeddable":true,"href":"https:\/\/boreait.com\/fr\/wp-json\/wp\/v2\/product_tag?post=16077"}],"curies":[{"name":"wp","href":"https:\/\/api.w.org\/{rel}","templated":true}]}}