{"id":16021,"date":"2025-09-16T16:16:16","date_gmt":"2025-09-16T14:16:16","guid":{"rendered":"https:\/\/boreait.com\/fr\/?post_type=product&#038;p=16021"},"modified":"2025-09-16T16:19:03","modified_gmt":"2025-09-16T14:19:03","slug":"disque-dur-fujitsu-lifebook-u745-wd3200aaks-320-go-sata-35-piece-de-rechange","status":"publish","type":"product","link":"https:\/\/boreait.com\/fr\/produit\/disque-dur-fujitsu-lifebook-u745-wd3200aaks-320-go-sata-35-piece-de-rechange\/","title":{"rendered":"Disque dur Fujitsu Lifebook U745 WD3200AAKS 320 Go SATA 3,5&Prime; &#8211; Pi\u00e8ce de rechange"},"content":{"rendered":"<p>100 % DE SANT\u00c9<\/p>\n<p>Redynamisez votre ordinateur avec le disque dur Western Digital Caviar Blue WD3200AAKS 320 Go SATA 3,5&Prime;, une pi\u00e8ce de rechange haut de gamme. Ce disque dur de 320 Go allie fiabilit\u00e9 et performances, garantissant le bon fonctionnement et l&rsquo;efficacit\u00e9 de votre syst\u00e8me. Avec un \u00e9tat de sant\u00e9 optimal, vous pouvez \u00eatre s\u00fbr que ce disque fournira la capacit\u00e9 de stockage n\u00e9cessaire pour vos fichiers, applications et m\u00e9dias.<\/p>\n<p>Con\u00e7u pour sa polyvalence, le WD3200AAKS est id\u00e9al pour mettre \u00e0 niveau votre configuration existante ou pour remplacer un disque d\u00e9faillant. Son interface SATA garantit des transferts de donn\u00e9es rapides, tandis que sa conception robuste assure sa durabilit\u00e9, ce qui le rend parfait pour une utilisation quotidienne \u00e0 la maison comme au bureau.<\/p>\n<p>Que vous soyez un joueur \u00e0 la recherche d&rsquo;espace suppl\u00e9mentaire, un professionnel ayant besoin d&rsquo;un stockage fiable pour ses fichiers importants, ou simplement quelqu&rsquo;un souhaitant maintenir son syst\u00e8me en parfait \u00e9tat de fonctionnement, le disque dur Western Digital Caviar Blue est la solution id\u00e9ale. Am\u00e9liorez votre exp\u00e9rience informatique avec ce disque de rechange essentiel. Partie aujourd&rsquo;hui\u00a0!<\/p>\n<h3><\/h3>\n","protected":false},"excerpt":{"rendered":"<p>D\u00e9couvrez des pi\u00e8ces d\u00e9tach\u00e9es informatiques de qualit\u00e9 sup\u00e9rieure avec le disque dur SATA Western Digital Caviar Blue WD3200AAKS 320 Go. Cette solution de stockage fiable offre une int\u00e9grit\u00e9 et des performances optimales, ce qui en fait le choix id\u00e9al pour la mise \u00e0 niveau ou la r\u00e9paration de votre ordinateur. Parfait pour un usage personnel ou professionnel, il offre une vitesse et une efficacit\u00e9 exceptionnelles.<\/p>\n","protected":false},"featured_media":16083,"template":"","meta":[],"product_brand":[],"product_cat":[89,67],"product_tag":[],"class_list":{"0":"post-16021","1":"product","2":"type-product","3":"status-publish","4":"has-post-thumbnail","6":"product_cat-3-5-hdd","7":"product_cat-ssd-hdd-drives","9":"first","10":"instock","11":"taxable","12":"shipping-taxable","13":"purchasable","14":"product-type-simple"},"_links":{"self":[{"href":"https:\/\/boreait.com\/fr\/wp-json\/wp\/v2\/product\/16021","targetHints":{"allow":["GET"]}}],"collection":[{"href":"https:\/\/boreait.com\/fr\/wp-json\/wp\/v2\/product"}],"about":[{"href":"https:\/\/boreait.com\/fr\/wp-json\/wp\/v2\/types\/product"}],"wp:featuredmedia":[{"embeddable":true,"href":"https:\/\/boreait.com\/fr\/wp-json\/wp\/v2\/media\/16083"}],"wp:attachment":[{"href":"https:\/\/boreait.com\/fr\/wp-json\/wp\/v2\/media?parent=16021"}],"wp:term":[{"taxonomy":"product_brand","embeddable":true,"href":"https:\/\/boreait.com\/fr\/wp-json\/wp\/v2\/product_brand?post=16021"},{"taxonomy":"product_cat","embeddable":true,"href":"https:\/\/boreait.com\/fr\/wp-json\/wp\/v2\/product_cat?post=16021"},{"taxonomy":"product_tag","embeddable":true,"href":"https:\/\/boreait.com\/fr\/wp-json\/wp\/v2\/product_tag?post=16021"}],"curies":[{"name":"wp","href":"https:\/\/api.w.org\/{rel}","templated":true}]}}