{"id":15999,"date":"2025-09-16T16:15:21","date_gmt":"2025-09-16T14:15:21","guid":{"rendered":"https:\/\/boreait.com\/fr\/?post_type=product&#038;p=15999"},"modified":"2025-09-16T16:18:18","modified_gmt":"2025-09-16T14:18:18","slug":"cadre-de-clavier-dorigine-doccasion-pour-dell-latitude-e7250-cn-06k74c","status":"publish","type":"product","link":"https:\/\/boreait.com\/fr\/produit\/cadre-de-clavier-dorigine-doccasion-pour-dell-latitude-e7250-cn-06k74c\/","title":{"rendered":"Cadre de clavier d&rsquo;origine d&rsquo;occasion pour Dell Latitude E7250 CN-06K74C"},"content":{"rendered":"<p>Cadre de clavier Dell Latitude E7250 d&rsquo;occasion (CN-06K74C)<\/p>\n<p>Am\u00e9liorez ou r\u00e9parez votre Dell Latitude E7250 avec ce cadre de clavier d&rsquo;occasion d&rsquo;origine. Cette pi\u00e8ce est essentielle pour pr\u00e9server l&rsquo;int\u00e9grit\u00e9 esth\u00e9tique et structurelle de votre ordinateur portable. Elle remplace tout cadre endommag\u00e9 ou us\u00e9 et lui assure un aspect professionnel.<\/p>\n<p>**Caract\u00e9ristiques du produit\u00a0:**<\/p>\n<p>&#8211; **Compatibilit\u00e9\u00a0:** Sp\u00e9cialement con\u00e7u pour le mod\u00e8le d&rsquo;ordinateur portable Dell Latitude E7250.<\/p>\n<p>&#8211; **R\u00e9f\u00e9rence\u00a0:** CN-06K74C, pour un ajustement parfait.<\/p>\n<p>&#8211; **Qualit\u00e9\u00a0:** Pi\u00e8ce de rechange d&rsquo;origine pour des performances fiables et une longue dur\u00e9e de vie.<\/p>\n<p>&#8211; **\u00c9tat\u00a0:** Il s&rsquo;agit d&rsquo;une pi\u00e8ce d&rsquo;occasion. Les photos de cette annonce montrent le cadre exact que vous recevrez, mettant en \u00e9vidence son \u00e9tat actuel. <\/p>\n<p>**Pourquoi choisir ce cadre de clavier\u00a0?**<\/p>\n<p>&#8211; **Restaure l&rsquo;apparence\u00a0:** Id\u00e9al pour remplacer un cadre fissur\u00e9 ou endommag\u00e9, il embellit votre appareil.<\/p>\n<p>&#8211; **Remplacement direct\u00a0:** Con\u00e7u pour une installation facile sans aucune modification.<\/p>\n<p>&#8211; **Livraison internationale\u00a0:** Disponible \u00e0 l&rsquo;achat et \u00e0 la livraison dans le monde entier, en particulier en Europe.<\/p>\n<p>Veuillez noter que les instructions d&rsquo;installation ne sont pas fournies. Si vous avez besoin d&rsquo;aide pour l&rsquo;installation, n&rsquo;h\u00e9sitez pas \u00e0 nous contacter. Notre \u00e9quipe est l\u00e0 pour vous aider \u00e0 effectuer le remplacement en toute simplicit\u00e9.<\/p>\n<p>**Important\u00a0:** Les photos de cette annonce repr\u00e9sentent le cadre de clavier exact que vous recevrez. La qualit\u00e9 de chaque pi\u00e8ce est contr\u00f4l\u00e9e afin de garantir votre satisfaction.<\/p>\n","protected":false},"excerpt":{"rendered":"<p>Cadre de clavier d&rsquo;origine Dell Latitude E7250 (CN-06K74C) \u2013 Pi\u00e8ce de rechange d&rsquo;occasion. Restaurez l&rsquo;apparence et les fonctionnalit\u00e9s de votre Dell Latitude E7250 gr\u00e2ce \u00e0 ce cadre de clavier de haute qualit\u00e9, con\u00e7u pour remplacer les cadres endommag\u00e9s ou us\u00e9s.<\/p>\n","protected":false},"featured_media":16069,"template":"","meta":[],"product_brand":[],"product_cat":[52],"product_tag":[53],"class_list":{"0":"post-15999","1":"product","2":"type-product","3":"status-publish","4":"has-post-thumbnail","6":"product_cat-laptop-housing","7":"product_tag-dell","9":"first","10":"instock","11":"taxable","12":"shipping-taxable","13":"purchasable","14":"product-type-simple"},"_links":{"self":[{"href":"https:\/\/boreait.com\/fr\/wp-json\/wp\/v2\/product\/15999","targetHints":{"allow":["GET"]}}],"collection":[{"href":"https:\/\/boreait.com\/fr\/wp-json\/wp\/v2\/product"}],"about":[{"href":"https:\/\/boreait.com\/fr\/wp-json\/wp\/v2\/types\/product"}],"wp:featuredmedia":[{"embeddable":true,"href":"https:\/\/boreait.com\/fr\/wp-json\/wp\/v2\/media\/16069"}],"wp:attachment":[{"href":"https:\/\/boreait.com\/fr\/wp-json\/wp\/v2\/media?parent=15999"}],"wp:term":[{"taxonomy":"product_brand","embeddable":true,"href":"https:\/\/boreait.com\/fr\/wp-json\/wp\/v2\/product_brand?post=15999"},{"taxonomy":"product_cat","embeddable":true,"href":"https:\/\/boreait.com\/fr\/wp-json\/wp\/v2\/product_cat?post=15999"},{"taxonomy":"product_tag","embeddable":true,"href":"https:\/\/boreait.com\/fr\/wp-json\/wp\/v2\/product_tag?post=15999"}],"curies":[{"name":"wp","href":"https:\/\/api.w.org\/{rel}","templated":true}]}}