{"id":15998,"date":"2025-09-16T16:15:20","date_gmt":"2025-09-16T14:15:20","guid":{"rendered":"https:\/\/boreait.com\/fr\/?post_type=product&#038;p=15998"},"modified":"2025-09-16T16:18:10","modified_gmt":"2025-09-16T14:18:10","slug":"clavier-de-remplacement-dorigine-dell-latitude-e7250-reference-0wvfrg","status":"publish","type":"product","link":"https:\/\/boreait.com\/fr\/produit\/clavier-de-remplacement-dorigine-dell-latitude-e7250-reference-0wvfrg\/","title":{"rendered":"Clavier de remplacement d&rsquo;origine Dell Latitude E7250 (r\u00e9f\u00e9rence\u00a0: 0wvfrg)"},"content":{"rendered":"<p>Clavier Dell Latitude E7250 d&rsquo;occasion authentique \u2013 R\u00e9f. Dell\u00a0: 0wvfrg<\/p>\n<p>Am\u00e9liorez ou r\u00e9parez votre Dell Latitude E7250 avec ce clavier d&rsquo;occasion authentique, r\u00e9f. Dell\u00a0: 0wvfrg. Ce clavier est une excellente solution de remplacement pour les touches cass\u00e9es, inactives ou manquantes, garantissant ainsi le bon fonctionnement de votre ordinateur portable.<\/p>\n<p>**Caract\u00e9ristiques du produit\u00a0:**<\/p>\n<p>&#8211; **Compatibilit\u00e9\u00a0:** Con\u00e7u sp\u00e9cifiquement pour le mod\u00e8le Dell Latitude E7250.<\/p>\n<p>&#8211; **R\u00e9f\u00e9rence\u00a0:** R\u00e9f. Dell\u00a0: 0wvfrg.<\/p>\n<p>&#8211; **\u00c9tat\u00a0:** Utilis\u00e9 et fonctionnel, pr\u00eat \u00e0 remplacer votre ancien clavier.<\/p>\n<p>&#8211; **Performances fiables\u00a0:** Restaure la fonctionnalit\u00e9 de frappe. Photos r\u00e9elles fournies pour illustrer l&rsquo;\u00e9tat exact de la pi\u00e8ce que vous recevrez.<\/p>\n<p>**Pourquoi choisir ce clavier\u00a0?**<\/p>\n<p>&#8211; **Ajustement parfait\u00a0:** Remplacement direct de votre clavier Dell Latitude E7250 actuel.<br \/>\n**Aucune modification suppl\u00e9mentaire**\u00a0: Installation facile pour une r\u00e9paration rapide et sans tracas.<\/p>\n<p>**Livraison internationale**\u00a0: Livraison disponible dans le monde entier, en particulier en Europe.<\/p>\n<p>**Veuillez noter que les instructions d&rsquo;installation ne sont pas fournies. Si vous avez besoin d&rsquo;aide pour l&rsquo;installation, n&rsquo;h\u00e9sitez pas \u00e0 nous contacter. Nous serons ravis de vous accompagner tout au long du processus.<\/p>\n<p>**Important**\u00a0: Les photos de cette annonce repr\u00e9sentent le clavier exact que vous recevrez. Chaque pi\u00e8ce a \u00e9t\u00e9 inspect\u00e9e afin de garantir sa conformit\u00e9 \u00e0 nos normes de qualit\u00e9.<\/p>\n","protected":false},"excerpt":{"rendered":"<p>Clavier Dell Latitude E7250 d&rsquo;occasion authentique \u2013 R\u00e9f. Dell\u00a0: 0wvfrg. Ce clavier est id\u00e9al pour remplacer les touches d\u00e9fectueuses ou us\u00e9es de votre Dell Latitude E7250, garantissant une frappe fiable.<\/p>\n","protected":false},"featured_media":16064,"template":"","meta":[],"product_brand":[],"product_cat":[71],"product_tag":[53],"class_list":{"0":"post-15998","1":"product","2":"type-product","3":"status-publish","4":"has-post-thumbnail","6":"product_cat-laptop-keyboard","7":"product_tag-dell","9":"first","10":"instock","11":"taxable","12":"shipping-taxable","13":"purchasable","14":"product-type-simple"},"_links":{"self":[{"href":"https:\/\/boreait.com\/fr\/wp-json\/wp\/v2\/product\/15998","targetHints":{"allow":["GET"]}}],"collection":[{"href":"https:\/\/boreait.com\/fr\/wp-json\/wp\/v2\/product"}],"about":[{"href":"https:\/\/boreait.com\/fr\/wp-json\/wp\/v2\/types\/product"}],"wp:featuredmedia":[{"embeddable":true,"href":"https:\/\/boreait.com\/fr\/wp-json\/wp\/v2\/media\/16064"}],"wp:attachment":[{"href":"https:\/\/boreait.com\/fr\/wp-json\/wp\/v2\/media?parent=15998"}],"wp:term":[{"taxonomy":"product_brand","embeddable":true,"href":"https:\/\/boreait.com\/fr\/wp-json\/wp\/v2\/product_brand?post=15998"},{"taxonomy":"product_cat","embeddable":true,"href":"https:\/\/boreait.com\/fr\/wp-json\/wp\/v2\/product_cat?post=15998"},{"taxonomy":"product_tag","embeddable":true,"href":"https:\/\/boreait.com\/fr\/wp-json\/wp\/v2\/product_tag?post=15998"}],"curies":[{"name":"wp","href":"https:\/\/api.w.org\/{rel}","templated":true}]}}